{"id":741699,"date":"2025-08-28T00:55:06","date_gmt":"2025-08-27T21:55:06","guid":{"rendered":"https:\/\/roveyayinevi.com.tr\/index.php\/urun\/endise-tedavisi\/"},"modified":"2026-04-16T02:52:50","modified_gmt":"2026-04-15T23:52:50","slug":"endise-tedavisi","status":"publish","type":"product","link":"https:\/\/roveyayinevi.com.tr\/index.php\/urun\/endise-tedavisi\/","title":{"rendered":"Endi\u015fe Tedavisi"},"content":{"rendered":"<p>Bu kitap sayesinde, endi\u015feleriniz olmadan, yeni insanlara yakla\u015fabilir, topluluk i\u00e7inde daha kolay konu\u015fabilir, zorlay\u0131c\u0131 i\u015fler alabilir, daha \u00f6nce almad\u0131\u011f\u0131n\u0131z riskleri alabilir, bug\u00fcn olduklar\u0131 haliyle ili\u015fkilerinizin tad\u0131n\u0131 \u00e7\u0131karabilir, insanlar\u0131n i\u015finizle ilgili ne d\u00fc\u015f\u00fcnd\u00fc\u011f\u00fc yerine, i\u015finize odaklanabilir, ertelemenin \u00fcstesinden gelebilir ve bug\u00fcn hayat\u0131n\u0131zdan daha fazla yararlanabilirsiniz. Nas\u0131l m\u0131? \u015eu 7 ad\u0131m\u0131 uygulayarak: 1.      Yararl\u0131 ve yarars\u0131z endi\u015feyi belirleyin. 2.      Ger\u00e7e\u011fi kabul edin ve de\u011fi\u015fmeye kararl\u0131 olun. 3.      Endi\u015feli d\u00fc\u015f\u00fcnce \u015fekline meydan okuyun. 4.      Daha derindeki tehdide odaklan\u0131n. 5.      Ba\u015far\u0131s\u0131zl\u0131klar\u0131 f\u0131rsata \u00e7evirin. 6.      Duygular\u0131n\u0131zla ilgili endi\u015fe duymak yerine onlar\u0131 kullan\u0131n. 7.      Zaman y\u00f6netimini ele ge\u00e7irin.   \u2018M\u00fckemmel bir kitap! Kendi kendini de\u011ferlendirme \u00f6l\u00e7ekleri her okuyucunun ki\u015fisel endi\u015fe alanlar\u0131n\u0131 daralt\u0131yor, hayatlar\u0131n\u0131 d\u00f6n\u00fc\u015ft\u00fcr\u00fcc\u00fc de\u011fi\u015fiklikler yapmada onlara destek oluyor ve endi\u015fenin \u00fcstesinden gelmede anlamas\u0131 kolay ve ad\u0131m ad\u0131m uygulanan y\u00f6ntemleriyle ara\u015ft\u0131rmaya dayal\u0131 kullan\u0131\u015fl\u0131 ara\u00e7lar sa\u011fl\u0131yor.\u2019 Dr. Monica Ramirez Basco <\/p>\n","protected":false},"excerpt":{"rendered":"<p>Bu kitap sayesinde, endi\u015feleriniz olmadan, yeni insanlara yakla\u015fabilir, topluluk i\u00e7inde daha kolay konu\u015fabilir, zorlay\u0131c\u0131 i\u015fler alabilir, daha \u00f6nce almad\u0131\u011f\u0131n\u0131z riskleri alabilir, bug\u00fcn olduklar\u0131 haliyle ili\u015fkilerinizin tad\u0131n\u0131<span class=\"excerpt-hellip\"> [\u2026]<\/span><\/p>\n","protected":false},"featured_media":0,"template":"","meta":{"_monsterinsights_skip_tracking":false,"_monsterinsights_sitenote_active":false,"_monsterinsights_sitenote_note":"","_monsterinsights_sitenote_category":0},"product_brand":[],"product_cat":[12358,12357],"product_tag":[],"class_list":{"0":"post-741699","1":"product","2":"type-product","3":"status-publish","5":"product_cat-genel-psikoloji","6":"product_cat-psikoloji","7":"pa_cilt-ciltsiz","8":"pa_tur-kitap","9":"pa_yayinevi-psikonet-yayinlari","10":"pa_yazar-robert-l-leahy","12":"first","13":"instock","14":"sale","15":"shipping-taxable","16":"purchasable","17":"product-type-simple"},"_links":{"self":[{"href":"https:\/\/roveyayinevi.com.tr\/index.php\/wp-json\/wp\/v2\/product\/741699","targetHints":{"allow":["GET"]}}],"collection":[{"href":"https:\/\/roveyayinevi.com.tr\/index.php\/wp-json\/wp\/v2\/product"}],"about":[{"href":"https:\/\/roveyayinevi.com.tr\/index.php\/wp-json\/wp\/v2\/types\/product"}],"wp:attachment":[{"href":"https:\/\/roveyayinevi.com.tr\/index.php\/wp-json\/wp\/v2\/media?parent=741699"}],"wp:term":[{"taxonomy":"product_brand","embeddable":true,"href":"https:\/\/roveyayinevi.com.tr\/index.php\/wp-json\/wp\/v2\/product_brand?post=741699"},{"taxonomy":"product_cat","embeddable":true,"href":"https:\/\/roveyayinevi.com.tr\/index.php\/wp-json\/wp\/v2\/product_cat?post=741699"},{"taxonomy":"product_tag","embeddable":true,"href":"https:\/\/roveyayinevi.com.tr\/index.php\/wp-json\/wp\/v2\/product_tag?post=741699"}],"curies":[{"name":"wp","href":"https:\/\/api.w.org\/{rel}","templated":true}]}}