{"id":741698,"date":"2025-08-28T00:55:05","date_gmt":"2025-08-27T21:55:05","guid":{"rendered":"https:\/\/roveyayinevi.com.tr\/index.php\/urun\/ikiz-kod\/"},"modified":"2026-04-16T02:52:50","modified_gmt":"2026-04-15T23:52:50","slug":"ikiz-kod","status":"publish","type":"product","link":"https:\/\/roveyayinevi.com.tr\/index.php\/urun\/ikiz-kod\/","title":{"rendered":"\u0130kiz Kod"},"content":{"rendered":"<p>Ger\u00e7ek, sand\u0131\u011f\u0131n\u0131z kadar ger\u00e7ek olmayabilir! Gen\u00e7 Vincent\u2019\u0131n tek iste\u011fi ya\u015f\u0131tlar\u0131 gibi normal bir hayat s\u00fcrmektir. Ancak d\u00fcnyan\u0131n yapay zek\u00e2 taraf\u0131ndan y\u00f6netildi\u011fi ve t\u00fcm insanl\u0131\u011f\u0131n sosyal kredi sistemine tabi tutuldu\u011fu distopik bir gelecekte i\u015fi hi\u00e7 de kolay de\u011fildir. Annesini u\u00e7ak kazas\u0131nda yitiren ve mekanik hayvanlar\u0131 tamir ederek ge\u00e7inmeye \u00e7al\u0131\u015fan Vincent\u2019\u0131n hayat\u0131, Alina Sartorius adl\u0131 gizemli bir kad\u0131n\u0131n ziyaretiyle ans\u0131z\u0131n de\u011fi\u015fir. Art\u0131k Vincent i\u00e7in hem annesinin s\u0131r dolu ge\u00e7mi\u015fiyle hem de d\u00fcnyaya h\u00fckmeden karanl\u0131k sistemle y\u00fczle\u015fme vakti gelmi\u015ftir.   Karanl\u0131k G\u00fcr\u00fclt\u00fc ve Yapay Tanr\u0131 kitaplar\u0131yla tan\u0131d\u0131\u011f\u0131m\u0131z Margit Ruile\u2019den sim\u00fclasyonun ger\u00e7ekle i\u00e7 i\u00e7e ge\u00e7ti\u011fi s\u00fcr\u00fckleyici bir macera daha.   \u201cGer\u00e7eklikten sanal d\u00fcnyaya ta\u015fan heyecan verici bir av oyunu.\u201d Straubinger Tagblatt<\/p>\n","protected":false},"excerpt":{"rendered":"<p>Ger\u00e7ek, sand\u0131\u011f\u0131n\u0131z kadar ger\u00e7ek olmayabilir! Gen\u00e7 Vincent\u2019\u0131n tek iste\u011fi ya\u015f\u0131tlar\u0131 gibi normal bir hayat s\u00fcrmektir. Ancak d\u00fcnyan\u0131n yapay zek\u00e2 taraf\u0131ndan y\u00f6netildi\u011fi ve t\u00fcm insanl\u0131\u011f\u0131n sosyal kredi<span class=\"excerpt-hellip\"> [\u2026]<\/span><\/p>\n","protected":false},"featured_media":0,"template":"","meta":{"_monsterinsights_skip_tracking":false,"_monsterinsights_sitenote_active":false,"_monsterinsights_sitenote_note":"","_monsterinsights_sitenote_category":0},"product_brand":[],"product_cat":[12540,12291],"product_tag":[],"class_list":{"0":"post-741698","1":"product","2":"type-product","3":"status-publish","5":"product_cat-bilim-kurgu","6":"product_cat-edebiyat","7":"pa_cilt-ciltsiz","8":"pa_tur-kitap","9":"pa_yayinevi-eksik-parca-yayinlari","10":"pa_yazar-margit-ruile","12":"first","13":"instock","14":"sale","15":"shipping-taxable","16":"purchasable","17":"product-type-simple"},"_links":{"self":[{"href":"https:\/\/roveyayinevi.com.tr\/index.php\/wp-json\/wp\/v2\/product\/741698","targetHints":{"allow":["GET"]}}],"collection":[{"href":"https:\/\/roveyayinevi.com.tr\/index.php\/wp-json\/wp\/v2\/product"}],"about":[{"href":"https:\/\/roveyayinevi.com.tr\/index.php\/wp-json\/wp\/v2\/types\/product"}],"wp:attachment":[{"href":"https:\/\/roveyayinevi.com.tr\/index.php\/wp-json\/wp\/v2\/media?parent=741698"}],"wp:term":[{"taxonomy":"product_brand","embeddable":true,"href":"https:\/\/roveyayinevi.com.tr\/index.php\/wp-json\/wp\/v2\/product_brand?post=741698"},{"taxonomy":"product_cat","embeddable":true,"href":"https:\/\/roveyayinevi.com.tr\/index.php\/wp-json\/wp\/v2\/product_cat?post=741698"},{"taxonomy":"product_tag","embeddable":true,"href":"https:\/\/roveyayinevi.com.tr\/index.php\/wp-json\/wp\/v2\/product_tag?post=741698"}],"curies":[{"name":"wp","href":"https:\/\/api.w.org\/{rel}","templated":true}]}}