{"id":741697,"date":"2025-08-28T00:55:04","date_gmt":"2025-08-27T21:55:04","guid":{"rendered":"https:\/\/roveyayinevi.com.tr\/index.php\/urun\/kurtlasmak\/"},"modified":"2026-04-16T02:52:50","modified_gmt":"2026-04-15T23:52:50","slug":"kurtlasmak","status":"publish","type":"product","link":"https:\/\/roveyayinevi.com.tr\/index.php\/urun\/kurtlasmak\/","title":{"rendered":"Kurtla\u015fmak"},"content":{"rendered":"<p>Evinden bir kez ayr\u0131ld\u0131\u011f\u0131nda art\u0131k sonsuza dek yabanc\u0131s\u0131n demektir\u2026   Londra\u2019da bir s\u00fcpermarkette g\u00fcvenlik g\u00f6revlisi olarak \u00e7al\u0131\u015fan Weston Kogi, halas\u0131n\u0131n cenaze t\u00f6renine kat\u0131lmak \u00fczere Bat\u0131 Afrika\u2019ya d\u00f6nmek zorunda kal\u0131r. Y\u0131llar \u00f6nce ard\u0131nda b\u0131rakt\u0131\u011f\u0131 insanlarla tekrar kar\u015f\u0131la\u015fmas\u0131 ve kendisini bir cinayet dedektifi olarak tan\u0131tmas\u0131 sonucu, iki farkl\u0131 ayr\u0131l\u0131k\u00e7\u0131 grup taraf\u0131ndan yerel kahraman Papa Busi\u2019nin gizemli cinayetini ara\u015ft\u0131rmaya zorlan\u0131r. Ancak cinayetin ard\u0131ndaki ger\u00e7ek, \u00fclkeyi i\u00e7 sava\u015fa s\u00fcr\u00fckleyebilecek kadar tehlikelidir. Arthur C. Clarke \u00f6d\u00fcll\u00fc bilimkurgu roman\u0131 Rosewater \u00fc\u00e7lemesiyle tan\u0131d\u0131\u011f\u0131m\u0131z Tade Thompson\u2019\u0131n ilk roman\u0131 Kurtla\u015fmak, yak\u0131c\u0131 g\u00fcne\u015fin alt\u0131nda s\u00fcregiden ve vah\u015feti hi\u00e7 dinmeyen bir eve d\u00f6n\u00fc\u015f hik\u00e2yesi\u2026   \u201cMuhte\u015fem bir g\u00fc\u00e7 g\u00f6sterisi\u201d Adrian Tchaikovsky   \u201cZekice. S\u00fcr\u00fckleyici. \u0130nan\u0131lmaz!\u201d Ann Leckie   \u201cSert, inat\u00e7\u0131 ve d\u00fc\u015f\u00fcnd\u00fcr\u00fcc\u00fc\u2026\u201d M. W. Craven <\/p>\n","protected":false},"excerpt":{"rendered":"<p>Evinden bir kez ayr\u0131ld\u0131\u011f\u0131nda art\u0131k sonsuza dek yabanc\u0131s\u0131n demektir\u2026 Londra\u2019da bir s\u00fcpermarkette g\u00fcvenlik g\u00f6revlisi olarak \u00e7al\u0131\u015fan Weston Kogi, halas\u0131n\u0131n cenaze t\u00f6renine kat\u0131lmak \u00fczere Bat\u0131 Afrika\u2019ya d\u00f6nmek<span class=\"excerpt-hellip\"> [\u2026]<\/span><\/p>\n","protected":false},"featured_media":0,"template":"","meta":{"_monsterinsights_skip_tracking":false,"_monsterinsights_sitenote_active":false,"_monsterinsights_sitenote_note":"","_monsterinsights_sitenote_category":0},"product_brand":[],"product_cat":[12291,17033],"product_tag":[],"class_list":{"0":"post-741697","1":"product","2":"type-product","3":"status-publish","5":"product_cat-edebiyat","6":"product_cat-korku-gerilim","7":"pa_cilt-ciltsiz","8":"pa_tur-kitap","9":"pa_yayinevi-eksik-parca-yayinlari","10":"pa_yazar-tade-thompson","12":"first","13":"instock","14":"sale","15":"shipping-taxable","16":"purchasable","17":"product-type-simple"},"_links":{"self":[{"href":"https:\/\/roveyayinevi.com.tr\/index.php\/wp-json\/wp\/v2\/product\/741697","targetHints":{"allow":["GET"]}}],"collection":[{"href":"https:\/\/roveyayinevi.com.tr\/index.php\/wp-json\/wp\/v2\/product"}],"about":[{"href":"https:\/\/roveyayinevi.com.tr\/index.php\/wp-json\/wp\/v2\/types\/product"}],"wp:attachment":[{"href":"https:\/\/roveyayinevi.com.tr\/index.php\/wp-json\/wp\/v2\/media?parent=741697"}],"wp:term":[{"taxonomy":"product_brand","embeddable":true,"href":"https:\/\/roveyayinevi.com.tr\/index.php\/wp-json\/wp\/v2\/product_brand?post=741697"},{"taxonomy":"product_cat","embeddable":true,"href":"https:\/\/roveyayinevi.com.tr\/index.php\/wp-json\/wp\/v2\/product_cat?post=741697"},{"taxonomy":"product_tag","embeddable":true,"href":"https:\/\/roveyayinevi.com.tr\/index.php\/wp-json\/wp\/v2\/product_tag?post=741697"}],"curies":[{"name":"wp","href":"https:\/\/api.w.org\/{rel}","templated":true}]}}