{"id":741695,"date":"2025-08-28T00:55:01","date_gmt":"2025-08-27T21:55:01","guid":{"rendered":"https:\/\/roveyayinevi.com.tr\/index.php\/urun\/homodominans\/"},"modified":"2026-04-16T02:52:50","modified_gmt":"2026-04-15T23:52:50","slug":"homodominans","status":"publish","type":"product","link":"https:\/\/roveyayinevi.com.tr\/index.php\/urun\/homodominans\/","title":{"rendered":"Homodominans"},"content":{"rendered":"<p>Hankyoreh Edebiyat \u00d6d\u00fcl\u00fc ve Surim Edebiyat \u00d6d\u00fcl\u00fc\u2019n\u00fc kazanan Chang Kang Myoung\u2019dan, daha g\u00fc\u00e7l\u00fc olmak ve kazanmak i\u00e7in tekrar tekrar evrimle\u015fen yeni bir insan \u0131rk\u0131n\u0131n, \u201cHomodominans\u201d\u0131n hik\u00e2yesi\u2026   \u201cGenler, bizim de bilmedi\u011fimiz yepyeni bir biz i\u00e7in en gerekli yetene\u011fi geli\u015ftirerek g\u00fcn y\u00fcz\u00fcne \u00e7\u0131kard\u0131. Bu, ba\u015fkalar\u0131na h\u00fckmedip kendimizi kontrol etme yetene\u011fiydi. Bizler, yeni bir t\u00fcrde \u00fcstinsanlar\u0131z. Homo Sapiens\u2019in bir sonraki aya\u011f\u0131 olan Homodominans\u2019lar\u0131z.\u201d   Ad\u0131mlar\u0131n\u0131 durdur da ard\u0131na bir bak, Sana g\u00f6zlerini belertip s\u0131r\u0131tanlar var! \u0130\u015fte onlar, Ya\u015fant\u0131na y\u00f6n veren Homodominanslar! En g\u00fc\u00e7l\u00fc \u00fcstinsan t\u00fcr\u00fcn\u00fcn do\u011fu\u015fu! \u0130nsanl\u0131\u011f\u0131n ya\u015fam\u0131 ile g\u00fcvenli\u011finin ortaya koyuldu\u011fu Homodominans\u2019\u0131n kanl\u0131 sava\u015f\u0131,  \u015eimdi, burada g\u00f6zler \u00f6n\u00fcne seriliyor!   Yazar Hakk\u0131nda: G\u00fcney Koreli yazar Chang Kang-myoung, 1975 y\u0131l\u0131nda Seul&#8217;de do\u011fdu. Yonsei \u00dcniversitesi \u015eehir Planc\u0131l\u0131\u011f\u0131 b\u00f6l\u00fcm\u00fcnden mezun oldu ve bir in\u015faat \u015firketinde \u00e7al\u0131\u015ft\u0131. Ard\u0131ndan Dong-A Daily&#8217; gazetesinde 11 y\u0131l muhabir olarak \u00e7al\u0131\u015ft\u0131. Yazar olarak kariyerine 2011 y\u0131l\u0131nda The Bleached adl\u0131 roman\u0131yla ba\u015flad\u0131 ve bu ilk kitapla Hankyoreh Edebiyat \u00d6d\u00fcl\u00fc&#8217;n\u00fc kazand\u0131. Pek \u00e7ok roman\u0131 ve k\u0131sa \u00f6yk\u00fcs\u00fc bulunan yazar\u0131n \u201cY\u0131l\u0131n Yazar\u0131\u201d da dahil olmak \u00fczere pek \u00e7ok \u00f6d\u00fcl\u00fc bulunmaktad\u0131r. <\/p>\n","protected":false},"excerpt":{"rendered":"<p>Hankyoreh Edebiyat \u00d6d\u00fcl\u00fc ve Surim Edebiyat \u00d6d\u00fcl\u00fc\u2019n\u00fc kazanan Chang Kang Myoung\u2019dan, daha g\u00fc\u00e7l\u00fc olmak ve kazanmak i\u00e7in tekrar tekrar evrimle\u015fen yeni bir insan \u0131rk\u0131n\u0131n, \u201cHomodominans\u201d\u0131n hik\u00e2yesi\u2026<span class=\"excerpt-hellip\"> [\u2026]<\/span><\/p>\n","protected":false},"featured_media":0,"template":"","meta":{"_monsterinsights_skip_tracking":false,"_monsterinsights_sitenote_active":false,"_monsterinsights_sitenote_note":"","_monsterinsights_sitenote_category":0},"product_brand":[],"product_cat":[12291,14777],"product_tag":[],"class_list":{"0":"post-741695","1":"product","2":"type-product","3":"status-publish","5":"product_cat-edebiyat","6":"product_cat-fantastik","7":"pa_cilt-ciltsiz","8":"pa_tur-kitap","9":"pa_yayinevi-dex-yayinevi","10":"pa_yazar-chang-kang-myoung","12":"first","13":"instock","14":"sale","15":"shipping-taxable","16":"purchasable","17":"product-type-simple"},"_links":{"self":[{"href":"https:\/\/roveyayinevi.com.tr\/index.php\/wp-json\/wp\/v2\/product\/741695","targetHints":{"allow":["GET"]}}],"collection":[{"href":"https:\/\/roveyayinevi.com.tr\/index.php\/wp-json\/wp\/v2\/product"}],"about":[{"href":"https:\/\/roveyayinevi.com.tr\/index.php\/wp-json\/wp\/v2\/types\/product"}],"wp:attachment":[{"href":"https:\/\/roveyayinevi.com.tr\/index.php\/wp-json\/wp\/v2\/media?parent=741695"}],"wp:term":[{"taxonomy":"product_brand","embeddable":true,"href":"https:\/\/roveyayinevi.com.tr\/index.php\/wp-json\/wp\/v2\/product_brand?post=741695"},{"taxonomy":"product_cat","embeddable":true,"href":"https:\/\/roveyayinevi.com.tr\/index.php\/wp-json\/wp\/v2\/product_cat?post=741695"},{"taxonomy":"product_tag","embeddable":true,"href":"https:\/\/roveyayinevi.com.tr\/index.php\/wp-json\/wp\/v2\/product_tag?post=741695"}],"curies":[{"name":"wp","href":"https:\/\/api.w.org\/{rel}","templated":true}]}}