{"id":741693,"date":"2025-08-28T00:54:59","date_gmt":"2025-08-27T21:54:59","guid":{"rendered":"https:\/\/roveyayinevi.com.tr\/index.php\/urun\/travma-haritasi\/"},"modified":"2026-02-03T03:07:33","modified_gmt":"2026-02-03T00:07:33","slug":"travma-haritasi","status":"publish","type":"product","link":"https:\/\/roveyayinevi.com.tr\/index.php\/urun\/travma-haritasi\/","title":{"rendered":"Travma Haritas\u0131"},"content":{"rendered":"<p>Mutsuz bir hayata raz\u0131 olmay\u0131n! Travman\u0131n belirtilerini tan\u0131may\u0131 \u00f6\u011frenin. Sald\u0131r\u0131, sava\u015f, tecav\u00fcz, do\u011fal afet, bir yak\u0131n\u0131n \u00f6l\u00fcm\u00fc, kaza veya hastal\u0131k gibi travmalar ele al\u0131nmaz ve \u00e7\u00f6z\u00fclmezse kal\u0131c\u0131 etkileri olabilir. Kendinizi bu hayati sorunlar\u0131n pen\u00e7esinden kurtarabilirsiniz.  Umut var! Dr. Karol Darsa yirmi y\u0131ll\u0131k klinik tecr\u00fcbesi s\u0131ras\u0131nda, zihni ve bedeni iyile\u015ftirecek ve ikisi aras\u0131nda ba\u011f kuracak, beden-temelli bir metot geli\u015ftirdi. Travma Haritas\u0131\u2019nda \u00f6\u011fretilen y\u00f6ntemle anla\u015f\u0131ld\u0131\u011f\u0131n\u0131z\u0131 ve g\u00fcvende oldu\u011funuzu hissedeceksiniz\u2026     Yazar Hakk\u0131nda: T\u00fcrkiye do\u011fumlu bir psikolog olan Karol Darsa, kariyerine 1998 y\u0131l\u0131nda yetimlerle \u00e7al\u0131\u015fan bir sosyal hizmetler g\u00f6revlisi olarak ba\u015flad\u0131. Kan\u0131ta dayal\u0131 travma tedavi y\u00f6ntemleri konusunda e\u011fitim al\u0131p bir travma uzman\u0131 oldu. Bu s\u00fcrede, nazik ama do\u011frudan bir yakla\u015f\u0131mla dan\u0131\u015fanlar\u0131n\u0131n, travmalar\u0131n\u0131, alt\u0131nda ezilmeden serbest b\u0131rakmalar\u0131na ve iyile\u015febilmelerine yard\u0131mc\u0131 olmay\u0131 hedefledi. Travman\u0131n etkileri ve travmatik an\u0131larla ba\u015fa \u00e7\u0131kabilmek zaman ald\u0131\u011f\u0131ndan dan\u0131\u015fanlar\u0131n\u0131, kendi h\u0131zlar\u0131nda ilerlemeleri ve i\u00e7lerindeki iyile\u015fme becerisine g\u00fcvenmeleri konular\u0131nda cesaretlendiren bir psikolog olan Karol Darsa, 2014 y\u0131l\u0131nda Los Angeles\u2019ta Reconnect B\u00fct\u00fcnle\u015ftirici Travma Tedavi Merkezi\u2019ni kurmu\u015ftur. Bir benzeri daha olmayan bu merkez, kan\u0131ta dayal\u0131 g\u00fcncel t\u00fcm tedavi y\u00f6ntemlerini bir \u00e7at\u0131 alt\u0131nda bulu\u015fturmu\u015ftur. Kendisi de bir \u00e7ocukluk travmas\u0131 kurban\u0131 oldu\u011fundan, iyile\u015fme yolculu\u011funun zorluklar\u0131n\u0131 ve g\u00fczelliklerini yak\u0131ndan bilen yazar, ayn\u0131 zamanda orduda cinsel travma ya\u015fam\u0131\u015f gaziler i\u00e7in tasarlanm\u0131\u015f yo\u011fun bir travma tedavi program\u0131 olan G\u00f6r\u00fcnmez Sava\u015f \u0130yile\u015fme Program\u0131\u2019n\u0131n da kurucular\u0131ndand\u0131r. Kendisinden, travmayla \u00e7al\u0131\u015fma konusundaki geni\u015f deneyimi ve kan\u0131tlanm\u0131\u015f y\u00f6ntemleri nedeniyle gaziler i\u00e7in bir \u00f6zel program tasarlamas\u0131 i\u00e7in destek istenmi\u015ftir. Program da, Oscar \u00f6d\u00fcl\u00fc aday\u0131 belgesel \u201cG\u00f6r\u00fcnmez Sava\u015f\u201dtan esinlenilerek haz\u0131rlanm\u0131\u015ft\u0131r. \u00c7e\u015fitli kurulu\u015flara r\u00f6portajlar veren, G\u00fcney Kaliforniya \u00dcniversitesi, UCLA ve Cal Lutheran gibi bir\u00e7ok \u00fcniversitede travma tedavisi \u00fczerine derslere kat\u0131lan Darsa ayr\u0131ca, tedavi merkezleri ve konferanslarda da konu\u015fmalar yapmaktad\u0131r.  <\/p>\n","protected":false},"excerpt":{"rendered":"<p>Mutsuz bir hayata raz\u0131 olmay\u0131n! Travman\u0131n belirtilerini tan\u0131may\u0131 \u00f6\u011frenin. Sald\u0131r\u0131, sava\u015f, tecav\u00fcz, do\u011fal afet, bir yak\u0131n\u0131n \u00f6l\u00fcm\u00fc, kaza veya hastal\u0131k gibi travmalar ele al\u0131nmaz ve \u00e7\u00f6z\u00fclmezse<span class=\"excerpt-hellip\"> [\u2026]<\/span><\/p>\n","protected":false},"featured_media":0,"template":"","meta":{"_monsterinsights_skip_tracking":false,"_monsterinsights_sitenote_active":false,"_monsterinsights_sitenote_note":"","_monsterinsights_sitenote_category":0},"product_brand":[],"product_cat":[12358,12357],"product_tag":[],"class_list":{"0":"post-741693","1":"product","2":"type-product","3":"status-publish","5":"product_cat-genel-psikoloji","6":"product_cat-psikoloji","7":"pa_cilt-ciltsiz","8":"pa_tur-kitap","9":"pa_yayinevi-dogan-novus","10":"pa_yazar-karol-darsa","12":"first","13":"instock","14":"sale","15":"shipping-taxable","16":"purchasable","17":"product-type-simple"},"_links":{"self":[{"href":"https:\/\/roveyayinevi.com.tr\/index.php\/wp-json\/wp\/v2\/product\/741693","targetHints":{"allow":["GET"]}}],"collection":[{"href":"https:\/\/roveyayinevi.com.tr\/index.php\/wp-json\/wp\/v2\/product"}],"about":[{"href":"https:\/\/roveyayinevi.com.tr\/index.php\/wp-json\/wp\/v2\/types\/product"}],"wp:attachment":[{"href":"https:\/\/roveyayinevi.com.tr\/index.php\/wp-json\/wp\/v2\/media?parent=741693"}],"wp:term":[{"taxonomy":"product_brand","embeddable":true,"href":"https:\/\/roveyayinevi.com.tr\/index.php\/wp-json\/wp\/v2\/product_brand?post=741693"},{"taxonomy":"product_cat","embeddable":true,"href":"https:\/\/roveyayinevi.com.tr\/index.php\/wp-json\/wp\/v2\/product_cat?post=741693"},{"taxonomy":"product_tag","embeddable":true,"href":"https:\/\/roveyayinevi.com.tr\/index.php\/wp-json\/wp\/v2\/product_tag?post=741693"}],"curies":[{"name":"wp","href":"https:\/\/api.w.org\/{rel}","templated":true}]}}