{"id":741692,"date":"2025-08-28T00:54:57","date_gmt":"2025-08-27T21:54:57","guid":{"rendered":"https:\/\/roveyayinevi.com.tr\/index.php\/urun\/cekilin-ben-okurum\/"},"modified":"2026-04-15T03:03:29","modified_gmt":"2026-04-15T00:03:29","slug":"cekilin-ben-okurum","status":"publish","type":"product","link":"https:\/\/roveyayinevi.com.tr\/index.php\/urun\/cekilin-ben-okurum\/","title":{"rendered":"\u00c7ekilin Ben Okurum"},"content":{"rendered":"<p>Bu \u00f6yk\u00fcler kimler i\u00e7in? Bu \u00f6yk\u00fcler haklar\u0131n\u0131 arayan okurlar i\u00e7in! Kitab\u0131n kahramanlar\u0131 Benekli Fil, \u00c7ita Kita, KarKar\u0131nca, Dev Lama, Bilmi\u015f Bayku\u015f, Koala Ko, Ahtapot \u00c7illipot, Okumaz ve Kitaplar\u0131n Kral\u0131 K\u0131z\u0131l Panda&#8230; Hepsi de hem kitaplarla hem de kendileriyle ilgili m\u00fcthi\u015f ke\u015fifler yap\u0131yorlar. \u015eIMDI SIKI DUR! Sen de bu kitab\u0131n bir kahraman\u0131 olmak \u00fczeresin! \u00c7ocuk edebiyat\u0131n\u0131n sevilen yazar\u0131 An\u0131l Bas\u0131l\u0131, t\u00fcm \u00e7ocuklar\u0131 kitaplar\u0131n zengin d\u00fcnyas\u0131na davet ediyor ve onlar\u0131 \u201cokur\u201d olma kavram\u0131yla tan\u0131\u015ft\u0131r\u0131yor. <\/p>\n","protected":false},"excerpt":{"rendered":"<p>Bu \u00f6yk\u00fcler kimler i\u00e7in? Bu \u00f6yk\u00fcler haklar\u0131n\u0131 arayan okurlar i\u00e7in! Kitab\u0131n kahramanlar\u0131 Benekli Fil, \u00c7ita Kita, KarKar\u0131nca, Dev Lama, Bilmi\u015f Bayku\u015f, Koala Ko, Ahtapot \u00c7illipot, Okumaz<span class=\"excerpt-hellip\"> [\u2026]<\/span><\/p>\n","protected":false},"featured_media":0,"template":"","meta":{"_monsterinsights_skip_tracking":false,"_monsterinsights_sitenote_active":false,"_monsterinsights_sitenote_note":"","_monsterinsights_sitenote_category":0},"product_brand":[],"product_cat":[12274,12284],"product_tag":[],"class_list":{"0":"post-741692","1":"product","2":"type-product","3":"status-publish","5":"product_cat-cocuk-ve-genclik-kitaplari","6":"product_cat-hikayeler","7":"pa_cilt-ciltsiz","8":"pa_tur-kitap","9":"pa_yayinevi-dogan-cocuk","10":"pa_yazar-anil-basili","12":"first","13":"instock","14":"sale","15":"shipping-taxable","16":"purchasable","17":"product-type-simple"},"_links":{"self":[{"href":"https:\/\/roveyayinevi.com.tr\/index.php\/wp-json\/wp\/v2\/product\/741692","targetHints":{"allow":["GET"]}}],"collection":[{"href":"https:\/\/roveyayinevi.com.tr\/index.php\/wp-json\/wp\/v2\/product"}],"about":[{"href":"https:\/\/roveyayinevi.com.tr\/index.php\/wp-json\/wp\/v2\/types\/product"}],"wp:attachment":[{"href":"https:\/\/roveyayinevi.com.tr\/index.php\/wp-json\/wp\/v2\/media?parent=741692"}],"wp:term":[{"taxonomy":"product_brand","embeddable":true,"href":"https:\/\/roveyayinevi.com.tr\/index.php\/wp-json\/wp\/v2\/product_brand?post=741692"},{"taxonomy":"product_cat","embeddable":true,"href":"https:\/\/roveyayinevi.com.tr\/index.php\/wp-json\/wp\/v2\/product_cat?post=741692"},{"taxonomy":"product_tag","embeddable":true,"href":"https:\/\/roveyayinevi.com.tr\/index.php\/wp-json\/wp\/v2\/product_tag?post=741692"}],"curies":[{"name":"wp","href":"https:\/\/api.w.org\/{rel}","templated":true}]}}