{"id":741688,"date":"2025-08-28T00:54:52","date_gmt":"2025-08-27T21:54:52","guid":{"rendered":"https:\/\/roveyayinevi.com.tr\/index.php\/urun\/lanetlilerin-kralligi-ciltli\/"},"modified":"2026-04-16T02:52:49","modified_gmt":"2026-04-15T23:52:49","slug":"lanetlilerin-kralligi-ciltli","status":"publish","type":"product","link":"https:\/\/roveyayinevi.com.tr\/index.php\/urun\/lanetlilerin-kralligi-ciltli\/","title":{"rendered":"Lanetlilerin Krall\u0131\u011f\u0131  (Ciltli)"},"content":{"rendered":"<p>K\u00f6t\u00fclerin Krali\u00e7esi olmay\u0131 kabul eden Emilia, Cehennem Prensi \u00d6fke ile birlikte Yedi \u00c7ember\u2019e do\u011fru yola \u00e7\u0131kar. Orada kendisini lanetlilerin h\u00fck\u00fcm s\u00fcrd\u00fc\u011f\u00fc bir d\u00fcnya beklemektedir.   Yedi \u00c7ember\u2019e gelen Emilia \u015fa\u015faal\u0131 saraylar, gizemli davetler, birbirine ihanet eden prensler ve kafa kar\u0131\u015ft\u0131r\u0131c\u0131 ipu\u00e7lar\u0131yla dolu bir d\u00fcnyayla kar\u015f\u0131 kar\u015f\u0131ya kal\u0131r. Bir zamanlar m\u00fcttefiki olan \u00d6fke\u2019ye yeniden g\u00fcvenebilecek midir? Yoksa \u00d6fke ondan do\u011fas\u0131yla ilgili tehlikeli s\u0131rlar m\u0131 sakl\u0131yordur?   Lanetlilerin Krall\u0131\u011f\u0131\u2019nda ilk kural kimseye g\u00fcvenmemektir. <\/p>\n","protected":false},"excerpt":{"rendered":"<p>K\u00f6t\u00fclerin Krali\u00e7esi olmay\u0131 kabul eden Emilia, Cehennem Prensi \u00d6fke ile birlikte Yedi \u00c7ember\u2019e do\u011fru yola \u00e7\u0131kar. Orada kendisini lanetlilerin h\u00fck\u00fcm s\u00fcrd\u00fc\u011f\u00fc bir d\u00fcnya beklemektedir. Yedi \u00c7ember\u2019e<span class=\"excerpt-hellip\"> [\u2026]<\/span><\/p>\n","protected":false},"featured_media":0,"template":"","meta":{"_monsterinsights_skip_tracking":false,"_monsterinsights_sitenote_active":false,"_monsterinsights_sitenote_note":"","_monsterinsights_sitenote_category":0},"product_brand":[],"product_cat":[12291,12711],"product_tag":[],"class_list":{"0":"post-741688","1":"product","2":"type-product","3":"status-publish","5":"product_cat-edebiyat","6":"product_cat-roman-oyku","7":"pa_cilt-ciltli","8":"pa_tur-kitap","9":"pa_yayinevi-ephesus-yayinlari","10":"pa_yazar-kerrimaniscalco","12":"first","13":"instock","14":"sale","15":"shipping-taxable","16":"purchasable","17":"product-type-simple"},"_links":{"self":[{"href":"https:\/\/roveyayinevi.com.tr\/index.php\/wp-json\/wp\/v2\/product\/741688","targetHints":{"allow":["GET"]}}],"collection":[{"href":"https:\/\/roveyayinevi.com.tr\/index.php\/wp-json\/wp\/v2\/product"}],"about":[{"href":"https:\/\/roveyayinevi.com.tr\/index.php\/wp-json\/wp\/v2\/types\/product"}],"wp:attachment":[{"href":"https:\/\/roveyayinevi.com.tr\/index.php\/wp-json\/wp\/v2\/media?parent=741688"}],"wp:term":[{"taxonomy":"product_brand","embeddable":true,"href":"https:\/\/roveyayinevi.com.tr\/index.php\/wp-json\/wp\/v2\/product_brand?post=741688"},{"taxonomy":"product_cat","embeddable":true,"href":"https:\/\/roveyayinevi.com.tr\/index.php\/wp-json\/wp\/v2\/product_cat?post=741688"},{"taxonomy":"product_tag","embeddable":true,"href":"https:\/\/roveyayinevi.com.tr\/index.php\/wp-json\/wp\/v2\/product_tag?post=741688"}],"curies":[{"name":"wp","href":"https:\/\/api.w.org\/{rel}","templated":true}]}}