{"id":741684,"date":"2025-08-28T00:54:48","date_gmt":"2025-08-27T21:54:48","guid":{"rendered":"https:\/\/roveyayinevi.com.tr\/index.php\/urun\/aci-ceken-insan\/"},"modified":"2026-04-16T02:52:49","modified_gmt":"2026-04-15T23:52:49","slug":"aci-ceken-insan","status":"publish","type":"product","link":"https:\/\/roveyayinevi.com.tr\/index.php\/urun\/aci-ceken-insan\/","title":{"rendered":"Ac\u0131 \u00c7eken \u0130nsan"},"content":{"rendered":"<p>Siz, hi\u00e7 ac\u0131 \u00e7ektiniz mi? Ya da tam bug\u00fcn, hangi ac\u0131lar\u0131n birle\u015fimi ruh h\u00e2linizi boyuyor? Psikoloji ne yaz\u0131k ki insanlar\u0131n \u00fczerinde en rahat konu\u015fup spek\u00fclasyon yapt\u0131klar\u0131 bilim dal\u0131d\u0131r. Oysa bu spek\u00fclasyonlar, psikoloji biliminin ger\u00e7ekli\u011fiyle pek \u00e7ok zaman \u00e7eli\u015fen ve \u00e7o\u011fu zaman da yaln\u0131zca tahminlerden ibaret olan bilgilerdir. Asl\u0131nda psikolojinin temel olarak neyi inceledi\u011fi sorulsa bence yan\u0131t, \u2018ac\u0131 \u00e7eken insan\u0131\u2019 olacakt\u0131r. \u0130nsan psikolojisinin merkezinde asl\u0131na bak\u0131l\u0131rsa d\u00fc\u015f\u00fcnce de\u011fil, ac\u0131 \u00e7ekme kapasitesi ve ac\u0131 \u00e7ekmek vard\u0131r. I\u0307nsan\u0131 di\u011fer canl\u0131lardan ay\u0131ran temel kapasite du\u0308s\u0327u\u0308nme olsa bile du\u0308s\u0327u\u0308nme, empati g\u00fcc\u00fcyle birle\u015fti\u011finde devam\u0131nda ac\u0131y\u0131 getirmektedir. Ac\u0131 c\u0327ekme veya ac\u0131 c\u0327ekme kapasitesi insan\u0131 dig\u0306erlerinden farkl\u0131 ve insan ya da daha bir insan k\u0131lmaktad\u0131r. Peki, \u201cPsikolojik rahats\u0131zl\u0131klar genetik midir?\u201d \u201cParas\u0131zl\u0131k erkekler i\u00e7in neden ac\u0131 vericidir?\u201d \u201cAz veya \u00e7ok konu\u015fan bir insan, anormal bir insan m\u0131d\u0131r?\u201d \u201c\u00d6ld\u00fcrmeyen ac\u0131 g\u00fc\u00e7lendirir mi?\u201d Elinizdeki kitapta, benzer bir\u00e7ok sorunun yan\u0131t\u0131n\u0131 bulacaks\u0131n\u0131z!..<\/p>\n","protected":false},"excerpt":{"rendered":"<p>Siz, hi\u00e7 ac\u0131 \u00e7ektiniz mi? Ya da tam bug\u00fcn, hangi ac\u0131lar\u0131n birle\u015fimi ruh h\u00e2linizi boyuyor? Psikoloji ne yaz\u0131k ki insanlar\u0131n \u00fczerinde en rahat konu\u015fup spek\u00fclasyon yapt\u0131klar\u0131<span class=\"excerpt-hellip\"> [\u2026]<\/span><\/p>\n","protected":false},"featured_media":0,"template":"","meta":{"_monsterinsights_skip_tracking":false,"_monsterinsights_sitenote_active":false,"_monsterinsights_sitenote_note":"","_monsterinsights_sitenote_category":0},"product_brand":[],"product_cat":[12358,12357],"product_tag":[],"class_list":{"0":"post-741684","1":"product","2":"type-product","3":"status-publish","5":"product_cat-genel-psikoloji","6":"product_cat-psikoloji","7":"pa_cilt-ciltsiz","8":"pa_tur-kitap","9":"pa_yayinevi-frekans-kitap","10":"pa_yazar-esra-ozbey","12":"first","13":"instock","14":"sale","15":"shipping-taxable","16":"purchasable","17":"product-type-simple"},"_links":{"self":[{"href":"https:\/\/roveyayinevi.com.tr\/index.php\/wp-json\/wp\/v2\/product\/741684","targetHints":{"allow":["GET"]}}],"collection":[{"href":"https:\/\/roveyayinevi.com.tr\/index.php\/wp-json\/wp\/v2\/product"}],"about":[{"href":"https:\/\/roveyayinevi.com.tr\/index.php\/wp-json\/wp\/v2\/types\/product"}],"wp:attachment":[{"href":"https:\/\/roveyayinevi.com.tr\/index.php\/wp-json\/wp\/v2\/media?parent=741684"}],"wp:term":[{"taxonomy":"product_brand","embeddable":true,"href":"https:\/\/roveyayinevi.com.tr\/index.php\/wp-json\/wp\/v2\/product_brand?post=741684"},{"taxonomy":"product_cat","embeddable":true,"href":"https:\/\/roveyayinevi.com.tr\/index.php\/wp-json\/wp\/v2\/product_cat?post=741684"},{"taxonomy":"product_tag","embeddable":true,"href":"https:\/\/roveyayinevi.com.tr\/index.php\/wp-json\/wp\/v2\/product_tag?post=741684"}],"curies":[{"name":"wp","href":"https:\/\/api.w.org\/{rel}","templated":true}]}}