{"id":741683,"date":"2025-08-28T00:54:47","date_gmt":"2025-08-27T21:54:47","guid":{"rendered":"https:\/\/roveyayinevi.com.tr\/index.php\/urun\/erken-cocuklukta-saglam-bir-temel-olusturmak-icin-ebeveynin-rehberi\/"},"modified":"2026-04-16T02:52:49","modified_gmt":"2026-04-15T23:52:49","slug":"erken-cocuklukta-saglam-bir-temel-olusturmak-icin-ebeveynin-rehberi","status":"publish","type":"product","link":"https:\/\/roveyayinevi.com.tr\/index.php\/urun\/erken-cocuklukta-saglam-bir-temel-olusturmak-icin-ebeveynin-rehberi\/","title":{"rendered":"Erken \u00c7ocuklukta Sa\u011flam Bir Temel Olu\u015fturmak \u0130\u00e7in Ebeveynin Rehberi"},"content":{"rendered":"<p>\u00c7ocu\u011funuz bebeklikten \u00e7\u0131k\u0131p iki aya\u011f\u0131 \u00fczerinde durmay\u0131 \u00f6\u011frendi\u011fi andan itibaren sizin i\u00e7in bamba\u015fka bir ebeveynlik maceras\u0131 ba\u015flar. E\u011fer bu b\u00fcy\u00fck de\u011fi\u015fime haz\u0131rl\u0131ks\u0131zsan\u0131z \u00e7ocu\u011funuzun g\u00fc\u00e7lenen benlik alg\u0131s\u0131, her \u015feyi kendi kendine yapma iste\u011fi, duygusal yo\u011funlu\u011fu ve inatla\u015fmalar\u0131 kar\u015f\u0131s\u0131nda fazlas\u0131yla bocalayabilirsiniz. Teknolojiyle sarmaland\u0131\u011f\u0131m\u0131z modern hayat\u0131n ko\u015fullar\u0131n\u0131n da \u00e7ocuklarla ileti\u015fimde pek elveri\u015fli oldu\u011fu s\u00f6ylenemez.   \u00f1  \u00c7ocu\u011fa, istedi\u011fi \u015feyleri yapabilmesi i\u00e7in s\u0131n\u0131rs\u0131z \u00f6zg\u00fcrl\u00fck m\u00fc tan\u0131nmal\u0131, yoksa kendini kontrol etmeyi ve \u00e7evreyle uyumlu olmay\u0131 \u00f6\u011frenmesi i\u00e7in kurallar koymaya ba\u015flamak m\u0131 gerekir?   \u00f1  \u00c7ocu\u011fa kurallar \u00f6\u011fretilmeliyse nereden ve nas\u0131l ba\u015flanmal\u0131?   \u00f1  Oyuncaklar, kitaplar, g\u00f6r\u00fcnt\u00fcl\u00fc g\u00f6r\u00fc\u015fmeler, ekran ve tablet gibi ara\u00e7lar\u0131 geli\u015fimi destekleyici \u015fekilde nas\u0131l kullanabilirim?   \u00f1  \u00c7ocu\u011fumla nas\u0131l kaliteli vakit ge\u00e7iririm?   \u00f1  Sosyal, duygusal ve zihinsel geli\u015fimi i\u00e7in hangi oyunlar\u0131 oynayabilirim?   \u00f1  Beslenmedeki s\u0131k\u0131nt\u0131lar nas\u0131l \u00e7\u00f6z\u00fcl\u00fcr?   \u00f1  \u00c7ocuklara uyku d\u00fczeni nas\u0131l kazand\u0131r\u0131l\u0131r?   \u00f1  Tuvalet e\u011fitimi nas\u0131l verilmeli?     Sinem Olcay Kademo\u011flu, Ebeveyn Rehberi\u2019nde son bilimsel verilere dayanarak olu\u015fturdu\u011fu ve ailelerle olan tecr\u00fcbeleri sonucunda etkinli\u011fini g\u00f6zlemledi\u011fi \u00e7ocuk yeti\u015ftirme stratejilerini payla\u015f\u0131yor.           Sinem Olcay Kademo\u011flu (Uzman Psikolog, Aile ve \u00c7ocuk Geli\u015fimi), psikoloji lisans derecesini Bo\u011fazi\u00e7i \u00dcniversitesi ve State University of New York&#8217;tan ald\u0131, Geli\u015fim Psikolojisi dal\u0131nda y\u00fcksek lisans\u0131n\u0131 Ko\u00e7 \u00dcniversitesi ve Ruhr Universit\u00e4t-Bochum&#8217;da tamamlad\u0131. Kurdu\u011fu \u0130stanbul Parenting Class (\u0130PC) isimli merkezde, 0-17 ya\u015f grubu \u00e7ocuklarla geli\u015fim de\u011ferlendirme \u00e7al\u0131\u015fmalar\u0131n\u0131 ve ailelere y\u00f6nelik dan\u0131\u015fmanl\u0131k hizmetlerini 2007 y\u0131l\u0131ndan bu yana s\u00fcrd\u00fcrmektedir. <\/p>\n","protected":false},"excerpt":{"rendered":"<p>\u00c7ocu\u011funuz bebeklikten \u00e7\u0131k\u0131p iki aya\u011f\u0131 \u00fczerinde durmay\u0131 \u00f6\u011frendi\u011fi andan itibaren sizin i\u00e7in bamba\u015fka bir ebeveynlik maceras\u0131 ba\u015flar. E\u011fer bu b\u00fcy\u00fck de\u011fi\u015fime haz\u0131rl\u0131ks\u0131zsan\u0131z \u00e7ocu\u011funuzun g\u00fc\u00e7lenen benlik alg\u0131s\u0131,<span class=\"excerpt-hellip\"> [\u2026]<\/span><\/p>\n","protected":false},"featured_media":0,"template":"","meta":{"_monsterinsights_skip_tracking":false,"_monsterinsights_sitenote_active":false,"_monsterinsights_sitenote_note":"","_monsterinsights_sitenote_category":0},"product_brand":[],"product_cat":[12358,12357],"product_tag":[],"class_list":{"0":"post-741683","1":"product","2":"type-product","3":"status-publish","5":"product_cat-genel-psikoloji","6":"product_cat-psikoloji","7":"pa_cilt-ciltsiz","8":"pa_tur-kitap","9":"pa_yayinevi-remzi-kitabevi","10":"pa_yazar-sinem-olcay-kademoglu","12":"first","13":"instock","14":"sale","15":"shipping-taxable","16":"purchasable","17":"product-type-simple"},"_links":{"self":[{"href":"https:\/\/roveyayinevi.com.tr\/index.php\/wp-json\/wp\/v2\/product\/741683","targetHints":{"allow":["GET"]}}],"collection":[{"href":"https:\/\/roveyayinevi.com.tr\/index.php\/wp-json\/wp\/v2\/product"}],"about":[{"href":"https:\/\/roveyayinevi.com.tr\/index.php\/wp-json\/wp\/v2\/types\/product"}],"wp:attachment":[{"href":"https:\/\/roveyayinevi.com.tr\/index.php\/wp-json\/wp\/v2\/media?parent=741683"}],"wp:term":[{"taxonomy":"product_brand","embeddable":true,"href":"https:\/\/roveyayinevi.com.tr\/index.php\/wp-json\/wp\/v2\/product_brand?post=741683"},{"taxonomy":"product_cat","embeddable":true,"href":"https:\/\/roveyayinevi.com.tr\/index.php\/wp-json\/wp\/v2\/product_cat?post=741683"},{"taxonomy":"product_tag","embeddable":true,"href":"https:\/\/roveyayinevi.com.tr\/index.php\/wp-json\/wp\/v2\/product_tag?post=741683"}],"curies":[{"name":"wp","href":"https:\/\/api.w.org\/{rel}","templated":true}]}}