{"id":741681,"date":"2025-08-28T00:54:45","date_gmt":"2025-08-27T21:54:45","guid":{"rendered":"https:\/\/roveyayinevi.com.tr\/index.php\/urun\/yarinin-teknolojileri-is-basinda\/"},"modified":"2026-04-16T02:52:49","modified_gmt":"2026-04-15T23:52:49","slug":"yarinin-teknolojileri-is-basinda","status":"publish","type":"product","link":"https:\/\/roveyayinevi.com.tr\/index.php\/urun\/yarinin-teknolojileri-is-basinda\/","title":{"rendered":"Yar\u0131n\u0131n Teknolojileri \u0130\u015f Ba\u015f\u0131nda"},"content":{"rendered":"<p>D\u00f6rd\u00fcnc\u00fc Sanayi Devrimi ufukta! Hi\u00e7 hayat\u0131m\u0131z\u0131 bu kadar h\u0131zl\u0131 ve k\u00f6kten de\u011fi\u015ftiren teknolojik yeniliklerin oldu\u011fu bir zamanda ya\u015famam\u0131\u015ft\u0131k. Yapay zek\u00e2, blokzinciri, ak\u0131ll\u0131 robotlar, kendi kendine gidebilen arabalar, \u00fc\u00e7 boyutlu bask\u0131, ileri genomik teknolojiler ve bu kitapta ele al\u0131nan di\u011fer inan\u0131lmaz teknoloji trendleri yeni bir sanayi devriminin habercisi. Nas\u0131l buhar, elektrik ve bilgisayarlar s\u0131ras\u0131yla ilk \u00fc\u00e7 sanayi devriminin itici g\u00fc\u00e7leri olduysa, bu kitapta yer alan 25 teknoloji de D\u00f6rd\u00fcnc\u00fc Sanayi Devrimi\u2019ne y\u00f6n veriyor. \u00d6nceki devrimlerde oldu\u011fu \u00fczere, bu devrim de i\u015fletmeleri de\u011fi\u015ftirecek, i\u015f modellerini yeniden \u015fekillendirecek ve t\u00fcm sekt\u00f6rleri d\u00f6n\u00fc\u015ft\u00fcrecek. Bernard Marr kitab\u0131nda farkl\u0131 \u00f6l\u00e7ekte ve sekt\u00f6rlerde \u015firketlerin yenilik\u00e7i i\u015f \u00e7\u00f6z\u00fcmleri i\u00e7in yar\u0131n\u0131n teknolojileriden nas\u0131l yararlanabileceklerini a\u00e7\u0131kl\u0131yor. \u00c7ok \u00e7e\u015fitli trendleri ele al\u0131yor ve \u015firketlerin bu yeni ve ufuktaki teknolojileri pratikte nas\u0131l kulland\u0131klar\u0131 hakk\u0131nda \u00f6rnekler veriyor. \u015eirketinizi gelece\u011fe haz\u0131rlar ve yol haritan\u0131z\u0131 \u00e7izerken bu kitap size rehber olacak. <\/p>\n","protected":false},"excerpt":{"rendered":"<p>D\u00f6rd\u00fcnc\u00fc Sanayi Devrimi ufukta! Hi\u00e7 hayat\u0131m\u0131z\u0131 bu kadar h\u0131zl\u0131 ve k\u00f6kten de\u011fi\u015ftiren teknolojik yeniliklerin oldu\u011fu bir zamanda ya\u015famam\u0131\u015ft\u0131k. Yapay zek\u00e2, blokzinciri, ak\u0131ll\u0131 robotlar, kendi kendine gidebilen<span class=\"excerpt-hellip\"> [\u2026]<\/span><\/p>\n","protected":false},"featured_media":0,"template":"","meta":{"_monsterinsights_skip_tracking":false,"_monsterinsights_sitenote_active":false,"_monsterinsights_sitenote_note":"","_monsterinsights_sitenote_category":0},"product_brand":[],"product_cat":[12364],"product_tag":[],"class_list":{"0":"post-741681","1":"product","2":"type-product","3":"status-publish","5":"product_cat-genel-konular","6":"pa_cilt-ciltsiz","7":"pa_tur-kitap","8":"pa_yayinevi-mediacat-kitaplari","9":"pa_yazar-bernard-marr","11":"first","12":"instock","13":"sale","14":"shipping-taxable","15":"purchasable","16":"product-type-simple"},"_links":{"self":[{"href":"https:\/\/roveyayinevi.com.tr\/index.php\/wp-json\/wp\/v2\/product\/741681","targetHints":{"allow":["GET"]}}],"collection":[{"href":"https:\/\/roveyayinevi.com.tr\/index.php\/wp-json\/wp\/v2\/product"}],"about":[{"href":"https:\/\/roveyayinevi.com.tr\/index.php\/wp-json\/wp\/v2\/types\/product"}],"wp:attachment":[{"href":"https:\/\/roveyayinevi.com.tr\/index.php\/wp-json\/wp\/v2\/media?parent=741681"}],"wp:term":[{"taxonomy":"product_brand","embeddable":true,"href":"https:\/\/roveyayinevi.com.tr\/index.php\/wp-json\/wp\/v2\/product_brand?post=741681"},{"taxonomy":"product_cat","embeddable":true,"href":"https:\/\/roveyayinevi.com.tr\/index.php\/wp-json\/wp\/v2\/product_cat?post=741681"},{"taxonomy":"product_tag","embeddable":true,"href":"https:\/\/roveyayinevi.com.tr\/index.php\/wp-json\/wp\/v2\/product_tag?post=741681"}],"curies":[{"name":"wp","href":"https:\/\/api.w.org\/{rel}","templated":true}]}}