{"id":741680,"date":"2025-08-28T00:54:43","date_gmt":"2025-08-27T21:54:43","guid":{"rendered":"https:\/\/roveyayinevi.com.tr\/index.php\/urun\/radyo-hld-sonsuzluk-bagi-antoloji-siirler-1\/"},"modified":"2026-04-16T02:52:49","modified_gmt":"2026-04-15T23:52:49","slug":"radyo-hld-sonsuzluk-bagi-antoloji-siirler-1","status":"publish","type":"product","link":"https:\/\/roveyayinevi.com.tr\/index.php\/urun\/radyo-hld-sonsuzluk-bagi-antoloji-siirler-1\/","title":{"rendered":"Radyo Hld Sonsuzluk Ba\u011f\u0131 Antoloji \u015eiirler-1"},"content":{"rendered":"<p>Bu antolojide \u015fiire g\u00f6n\u00fcl vermi\u015f ve y\u00fcre\u011finden s\u00fczmedi\u011fi tek bir kelimeyi bile ka\u011f\u0131da d\u00f6kmemi\u015f yirmi be\u015f kalemin dizelerini okuyacaks\u0131n\u0131z. Sevgiyle at\u0131lan her ad\u0131m sonsuzlukta yerini al\u0131r dedik ve koyulduk yola. \u00d6zenle haz\u0131rland\u0131k bu yolculu\u011fa.. \u015eiirdir ruhun dizelerle yapt\u0131\u011f\u0131 resim rengarenk bir tablo uzat\u0131yoruz g\u00f6zlerinize yurdun d\u00f6rt bir yan\u0131ndan kan ba\u011f\u0131 olmadan can ba\u011f\u0131 ile birbirine kenetlenmi\u015f yirmi be\u015f kalem. Biz biliyoruz ki \u015fiirler \u015fairlerden uzun ya\u015far bu nedenle, yar\u0131nlara bug\u00fcnlerden \u00f6l\u00fcms\u00fcz bir nefes b\u0131rak\u0131yoruz. \u015eahidi olaca\u011f\u0131n\u0131z bu yolculukta, heybenize sonsuz saadet dolmas\u0131 dile\u011fiyle!.. Bu dostluk ba\u011f\u0131n\u0131n kurulmas\u0131nda eme\u011fini hi\u00e7 esirgemeyen Hakan \u00c7akmak\u00e7\u0131lar ve sevgili e\u015fi Semra Ayd\u0131n \u00c7akmak\u00e7\u0131lar\u2019a \u00e7ok te\u015fekk\u00fcr ediyoruz. \u00d6m\u00fcr boyu dostlu\u011fa diyoruz. \u00c7\u00fcnk\u00fc sanatta sayg\u0131 ilkemizdir. <\/p>\n","protected":false},"excerpt":{"rendered":"<p>Bu antolojide \u015fiire g\u00f6n\u00fcl vermi\u015f ve y\u00fcre\u011finden s\u00fczmedi\u011fi tek bir kelimeyi bile ka\u011f\u0131da d\u00f6kmemi\u015f yirmi be\u015f kalemin dizelerini okuyacaks\u0131n\u0131z. Sevgiyle at\u0131lan her ad\u0131m sonsuzlukta yerini al\u0131r<span class=\"excerpt-hellip\"> [\u2026]<\/span><\/p>\n","protected":false},"featured_media":0,"template":"","meta":{"_monsterinsights_skip_tracking":false,"_monsterinsights_sitenote_active":false,"_monsterinsights_sitenote_note":"","_monsterinsights_sitenote_category":0},"product_brand":[],"product_cat":[12291,12509],"product_tag":[],"class_list":{"0":"post-741680","1":"product","2":"type-product","3":"status-publish","5":"product_cat-edebiyat","6":"product_cat-siir","7":"pa_cilt-ciltsiz","8":"pa_tur-kitap","9":"pa_yayinevi-gulnar-yayinlari","10":"pa_yazar-gulnar-yayinlari-kolektif","12":"first","13":"instock","14":"sale","15":"shipping-taxable","16":"purchasable","17":"product-type-simple"},"_links":{"self":[{"href":"https:\/\/roveyayinevi.com.tr\/index.php\/wp-json\/wp\/v2\/product\/741680","targetHints":{"allow":["GET"]}}],"collection":[{"href":"https:\/\/roveyayinevi.com.tr\/index.php\/wp-json\/wp\/v2\/product"}],"about":[{"href":"https:\/\/roveyayinevi.com.tr\/index.php\/wp-json\/wp\/v2\/types\/product"}],"wp:attachment":[{"href":"https:\/\/roveyayinevi.com.tr\/index.php\/wp-json\/wp\/v2\/media?parent=741680"}],"wp:term":[{"taxonomy":"product_brand","embeddable":true,"href":"https:\/\/roveyayinevi.com.tr\/index.php\/wp-json\/wp\/v2\/product_brand?post=741680"},{"taxonomy":"product_cat","embeddable":true,"href":"https:\/\/roveyayinevi.com.tr\/index.php\/wp-json\/wp\/v2\/product_cat?post=741680"},{"taxonomy":"product_tag","embeddable":true,"href":"https:\/\/roveyayinevi.com.tr\/index.php\/wp-json\/wp\/v2\/product_tag?post=741680"}],"curies":[{"name":"wp","href":"https:\/\/api.w.org\/{rel}","templated":true}]}}