{"id":741679,"date":"2025-08-28T00:54:42","date_gmt":"2025-08-27T21:54:42","guid":{"rendered":"https:\/\/roveyayinevi.com.tr\/index.php\/urun\/kesisen-hayatlar\/"},"modified":"2026-02-23T12:05:05","modified_gmt":"2026-02-23T09:05:05","slug":"kesisen-hayatlar","status":"publish","type":"product","link":"https:\/\/roveyayinevi.com.tr\/index.php\/urun\/kesisen-hayatlar\/","title":{"rendered":"Kesi\u015fen Hayatlar"},"content":{"rendered":"<p>\u00d6ld\u00fcrme eylemi, \u00e7o\u011fu zaman silah\u0131n kullan\u0131lmas\u0131yla ger\u00e7ekle\u015fmez. \u0130nsan\u0131n bir ba\u015fka beden \u00fczerinde uygulad\u0131\u011f\u0131 ruhsal ve a\u011f\u0131r yaralanmaya ba\u011fl\u0131, ruh b\u00fct\u00fcnl\u00fc\u011f\u00fcn\u00fcn tamamen ortadan kald\u0131r\u0131lmas\u0131na y\u00f6nelik yap\u0131lan her t\u00fcrl\u00fc eylem, duygu durum bozuklu\u011funa sebebiyet veren ba\u015fka bir \u00f6l\u00fcm \u00e7e\u015fidi olarak da kar\u015f\u0131m\u0131za \u00e7\u0131kar.   Duygusuz diye nitelendirilen bir\u00e7ok ki\u015finin ge\u00e7mi\u015f ya\u015famlar\u0131na inildi\u011finde, ya\u015famlar\u0131n\u0131n bir d\u00f6neminde bir kez de olsa ruhsal m\u00e2n\u00e2da \u00f6ld\u00fcr\u00fcld\u00fcklerini g\u00f6r\u00fcr\u00fcz.    Bu kitapta, isimleri de\u011fi\u015ftirilmi\u015f bir\u00e7ok karakterin ortak \u00f6zelli\u011fi; toplumun sosyok\u00fclt\u00fcrel yap\u0131s\u0131n\u0131 ortaya koydu\u011fu gibi, insan\u0131n geli\u015fimini arka plana atan geleneksel norm ve kat\u0131 kurallar\u0131n insan psikolojisi \u00fczerinde b\u0131rakt\u0131\u011f\u0131 etkilerin yan\u0131nda, \u00f6zg\u00fcrle\u015fememi\u015f insan portrelerinin k\u0131yas\u0131ya sava\u015fmas\u0131n\u0131 g\u00f6zler \u00f6n\u00fcne sermesidir.<\/p>\n","protected":false},"excerpt":{"rendered":"<p>\u00d6ld\u00fcrme eylemi, \u00e7o\u011fu zaman silah\u0131n kullan\u0131lmas\u0131yla ger\u00e7ekle\u015fmez. \u0130nsan\u0131n bir ba\u015fka beden \u00fczerinde uygulad\u0131\u011f\u0131 ruhsal ve a\u011f\u0131r yaralanmaya ba\u011fl\u0131, ruh b\u00fct\u00fcnl\u00fc\u011f\u00fcn\u00fcn tamamen ortadan kald\u0131r\u0131lmas\u0131na y\u00f6nelik yap\u0131lan her<span class=\"excerpt-hellip\"> [\u2026]<\/span><\/p>\n","protected":false},"featured_media":0,"template":"","meta":{"_monsterinsights_skip_tracking":false,"_monsterinsights_sitenote_active":false,"_monsterinsights_sitenote_note":"","_monsterinsights_sitenote_category":0},"product_brand":[],"product_cat":[12291,12711],"product_tag":[],"class_list":{"0":"post-741679","1":"product","2":"type-product","3":"status-publish","5":"product_cat-edebiyat","6":"product_cat-roman-oyku","7":"pa_cilt-ciltsiz","8":"pa_tur-kitap","9":"pa_yayinevi-us-yayinlari","10":"pa_yazar-hatice-odabas","12":"first","13":"instock","14":"sale","15":"shipping-taxable","16":"purchasable","17":"product-type-simple"},"_links":{"self":[{"href":"https:\/\/roveyayinevi.com.tr\/index.php\/wp-json\/wp\/v2\/product\/741679","targetHints":{"allow":["GET"]}}],"collection":[{"href":"https:\/\/roveyayinevi.com.tr\/index.php\/wp-json\/wp\/v2\/product"}],"about":[{"href":"https:\/\/roveyayinevi.com.tr\/index.php\/wp-json\/wp\/v2\/types\/product"}],"wp:attachment":[{"href":"https:\/\/roveyayinevi.com.tr\/index.php\/wp-json\/wp\/v2\/media?parent=741679"}],"wp:term":[{"taxonomy":"product_brand","embeddable":true,"href":"https:\/\/roveyayinevi.com.tr\/index.php\/wp-json\/wp\/v2\/product_brand?post=741679"},{"taxonomy":"product_cat","embeddable":true,"href":"https:\/\/roveyayinevi.com.tr\/index.php\/wp-json\/wp\/v2\/product_cat?post=741679"},{"taxonomy":"product_tag","embeddable":true,"href":"https:\/\/roveyayinevi.com.tr\/index.php\/wp-json\/wp\/v2\/product_tag?post=741679"}],"curies":[{"name":"wp","href":"https:\/\/api.w.org\/{rel}","templated":true}]}}