{"id":741678,"date":"2025-08-28T00:54:40","date_gmt":"2025-08-27T21:54:40","guid":{"rendered":"https:\/\/roveyayinevi.com.tr\/index.php\/urun\/mesleki-ve-teknik-egitim-gorusler\/"},"modified":"2026-04-16T02:52:49","modified_gmt":"2026-04-15T23:52:49","slug":"mesleki-ve-teknik-egitim-gorusler","status":"publish","type":"product","link":"https:\/\/roveyayinevi.com.tr\/index.php\/urun\/mesleki-ve-teknik-egitim-gorusler\/","title":{"rendered":"Mesleki ve Teknik E\u011fitim-G\u00f6r\u00fc\u015fler"},"content":{"rendered":"<p>Bu kitapta, \u00fclkemizin bug\u00fcn i\u00e7inde bulundu\u011fu durumdan rahats\u0131z olan, milletinin huzuru ve refah\u0131 i\u00e7in bir \u015feyler yap\u0131lmas\u0131 gerekti\u011fine inanan, d\u00fc\u015f\u00fcnen, kafa yoran baz\u0131 Teknik \u00d6\u011fretmenlerin   Mesleki Teknik \u00d6\u011fretim ile ilgili  g\u00f6r\u00fc\u015flerini okuyacaks\u0131n\u0131z. Bu g\u00f6r\u00fc\u015fler yazarlar\u0131n\u0131n g\u00f6r\u00fc\u015fleridir. Kitaba \u00f6zg\u00fcn haliyle konmu\u015ftur.  * \u00c7al\u0131\u015fmadan, yorulmadan ve \u00fcretmeden rahat ya\u015famak isteyen toplumlar; evvela haysiyetlerini, sonra h\u00fcrriyetlerini, daha sonra da istiklal ve istikballerini kaybetmeye mahk\u00fbmdurlar. Mustafa Kemal Atat\u00fcrk * Milli sanayisini kuramayan toplumlar, kendi markalar\u0131n\u0131 \u00fcreten toplumlar\u0131n hizmet\u00e7isi olmaya mahk\u00fbmdur. Dr. \u0130lhami Pekta\u015f * \u0130cat etti\u011fimiz her yeni teknoloji, ba\u015fka yeni teknolojileri icat etmemize yarayan bir ara\u00e7 haline geliyor ve b\u00f6ylece b\u00fcy\u00fcyerek devam ediyor. Dan Brown <\/p>\n","protected":false},"excerpt":{"rendered":"<p>Bu kitapta, \u00fclkemizin bug\u00fcn i\u00e7inde bulundu\u011fu durumdan rahats\u0131z olan, milletinin huzuru ve refah\u0131 i\u00e7in bir \u015feyler yap\u0131lmas\u0131 gerekti\u011fine inanan, d\u00fc\u015f\u00fcnen, kafa yoran baz\u0131 Teknik \u00d6\u011fretmenlerin Mesleki<span class=\"excerpt-hellip\"> [\u2026]<\/span><\/p>\n","protected":false},"featured_media":0,"template":"","meta":{"_monsterinsights_skip_tracking":false,"_monsterinsights_sitenote_active":false,"_monsterinsights_sitenote_note":"","_monsterinsights_sitenote_category":0},"product_brand":[],"product_cat":[12777,12291],"product_tag":[],"class_list":{"0":"post-741678","1":"product","2":"type-product","3":"status-publish","5":"product_cat-deneme","6":"product_cat-edebiyat","7":"pa_cilt-ciltsiz","8":"pa_tur-kitap","9":"pa_yayinevi-gulnar-yayinlari","10":"pa_yazar-gulnar-yayinlari-kolektif","12":"first","13":"instock","14":"sale","15":"shipping-taxable","16":"purchasable","17":"product-type-simple"},"_links":{"self":[{"href":"https:\/\/roveyayinevi.com.tr\/index.php\/wp-json\/wp\/v2\/product\/741678","targetHints":{"allow":["GET"]}}],"collection":[{"href":"https:\/\/roveyayinevi.com.tr\/index.php\/wp-json\/wp\/v2\/product"}],"about":[{"href":"https:\/\/roveyayinevi.com.tr\/index.php\/wp-json\/wp\/v2\/types\/product"}],"wp:attachment":[{"href":"https:\/\/roveyayinevi.com.tr\/index.php\/wp-json\/wp\/v2\/media?parent=741678"}],"wp:term":[{"taxonomy":"product_brand","embeddable":true,"href":"https:\/\/roveyayinevi.com.tr\/index.php\/wp-json\/wp\/v2\/product_brand?post=741678"},{"taxonomy":"product_cat","embeddable":true,"href":"https:\/\/roveyayinevi.com.tr\/index.php\/wp-json\/wp\/v2\/product_cat?post=741678"},{"taxonomy":"product_tag","embeddable":true,"href":"https:\/\/roveyayinevi.com.tr\/index.php\/wp-json\/wp\/v2\/product_tag?post=741678"}],"curies":[{"name":"wp","href":"https:\/\/api.w.org\/{rel}","templated":true}]}}