{"id":741674,"date":"2025-08-28T00:54:36","date_gmt":"2025-08-27T21:54:36","guid":{"rendered":"https:\/\/roveyayinevi.com.tr\/index.php\/urun\/feminist-terapi\/"},"modified":"2026-04-16T02:52:49","modified_gmt":"2026-04-15T23:52:49","slug":"feminist-terapi","status":"publish","type":"product","link":"https:\/\/roveyayinevi.com.tr\/index.php\/urun\/feminist-terapi\/","title":{"rendered":"Feminist Terapi"},"content":{"rendered":"<p>Feminist TerapiLaura S. Brown     Feminist Terapi, kad\u0131nlar ile g\u00fcc\u00fc elinden al\u0131nm\u0131\u015f gruplar\u0131n ataerkil yakla\u015f\u0131mlar i\u00e7eren geleneksel psikoterapi y\u00f6ntemlerine kar\u015f\u0131 duyduklar\u0131 ho\u015fnutsuzluk nedeniyle ortaya \u00e7\u0131km\u0131\u015ft\u0131r. Ba\u015flang\u0131\u00e7ta \u00e7a\u011f\u0131n cinsiyet\u00e7i bak\u0131\u015f a\u00e7\u0131s\u0131na kar\u015f\u0131 d\u00fczeltici bir i\u015flev g\u00f6r\u00fcrken, g\u00fcn\u00fcm\u00fczde toplumsal cinsiyet, sosyal konum ve g\u00fc\u00e7 analizini insan zorluklar\u0131n\u0131 anlamak i\u00e7in birincil strateji olarak kullanan sofistike, postmodern ve b\u00fct\u00fcnle\u015ftirici bir uygulama haline gelmi\u015ftir.   Laura S. Brown, bu k\u0131sa ve anla\u015f\u0131l\u0131r kitapta yaln\u0131zca kad\u0131nlar i\u00e7in de\u011fil, patriyarkal d\u00fc\u015f\u00fcnce bi\u00e7iminden etkilenen herkes i\u00e7in kapsay\u0131c\u0131 bir rehber sunmaktad\u0131r.   Bu dizi, \u00e7\u0131\u011f\u0131r a\u00e7ma potansiyeli ta\u015f\u0131yor. Psikoterapiler aras\u0131ndaki ortak noktalar ve farkl\u0131l\u0131klar\u0131 ortaya koyarak, bu farkl\u0131l\u0131klarla dolu alanda birle\u015fme, basitle\u015fme ve b\u00fct\u00fcnle\u015fme i\u00e7in temel malzemeleri sunuyor. Prof. Dr. Arthur Staats, Hawaii \u00dcniversitesi, Honolulu   Sa\u011flam kuramsal d\u00fc\u015f\u00fcnce ve zengin klinik malzeme \u00fczerinden temellendirilen bu dizi, psikoterapiye ilgi duyan herkes taraf\u0131ndan okunmal\u0131. Gerek deneyimsiz gerekse deneyimli klinisyenler i\u00e7in ise bir hazine niteli\u011finde. -Prof. Dr. Lillian Comas-Diaz, George Washington \u00dcniversitesi, Washington, Dc <\/p>\n","protected":false},"excerpt":{"rendered":"<p>Feminist TerapiLaura S. Brown Feminist Terapi, kad\u0131nlar ile g\u00fcc\u00fc elinden al\u0131nm\u0131\u015f gruplar\u0131n ataerkil yakla\u015f\u0131mlar i\u00e7eren geleneksel psikoterapi y\u00f6ntemlerine kar\u015f\u0131 duyduklar\u0131 ho\u015fnutsuzluk nedeniyle ortaya \u00e7\u0131km\u0131\u015ft\u0131r. Ba\u015flang\u0131\u00e7ta \u00e7a\u011f\u0131n<span class=\"excerpt-hellip\"> [\u2026]<\/span><\/p>\n","protected":false},"featured_media":0,"template":"","meta":{"_monsterinsights_skip_tracking":false,"_monsterinsights_sitenote_active":false,"_monsterinsights_sitenote_note":"","_monsterinsights_sitenote_category":0},"product_brand":[],"product_cat":[12358,12357],"product_tag":[],"class_list":{"0":"post-741674","1":"product","2":"type-product","3":"status-publish","5":"product_cat-genel-psikoloji","6":"product_cat-psikoloji","7":"pa_cilt-ciltsiz","8":"pa_tur-kitap","9":"pa_yayinevi-okuyan-us-yayin","10":"pa_yazar-laura-s-brown","12":"first","13":"instock","14":"sale","15":"shipping-taxable","16":"purchasable","17":"product-type-simple"},"_links":{"self":[{"href":"https:\/\/roveyayinevi.com.tr\/index.php\/wp-json\/wp\/v2\/product\/741674","targetHints":{"allow":["GET"]}}],"collection":[{"href":"https:\/\/roveyayinevi.com.tr\/index.php\/wp-json\/wp\/v2\/product"}],"about":[{"href":"https:\/\/roveyayinevi.com.tr\/index.php\/wp-json\/wp\/v2\/types\/product"}],"wp:attachment":[{"href":"https:\/\/roveyayinevi.com.tr\/index.php\/wp-json\/wp\/v2\/media?parent=741674"}],"wp:term":[{"taxonomy":"product_brand","embeddable":true,"href":"https:\/\/roveyayinevi.com.tr\/index.php\/wp-json\/wp\/v2\/product_brand?post=741674"},{"taxonomy":"product_cat","embeddable":true,"href":"https:\/\/roveyayinevi.com.tr\/index.php\/wp-json\/wp\/v2\/product_cat?post=741674"},{"taxonomy":"product_tag","embeddable":true,"href":"https:\/\/roveyayinevi.com.tr\/index.php\/wp-json\/wp\/v2\/product_tag?post=741674"}],"curies":[{"name":"wp","href":"https:\/\/api.w.org\/{rel}","templated":true}]}}