{"id":741673,"date":"2025-08-28T00:54:35","date_gmt":"2025-08-27T21:54:35","guid":{"rendered":"https:\/\/roveyayinevi.com.tr\/index.php\/urun\/our-playful-world\/"},"modified":"2026-04-16T02:52:49","modified_gmt":"2026-04-15T23:52:49","slug":"our-playful-world","status":"publish","type":"product","link":"https:\/\/roveyayinevi.com.tr\/index.php\/urun\/our-playful-world\/","title":{"rendered":"Our Playful World"},"content":{"rendered":"<p>Themes such as international awareness, rights and freedoms as well as variety have found voice and travelled around the world by meeting with the curiousity and creativity of a child and came back with a plenty of letters. Now, thanks to Sarp the game of the world is ahead of us. Yahoo! We play games! *** Sarp has been excited for days. He had sent letters to children all around the world and asked them to tell him about the games they played.  After days, the mail carrier comes with a bag full of letters. Now, it is time to open them!  Would you like to join him in reading the letters?   Uluslararas\u0131 bilin\u00e7, hak ve \u00f6zg\u00fcrl\u00fckler, \u00e7e\u015fitlilik gibi temalar dile geldiler, bir \u00e7ocu\u011fun merak duygusu ve yarat\u0131c\u0131l\u0131\u011f\u0131yla bulu\u015fup d\u00fcnyay\u0131 gezdiler, bir dolu mektupla da d\u00f6nd\u00fcler. \u015eimdi Sarp\u2019\u0131n sayesinde d\u00fcnyan\u0131n oyunu \u00f6n\u00fcm\u00fczde. Ya\u015fas\u0131n oyun oynamak!   *** Sarp g\u00fcnlerdir heyecan i\u00e7inde. D\u00fcnyan\u0131n d\u00f6rt bir yan\u0131na mektuplar g\u00f6nderdi. \u015eimdi ise mektup arkada\u015flar\u0131ndan yan\u0131t alma zaman\u0131. \u0130\u015fte postac\u0131 geliyor. Bakal\u0131m \u00e7antas\u0131ndan neler \u00e7\u0131kacak? Acaba Sarp hangi oyunlarla tan\u0131\u015facak?   Uzaklardan gelen yepyeni oyunlarla ne\u015felenmeye haz\u0131r m\u0131s\u0131n\u0131z?   \u00d6zden \u00d6zkano\u011flu Dr. \u00d6zkanoglu is an international educator living in Houston, Texas. She is a play advocate who believes that young children reach their best potential through developmentally appropriate play experiences inside and outside. She grew up playing with her sisters and friends all day and still enjoys discovering new games with her students and her own kids.  As a teacher and teacher trainer, Dr. \u00d6zkanoglu has traveled all around the world, visited schools, and worked with amazing teachers who share the same passion for creating a nurturing environment in which children can flourish. She is a nature lover who spends most of her time in the woods with her family observing trees, chasing butterflies, and watching birds.    Yusuf Tansu \u00d6zel Mr. \u00d6zel studied graphics and worked in this field for many years. One day, he decided to follow his dreams and went on a long trip with his family. He saw new places every day and made visual stories of the places he visited. The more he drew, the more he realized how much he loved illustration and painting. After he returned home, he decided to paint for children.   He lives in \u0130stanbul, Turkey, with his wife, son, and daughter. Besides illustrating books, he facilitates creative workshops for children to share his passion for illustration. <\/p>\n","protected":false},"excerpt":{"rendered":"<p>Themes such as international awareness, rights and freedoms as well as variety have found voice and travelled around the world by meeting with the curiousity and<span class=\"excerpt-hellip\"> [\u2026]<\/span><\/p>\n","protected":false},"featured_media":0,"template":"","meta":{"_monsterinsights_skip_tracking":false,"_monsterinsights_sitenote_active":false,"_monsterinsights_sitenote_note":"","_monsterinsights_sitenote_category":0},"product_brand":[],"product_cat":[12274,15842],"product_tag":[],"class_list":{"0":"post-741673","1":"product","2":"type-product","3":"status-publish","5":"product_cat-cocuk-ve-genclik-kitaplari","6":"product_cat-egitici-kitaplar","7":"pa_cilt-ciltsiz","8":"pa_tur-kitap","9":"pa_yayinevi-elma-cocuk","10":"pa_yazar-ozden-ozkanoglu","12":"first","13":"instock","14":"sale","15":"shipping-taxable","16":"purchasable","17":"product-type-simple"},"_links":{"self":[{"href":"https:\/\/roveyayinevi.com.tr\/index.php\/wp-json\/wp\/v2\/product\/741673","targetHints":{"allow":["GET"]}}],"collection":[{"href":"https:\/\/roveyayinevi.com.tr\/index.php\/wp-json\/wp\/v2\/product"}],"about":[{"href":"https:\/\/roveyayinevi.com.tr\/index.php\/wp-json\/wp\/v2\/types\/product"}],"wp:attachment":[{"href":"https:\/\/roveyayinevi.com.tr\/index.php\/wp-json\/wp\/v2\/media?parent=741673"}],"wp:term":[{"taxonomy":"product_brand","embeddable":true,"href":"https:\/\/roveyayinevi.com.tr\/index.php\/wp-json\/wp\/v2\/product_brand?post=741673"},{"taxonomy":"product_cat","embeddable":true,"href":"https:\/\/roveyayinevi.com.tr\/index.php\/wp-json\/wp\/v2\/product_cat?post=741673"},{"taxonomy":"product_tag","embeddable":true,"href":"https:\/\/roveyayinevi.com.tr\/index.php\/wp-json\/wp\/v2\/product_tag?post=741673"}],"curies":[{"name":"wp","href":"https:\/\/api.w.org\/{rel}","templated":true}]}}