{"id":741672,"date":"2025-08-28T00:54:33","date_gmt":"2025-08-27T21:54:33","guid":{"rendered":"https:\/\/roveyayinevi.com.tr\/index.php\/urun\/kambur-2\/"},"modified":"2026-04-16T02:52:49","modified_gmt":"2026-04-15T23:52:49","slug":"kambur-2","status":"publish","type":"product","link":"https:\/\/roveyayinevi.com.tr\/index.php\/urun\/kambur-2\/","title":{"rendered":"Kambur"},"content":{"rendered":"<p>Hakan, 2020 y\u0131l\u0131nda sava\u015ftan birka\u00e7 g\u00fcn sonra Bak\u00fc&#8217;de kar\u015f\u0131la\u015ft\u0131\u011f\u0131 \u015eule ile k\u0131sa bir s\u00fcre sonra arkada\u015fl\u0131k kurar, o zorlu s\u00fcre\u00e7te yeni arkada\u015f\u0131n\u0131n etkileyici hayat \u00f6yk\u00fcs\u00fcn\u00fc dinler. Hakan, y\u0131l\u0131n sonunda memleketine geri d\u00f6ner. \u015eule ise ya\u015fad\u0131\u011f\u0131 a\u011f\u0131r kayb\u0131n ard\u0131ndan iyile\u015fme s\u00fcrecine ba\u015flar ve kendine yeni bir sayfa a\u00e7ar.   Bir bu\u00e7uk y\u0131l sonra yollar\u0131 \u0130stanbul&#8217;da yeniden kesi\u015fince, bu sefer Hakan&#8217;\u0131n farkl\u0131 ve gizemli tav\u0131rlar\u0131, dahas\u0131 saklamaya \u00e7al\u0131\u015ft\u0131\u011f\u0131 ger\u00e7ekler \u015eule&#8217;nin dikkatini \u00e7eker. \u015eule&#8217;nin \u0131srar ve devaml\u0131 deste\u011finden sonra Hakan&#8217;\u0131n anlatt\u0131\u011f\u0131 hayat hik\u00e2yesi, y\u0131llard\u0131r saklanm\u0131\u015f olan ve hayat\u0131n\u0131 zorla\u015ft\u0131ran psikolojik sorunu, s\u0131rl\u0131 ge\u00e7mi\u015fi ve korkular\u0131n\u0131 ortaya \u00e7\u0131karacakt\u0131r.<\/p>\n","protected":false},"excerpt":{"rendered":"<p>Hakan, 2020 y\u0131l\u0131nda sava\u015ftan birka\u00e7 g\u00fcn sonra Bak\u00fc&#8217;de kar\u015f\u0131la\u015ft\u0131\u011f\u0131 \u015eule ile k\u0131sa bir s\u00fcre sonra arkada\u015fl\u0131k kurar, o zorlu s\u00fcre\u00e7te yeni arkada\u015f\u0131n\u0131n etkileyici hayat \u00f6yk\u00fcs\u00fcn\u00fc dinler.<span class=\"excerpt-hellip\"> [\u2026]<\/span><\/p>\n","protected":false},"featured_media":0,"template":"","meta":{"_monsterinsights_skip_tracking":false,"_monsterinsights_sitenote_active":false,"_monsterinsights_sitenote_note":"","_monsterinsights_sitenote_category":0},"product_brand":[],"product_cat":[12291,12711],"product_tag":[],"class_list":{"0":"post-741672","1":"product","2":"type-product","3":"status-publish","5":"product_cat-edebiyat","6":"product_cat-roman-oyku","7":"pa_cilt-ciltsiz","8":"pa_tur-kitap","9":"pa_yayinevi-elpis-yayinlari","10":"pa_yazar-nicat-yusuf","12":"first","13":"instock","14":"sale","15":"shipping-taxable","16":"purchasable","17":"product-type-simple"},"_links":{"self":[{"href":"https:\/\/roveyayinevi.com.tr\/index.php\/wp-json\/wp\/v2\/product\/741672","targetHints":{"allow":["GET"]}}],"collection":[{"href":"https:\/\/roveyayinevi.com.tr\/index.php\/wp-json\/wp\/v2\/product"}],"about":[{"href":"https:\/\/roveyayinevi.com.tr\/index.php\/wp-json\/wp\/v2\/types\/product"}],"wp:attachment":[{"href":"https:\/\/roveyayinevi.com.tr\/index.php\/wp-json\/wp\/v2\/media?parent=741672"}],"wp:term":[{"taxonomy":"product_brand","embeddable":true,"href":"https:\/\/roveyayinevi.com.tr\/index.php\/wp-json\/wp\/v2\/product_brand?post=741672"},{"taxonomy":"product_cat","embeddable":true,"href":"https:\/\/roveyayinevi.com.tr\/index.php\/wp-json\/wp\/v2\/product_cat?post=741672"},{"taxonomy":"product_tag","embeddable":true,"href":"https:\/\/roveyayinevi.com.tr\/index.php\/wp-json\/wp\/v2\/product_tag?post=741672"}],"curies":[{"name":"wp","href":"https:\/\/api.w.org\/{rel}","templated":true}]}}