{"id":741670,"date":"2025-08-28T00:54:30","date_gmt":"2025-08-27T21:54:30","guid":{"rendered":"https:\/\/roveyayinevi.com.tr\/index.php\/urun\/adi-yok-siirlerin\/"},"modified":"2026-04-16T02:52:49","modified_gmt":"2026-04-15T23:52:49","slug":"adi-yok-siirlerin","status":"publish","type":"product","link":"https:\/\/roveyayinevi.com.tr\/index.php\/urun\/adi-yok-siirlerin\/","title":{"rendered":"Ad\u0131 Yok \u015eiirlerin"},"content":{"rendered":"<p>Ad\u0131 olmayan \u015fiiri nas\u0131l bulabilirsin D\u00fc\u015f kapan\u0131na yakalanmayan korkular gibi Sabahlara daha var oysa Bizim \u00fczerimize tan\u0131d\u0131\u011f\u0131m\u0131z bulutlar d\u00fc\u015fmeden Y\u00fcre\u011fim sor bana B\u0131rak y\u0131kmas\u0131nlar galata&#8217;y\u0131 Ad\u0131n\u0131 koyamad\u0131\u011f\u0131n bir \u015fiiri nas\u0131l yazabilirsin<\/p>\n","protected":false},"excerpt":{"rendered":"<p>Ad\u0131 olmayan \u015fiiri nas\u0131l bulabilirsin D\u00fc\u015f kapan\u0131na yakalanmayan korkular gibi Sabahlara daha var oysa Bizim \u00fczerimize tan\u0131d\u0131\u011f\u0131m\u0131z bulutlar d\u00fc\u015fmeden Y\u00fcre\u011fim sor bana B\u0131rak y\u0131kmas\u0131nlar galata&#8217;y\u0131 Ad\u0131n\u0131<span class=\"excerpt-hellip\"> [\u2026]<\/span><\/p>\n","protected":false},"featured_media":0,"template":"","meta":{"_monsterinsights_skip_tracking":false,"_monsterinsights_sitenote_active":false,"_monsterinsights_sitenote_note":"","_monsterinsights_sitenote_category":0},"product_brand":[],"product_cat":[12291,12509],"product_tag":[],"class_list":{"0":"post-741670","1":"product","2":"type-product","3":"status-publish","5":"product_cat-edebiyat","6":"product_cat-siir","7":"pa_cilt-ciltsiz","8":"pa_tur-kitap","9":"pa_yayinevi-elpis-yayinlari","10":"pa_yazar-umit-yakinci","12":"first","13":"instock","14":"sale","15":"shipping-taxable","16":"purchasable","17":"product-type-simple"},"_links":{"self":[{"href":"https:\/\/roveyayinevi.com.tr\/index.php\/wp-json\/wp\/v2\/product\/741670","targetHints":{"allow":["GET"]}}],"collection":[{"href":"https:\/\/roveyayinevi.com.tr\/index.php\/wp-json\/wp\/v2\/product"}],"about":[{"href":"https:\/\/roveyayinevi.com.tr\/index.php\/wp-json\/wp\/v2\/types\/product"}],"wp:attachment":[{"href":"https:\/\/roveyayinevi.com.tr\/index.php\/wp-json\/wp\/v2\/media?parent=741670"}],"wp:term":[{"taxonomy":"product_brand","embeddable":true,"href":"https:\/\/roveyayinevi.com.tr\/index.php\/wp-json\/wp\/v2\/product_brand?post=741670"},{"taxonomy":"product_cat","embeddable":true,"href":"https:\/\/roveyayinevi.com.tr\/index.php\/wp-json\/wp\/v2\/product_cat?post=741670"},{"taxonomy":"product_tag","embeddable":true,"href":"https:\/\/roveyayinevi.com.tr\/index.php\/wp-json\/wp\/v2\/product_tag?post=741670"}],"curies":[{"name":"wp","href":"https:\/\/api.w.org\/{rel}","templated":true}]}}