{"id":741669,"date":"2025-08-28T00:54:29","date_gmt":"2025-08-27T21:54:29","guid":{"rendered":"https:\/\/roveyayinevi.com.tr\/index.php\/urun\/mor-sumbulun-fisiltisi\/"},"modified":"2026-04-16T02:52:49","modified_gmt":"2026-04-15T23:52:49","slug":"mor-sumbulun-fisiltisi","status":"publish","type":"product","link":"https:\/\/roveyayinevi.com.tr\/index.php\/urun\/mor-sumbulun-fisiltisi\/","title":{"rendered":"Mor S\u00fcmb\u00fcl\u00fcn F\u0131s\u0131lt\u0131s\u0131"},"content":{"rendered":"<p>B\u00fcy\u00fckannesinin beklenmedik bir \u015fekilde ortadan kaybolmas\u0131 \u00fczerine onun miras\u0131n\u0131 ge\u00e7ici bir s\u00fcreli\u011fine devralan Alya, kendini hi\u00e7 tan\u0131mad\u0131\u011f\u0131, varl\u0131kl\u0131 I\u015f\u0131lay ailesinin bah\u00e7e bek\u00e7isi olarak bulur. Ba\u015fta bunu normal bir g\u00f6rev olarak \u00fcstlenece\u011fini d\u00fc\u015f\u00fcnse de i\u015fler tam tersi y\u00f6n\u00fc g\u00f6stermektedir: bah\u00e7edeki s\u00fcmb\u00fcller Alya&#8217;ya bilmeceler f\u0131s\u0131ld\u0131yorlard\u0131r. Hem de bu \u015fiirli bilmeceler, I\u015f\u0131lay ailesinin tahmin dahi edilemeyecek karanl\u0131k s\u0131rlar\u0131n\u0131n ortaya \u00e7\u0131kmas\u0131na vesile olacak bir s\u00fcrecin ilk filizlenen tohumlar\u0131 olacakt\u0131r.<\/p>\n","protected":false},"excerpt":{"rendered":"<p>B\u00fcy\u00fckannesinin beklenmedik bir \u015fekilde ortadan kaybolmas\u0131 \u00fczerine onun miras\u0131n\u0131 ge\u00e7ici bir s\u00fcreli\u011fine devralan Alya, kendini hi\u00e7 tan\u0131mad\u0131\u011f\u0131, varl\u0131kl\u0131 I\u015f\u0131lay ailesinin bah\u00e7e bek\u00e7isi olarak bulur. Ba\u015fta bunu<span class=\"excerpt-hellip\"> [\u2026]<\/span><\/p>\n","protected":false},"featured_media":0,"template":"","meta":{"_monsterinsights_skip_tracking":false,"_monsterinsights_sitenote_active":false,"_monsterinsights_sitenote_note":"","_monsterinsights_sitenote_category":0},"product_brand":[],"product_cat":[12291,12711],"product_tag":[],"class_list":{"0":"post-741669","1":"product","2":"type-product","3":"status-publish","5":"product_cat-edebiyat","6":"product_cat-roman-oyku","7":"pa_cilt-ciltsiz","8":"pa_tur-kitap","9":"pa_yayinevi-elpis-yayinlari","10":"pa_yazar-ekin-millioglu","12":"first","13":"instock","14":"sale","15":"shipping-taxable","16":"purchasable","17":"product-type-simple"},"_links":{"self":[{"href":"https:\/\/roveyayinevi.com.tr\/index.php\/wp-json\/wp\/v2\/product\/741669","targetHints":{"allow":["GET"]}}],"collection":[{"href":"https:\/\/roveyayinevi.com.tr\/index.php\/wp-json\/wp\/v2\/product"}],"about":[{"href":"https:\/\/roveyayinevi.com.tr\/index.php\/wp-json\/wp\/v2\/types\/product"}],"wp:attachment":[{"href":"https:\/\/roveyayinevi.com.tr\/index.php\/wp-json\/wp\/v2\/media?parent=741669"}],"wp:term":[{"taxonomy":"product_brand","embeddable":true,"href":"https:\/\/roveyayinevi.com.tr\/index.php\/wp-json\/wp\/v2\/product_brand?post=741669"},{"taxonomy":"product_cat","embeddable":true,"href":"https:\/\/roveyayinevi.com.tr\/index.php\/wp-json\/wp\/v2\/product_cat?post=741669"},{"taxonomy":"product_tag","embeddable":true,"href":"https:\/\/roveyayinevi.com.tr\/index.php\/wp-json\/wp\/v2\/product_tag?post=741669"}],"curies":[{"name":"wp","href":"https:\/\/api.w.org\/{rel}","templated":true}]}}