{"id":741668,"date":"2025-08-28T00:54:27","date_gmt":"2025-08-27T21:54:27","guid":{"rendered":"https:\/\/roveyayinevi.com.tr\/index.php\/urun\/makberimden\/"},"modified":"2026-04-16T02:52:49","modified_gmt":"2026-04-15T23:52:49","slug":"makberimden","status":"publish","type":"product","link":"https:\/\/roveyayinevi.com.tr\/index.php\/urun\/makberimden\/","title":{"rendered":"Makberimden"},"content":{"rendered":"<p>\u201cA\u011f\u0131r s\u00f6zler ge\u00e7irmeli ya\u015fam\u0131n koca bi\u00e7imsiz kafas\u0131na. Hakk\u0131d\u0131r bu, haks\u0131z ya\u015famlar\u0131n sonu\u00e7ta. Yaza yaza bitirememi\u015f mahir yazarlar, \u00fcstatlar, biz mi bitirece\u011fiz, demeden yazmal\u0131. \u00d6yle yazmal\u0131 ki kelimeler c\u00fcmleden ka\u00e7mak istemeli. Oynamal\u0131 hayatla, kapat\u0131p uzun paragraflar\u0131n \u00fczerini, noktaya hasret b\u0131rakmal\u0131 c\u00fcmleyi.\u201d<\/p>\n","protected":false},"excerpt":{"rendered":"<p>\u201cA\u011f\u0131r s\u00f6zler ge\u00e7irmeli ya\u015fam\u0131n koca bi\u00e7imsiz kafas\u0131na. Hakk\u0131d\u0131r bu, haks\u0131z ya\u015famlar\u0131n sonu\u00e7ta. Yaza yaza bitirememi\u015f mahir yazarlar, \u00fcstatlar, biz mi bitirece\u011fiz, demeden yazmal\u0131. \u00d6yle yazmal\u0131 ki<span class=\"excerpt-hellip\"> [\u2026]<\/span><\/p>\n","protected":false},"featured_media":0,"template":"","meta":{"_monsterinsights_skip_tracking":false,"_monsterinsights_sitenote_active":false,"_monsterinsights_sitenote_note":"","_monsterinsights_sitenote_category":0},"product_brand":[],"product_cat":[12291,12509],"product_tag":[],"class_list":{"0":"post-741668","1":"product","2":"type-product","3":"status-publish","5":"product_cat-edebiyat","6":"product_cat-siir","7":"pa_cilt-ciltsiz","8":"pa_tur-kitap","9":"pa_yayinevi-elpis-yayinlari","10":"pa_yazar-hatice-balci-artuk","12":"first","13":"instock","14":"sale","15":"shipping-taxable","16":"purchasable","17":"product-type-simple"},"_links":{"self":[{"href":"https:\/\/roveyayinevi.com.tr\/index.php\/wp-json\/wp\/v2\/product\/741668","targetHints":{"allow":["GET"]}}],"collection":[{"href":"https:\/\/roveyayinevi.com.tr\/index.php\/wp-json\/wp\/v2\/product"}],"about":[{"href":"https:\/\/roveyayinevi.com.tr\/index.php\/wp-json\/wp\/v2\/types\/product"}],"wp:attachment":[{"href":"https:\/\/roveyayinevi.com.tr\/index.php\/wp-json\/wp\/v2\/media?parent=741668"}],"wp:term":[{"taxonomy":"product_brand","embeddable":true,"href":"https:\/\/roveyayinevi.com.tr\/index.php\/wp-json\/wp\/v2\/product_brand?post=741668"},{"taxonomy":"product_cat","embeddable":true,"href":"https:\/\/roveyayinevi.com.tr\/index.php\/wp-json\/wp\/v2\/product_cat?post=741668"},{"taxonomy":"product_tag","embeddable":true,"href":"https:\/\/roveyayinevi.com.tr\/index.php\/wp-json\/wp\/v2\/product_tag?post=741668"}],"curies":[{"name":"wp","href":"https:\/\/api.w.org\/{rel}","templated":true}]}}