{"id":741667,"date":"2025-08-28T00:54:26","date_gmt":"2025-08-27T21:54:26","guid":{"rendered":"https:\/\/roveyayinevi.com.tr\/index.php\/urun\/karagozculer-icin-tarih-dersleri\/"},"modified":"2026-04-16T02:52:49","modified_gmt":"2026-04-15T23:52:49","slug":"karagozculer-icin-tarih-dersleri","status":"publish","type":"product","link":"https:\/\/roveyayinevi.com.tr\/index.php\/urun\/karagozculer-icin-tarih-dersleri\/","title":{"rendered":"Karag\u00f6zc\u00fcler \u0130\u00e7in Tarih Dersleri"},"content":{"rendered":"<p>Ben unutuyorum ama ta\u015f unutmuyor asla suda sektirili\u015fi \u00c7\u00fcnk\u00fc ta\u015f biliyor ki su hep ayn\u0131 hevesle z\u0131platacak onu g\u00f6\u011fs\u00fcnde Ve su biliyor ki hi\u00e7bir \u015fey canl\u0131 kalmayacak istese de \u00fcst\u00fcnde   Dip denen garip ve gri bir adresi var \u015fu bi\u00e7imsiz d\u00fcnyan\u0131n Her ta\u015f bilerek do\u011far g\u00fcn\u00fcn birinde kum olaca\u011f\u0131n\u0131 Bu y\u00fczden hep tarifsiz bir sanc\u0131 gibi ta\u015f\u0131r \u00e7\u00f6l\u00fcn\u00fc i\u00e7inde Unutmay\u0131 \u00f6\u011frendi\u011fimi bile \u015fehvetle unutmu\u015fken Ama\u00e7s\u0131z sava\u015flar girdi araya Takvimler ekinokslar d\u00f6ng\u00fcler K\u0131zd\u0131r\u0131lm\u0131\u015f cemreler d\u00f6k\u00fcld\u00fc \u00fcst\u00fcm\u00fcze kalenin bur\u00e7lar\u0131ndan \u00d6yle bir \u00e7a\u011fa denk geldik ki lirizminden soyundu insanl\u0131k Ve ben \u00e7oktan unuttum Okul har\u00e7l\u0131klar\u0131na s\u0131\u011fan bakkal mutlulu\u011funu<\/p>\n","protected":false},"excerpt":{"rendered":"<p>Ben unutuyorum ama ta\u015f unutmuyor asla suda sektirili\u015fi \u00c7\u00fcnk\u00fc ta\u015f biliyor ki su hep ayn\u0131 hevesle z\u0131platacak onu g\u00f6\u011fs\u00fcnde Ve su biliyor ki hi\u00e7bir \u015fey canl\u0131<span class=\"excerpt-hellip\"> [\u2026]<\/span><\/p>\n","protected":false},"featured_media":0,"template":"","meta":{"_monsterinsights_skip_tracking":false,"_monsterinsights_sitenote_active":false,"_monsterinsights_sitenote_note":"","_monsterinsights_sitenote_category":0},"product_brand":[],"product_cat":[12291,12509],"product_tag":[],"class_list":{"0":"post-741667","1":"product","2":"type-product","3":"status-publish","5":"product_cat-edebiyat","6":"product_cat-siir","7":"pa_cilt-ciltsiz","8":"pa_tur-kitap","9":"pa_yayinevi-elpis-yayinlari","10":"pa_yazar-can-sinanoglu","12":"first","13":"instock","14":"sale","15":"shipping-taxable","16":"purchasable","17":"product-type-simple"},"_links":{"self":[{"href":"https:\/\/roveyayinevi.com.tr\/index.php\/wp-json\/wp\/v2\/product\/741667","targetHints":{"allow":["GET"]}}],"collection":[{"href":"https:\/\/roveyayinevi.com.tr\/index.php\/wp-json\/wp\/v2\/product"}],"about":[{"href":"https:\/\/roveyayinevi.com.tr\/index.php\/wp-json\/wp\/v2\/types\/product"}],"wp:attachment":[{"href":"https:\/\/roveyayinevi.com.tr\/index.php\/wp-json\/wp\/v2\/media?parent=741667"}],"wp:term":[{"taxonomy":"product_brand","embeddable":true,"href":"https:\/\/roveyayinevi.com.tr\/index.php\/wp-json\/wp\/v2\/product_brand?post=741667"},{"taxonomy":"product_cat","embeddable":true,"href":"https:\/\/roveyayinevi.com.tr\/index.php\/wp-json\/wp\/v2\/product_cat?post=741667"},{"taxonomy":"product_tag","embeddable":true,"href":"https:\/\/roveyayinevi.com.tr\/index.php\/wp-json\/wp\/v2\/product_tag?post=741667"}],"curies":[{"name":"wp","href":"https:\/\/api.w.org\/{rel}","templated":true}]}}