{"id":741665,"date":"2025-08-28T00:54:25","date_gmt":"2025-08-27T21:54:25","guid":{"rendered":"https:\/\/roveyayinevi.com.tr\/index.php\/urun\/zekanin-gorsel-tarihi\/"},"modified":"2026-04-16T02:52:49","modified_gmt":"2026-04-15T23:52:49","slug":"zekanin-gorsel-tarihi","status":"publish","type":"product","link":"https:\/\/roveyayinevi.com.tr\/index.php\/urun\/zekanin-gorsel-tarihi\/","title":{"rendered":"Zekan\u0131n G\u00f6rsel Tarihi"},"content":{"rendered":"<p>Bu kitapta, t\u00fcr\u00fcm\u00fcz ma\u011faralar\u0131 s\u00fcslemeye ba\u015flad\u0131\u011f\u0131ndan bu yana bize e\u015flik eden zek\u00e2 bi\u00e7imlerimizin b\u00fcy\u00fcleyici hik\u00e2yesini anlatmaya \u00e7al\u0131\u015ft\u0131m; dilsel ve g\u00f6rsel olarak. Haritalar\u0131, grafikleri, planlar\u0131, karikat\u00fcrleri ve resimli kitaplar\u0131 soyutlay\u0131p bir araya toplama yetene\u011fi beni hep b\u00fcy\u00fclemi\u015ftir. \u0130yi bir \u00e7izim, karma\u015f\u0131k bir sav\u0131 sentezleyebilir. G\u00f6rsel sezgi o kadar g\u00fc\u00e7l\u00fcd\u00fcr ki bir \u015feyi anlad\u0131\u011f\u0131m\u0131z\u0131 belirtmek i\u00e7in &#8220;art\u0131k g\u00f6r\u00fcyorum&#8221; deriz. S\u00f6zc\u00fckler analiz etmeye, \u00e7izimlerse odaklamaya yarar. Marcus Carus ve ben becerebildiysek, bu kitap bir havai fi\u015fek g\u00f6sterisinin par\u00e7as\u0131na d\u00f6n\u00fc\u015fecektir. Bir g\u00f6r\u00fcnt\u00fc, g\u00fczel bir anlam da\u011f\u0131l\u0131m\u0131 i\u00e7inde \u00e7ok ba\u015far\u0131l\u0131 olabilir. Deneyimin tad\u0131n\u0131 \u00e7\u0131kar\u0131n. JOSE ANTONIO MARINA<\/p>\n","protected":false},"excerpt":{"rendered":"<p>Bu kitapta, t\u00fcr\u00fcm\u00fcz ma\u011faralar\u0131 s\u00fcslemeye ba\u015flad\u0131\u011f\u0131ndan bu yana bize e\u015flik eden zek\u00e2 bi\u00e7imlerimizin b\u00fcy\u00fcleyici hik\u00e2yesini anlatmaya \u00e7al\u0131\u015ft\u0131m; dilsel ve g\u00f6rsel olarak. Haritalar\u0131, grafikleri, planlar\u0131, karikat\u00fcrleri ve<span class=\"excerpt-hellip\"> [\u2026]<\/span><\/p>\n","protected":false},"featured_media":0,"template":"","meta":{"_monsterinsights_skip_tracking":false,"_monsterinsights_sitenote_active":false,"_monsterinsights_sitenote_note":"","_monsterinsights_sitenote_category":0},"product_brand":[],"product_cat":[13005,13006],"product_tag":[],"class_list":{"0":"post-741665","1":"product","2":"type-product","3":"status-publish","5":"product_cat-bilim-muhendislik","6":"product_cat-populer-bilim","7":"pa_cilt-ciltsiz","8":"pa_tur-kitap","9":"pa_yayinevi-orenda","10":"pa_yazar-jose-antonio-marina","12":"first","13":"instock","14":"sale","15":"shipping-taxable","16":"purchasable","17":"product-type-simple"},"_links":{"self":[{"href":"https:\/\/roveyayinevi.com.tr\/index.php\/wp-json\/wp\/v2\/product\/741665","targetHints":{"allow":["GET"]}}],"collection":[{"href":"https:\/\/roveyayinevi.com.tr\/index.php\/wp-json\/wp\/v2\/product"}],"about":[{"href":"https:\/\/roveyayinevi.com.tr\/index.php\/wp-json\/wp\/v2\/types\/product"}],"wp:attachment":[{"href":"https:\/\/roveyayinevi.com.tr\/index.php\/wp-json\/wp\/v2\/media?parent=741665"}],"wp:term":[{"taxonomy":"product_brand","embeddable":true,"href":"https:\/\/roveyayinevi.com.tr\/index.php\/wp-json\/wp\/v2\/product_brand?post=741665"},{"taxonomy":"product_cat","embeddable":true,"href":"https:\/\/roveyayinevi.com.tr\/index.php\/wp-json\/wp\/v2\/product_cat?post=741665"},{"taxonomy":"product_tag","embeddable":true,"href":"https:\/\/roveyayinevi.com.tr\/index.php\/wp-json\/wp\/v2\/product_tag?post=741665"}],"curies":[{"name":"wp","href":"https:\/\/api.w.org\/{rel}","templated":true}]}}