{"id":741662,"date":"2025-08-28T00:54:21","date_gmt":"2025-08-27T21:54:21","guid":{"rendered":"https:\/\/roveyayinevi.com.tr\/index.php\/urun\/kanuni-sultan-suleyman-6\/"},"modified":"2026-04-16T02:52:49","modified_gmt":"2026-04-15T23:52:49","slug":"kanuni-sultan-suleyman-6","status":"publish","type":"product","link":"https:\/\/roveyayinevi.com.tr\/index.php\/urun\/kanuni-sultan-suleyman-6\/","title":{"rendered":"Kanuni Sultan S\u00fcleyman"},"content":{"rendered":"<p>Dedemle tarih gezileri yapmaya ba\u015flad\u0131k yak\u0131n zamanda. Art\u0131k tarih daha ilgin\u00e7 bir \u015fey g\u00f6z\u00fcmde. S\u00fcrekli tarih kitaplar\u0131 okuyor, tarih\u00ee belgeseller izliyorum. Ge\u00e7mi\u015fle ilgili her \u015feye hemen dikkat kesiliyor, \u00f6\u011frendiklerimi not al\u0131yorum. \u015eimdiden tam \u00fc\u00e7 defter doldurdum. O kadar ilgin\u00e7 \u015feyler ki \u00f6\u011frendiklerimi daha \u00e7ok defter eskitece\u011fim galiba.<\/p>\n","protected":false},"excerpt":{"rendered":"<p>Dedemle tarih gezileri yapmaya ba\u015flad\u0131k yak\u0131n zamanda. Art\u0131k tarih daha ilgin\u00e7 bir \u015fey g\u00f6z\u00fcmde. S\u00fcrekli tarih kitaplar\u0131 okuyor, tarih\u00ee belgeseller izliyorum. Ge\u00e7mi\u015fle ilgili her \u015feye hemen<span class=\"excerpt-hellip\"> [\u2026]<\/span><\/p>\n","protected":false},"featured_media":0,"template":"","meta":{"_monsterinsights_skip_tracking":false,"_monsterinsights_sitenote_active":false,"_monsterinsights_sitenote_note":"","_monsterinsights_sitenote_category":0},"product_brand":[],"product_cat":[12274,15842],"product_tag":[],"class_list":{"0":"post-741662","1":"product","2":"type-product","3":"status-publish","5":"product_cat-cocuk-ve-genclik-kitaplari","6":"product_cat-egitici-kitaplar","7":"pa_cilt-ciltsiz","8":"pa_tur-kitap","9":"pa_yayinevi-yeditepe-yayinevi","10":"pa_yazar-ercan-yilmaz","12":"first","13":"instock","14":"sale","15":"shipping-taxable","16":"purchasable","17":"product-type-simple"},"_links":{"self":[{"href":"https:\/\/roveyayinevi.com.tr\/index.php\/wp-json\/wp\/v2\/product\/741662","targetHints":{"allow":["GET"]}}],"collection":[{"href":"https:\/\/roveyayinevi.com.tr\/index.php\/wp-json\/wp\/v2\/product"}],"about":[{"href":"https:\/\/roveyayinevi.com.tr\/index.php\/wp-json\/wp\/v2\/types\/product"}],"wp:attachment":[{"href":"https:\/\/roveyayinevi.com.tr\/index.php\/wp-json\/wp\/v2\/media?parent=741662"}],"wp:term":[{"taxonomy":"product_brand","embeddable":true,"href":"https:\/\/roveyayinevi.com.tr\/index.php\/wp-json\/wp\/v2\/product_brand?post=741662"},{"taxonomy":"product_cat","embeddable":true,"href":"https:\/\/roveyayinevi.com.tr\/index.php\/wp-json\/wp\/v2\/product_cat?post=741662"},{"taxonomy":"product_tag","embeddable":true,"href":"https:\/\/roveyayinevi.com.tr\/index.php\/wp-json\/wp\/v2\/product_tag?post=741662"}],"curies":[{"name":"wp","href":"https:\/\/api.w.org\/{rel}","templated":true}]}}