{"id":741659,"date":"2025-08-28T00:54:18","date_gmt":"2025-08-27T21:54:18","guid":{"rendered":"https:\/\/roveyayinevi.com.tr\/index.php\/urun\/kessikumarbitelipinuullikummi-ve-tanrisal-saltanatin-kesin-cokusu\/"},"modified":"2026-04-16T02:52:48","modified_gmt":"2026-04-15T23:52:48","slug":"kessikumarbitelipinuullikummi-ve-tanrisal-saltanatin-kesin-cokusu","status":"publish","type":"product","link":"https:\/\/roveyayinevi.com.tr\/index.php\/urun\/kessikumarbitelipinuullikummi-ve-tanrisal-saltanatin-kesin-cokusu\/","title":{"rendered":"Ke\u015f\u015fi,Kumarbi,Telipinu,Ullikummi Ve Tanrisal Saltanatin Kesin \u00c7\u00f6k\u00fc\u015f\u00fc"},"content":{"rendered":"<p>T\u00fcr\u00fcn\u00fcn bir ilki bu mitolojik ve tarihi roman,sizi \u015fimdiye kadar gitmedi\u011finiz,g\u00f6rmedi\u011finiz tan\u0131mad\u0131\u011f\u0131n\u0131z,ad\u0131n\u0131 bile duymad\u0131n\u0131z \u00e7ok de\u011fi\u015fik d\u00fcnyalara,kentlere,k\u00f6ylere,da\u011flara,bay\u0131rlara,g\u00f6klere,denizlere ve ba\u015fkaca co\u011frafi b\u00f6lgelere g\u00f6t\u00fcr\u00fccek,iyisiyle k\u00f6ts\u00fcyle nice tanr\u0131,insan,azman yarat\u0131k,hayvan ak\u0131l almaz olaylar ve do\u011fa g\u00fc\u00e7leriyle tan\u0131\u015ft\u0131racakt\u0131r.G\u00f6rece\u011finiz t\u00fcm yerler,kentler da\u011flar bay\u0131rlar \u015fimdilerde yok olman\u0131n e\u015fi\u011fine gel se de asla uydurma de\u011fil.ger\u00e7ektir. Baz\u0131lar\u0131 sizin de yak\u0131n olarak okuyunca g\u00f6z\u00fcn\u00fczde yeniden \u015fekillencek,onca olaylara gebe olmas\u0131na kar\u015f\u0131n ni\u00e7in \u015fimdiye kadar sizlere anlat\u0131lmad\u011f\u0131na ve g\u00f6rmedi\u011finize \u015fa\u015f\u0131r\u0131p kalacaks\u0131n\u0131z.<\/p>\n","protected":false},"excerpt":{"rendered":"<p>T\u00fcr\u00fcn\u00fcn bir ilki bu mitolojik ve tarihi roman,sizi \u015fimdiye kadar gitmedi\u011finiz,g\u00f6rmedi\u011finiz tan\u0131mad\u0131\u011f\u0131n\u0131z,ad\u0131n\u0131 bile duymad\u0131n\u0131z \u00e7ok de\u011fi\u015fik d\u00fcnyalara,kentlere,k\u00f6ylere,da\u011flara,bay\u0131rlara,g\u00f6klere,denizlere ve ba\u015fkaca co\u011frafi b\u00f6lgelere g\u00f6t\u00fcr\u00fccek,iyisiyle k\u00f6ts\u00fcyle nice tanr\u0131,insan,azman yarat\u0131k,hayvan<span class=\"excerpt-hellip\"> [\u2026]<\/span><\/p>\n","protected":false},"featured_media":0,"template":"","meta":{"_monsterinsights_skip_tracking":false,"_monsterinsights_sitenote_active":false,"_monsterinsights_sitenote_note":"","_monsterinsights_sitenote_category":0},"product_brand":[],"product_cat":[12312,12304],"product_tag":[],"class_list":{"0":"post-741659","1":"product","2":"type-product","3":"status-publish","5":"product_cat-diger","6":"product_cat-tarih","7":"pa_cilt-ciltsiz","8":"pa_tur-kitap","9":"pa_yayinevi-bilgin-kultur-sanat","10":"pa_yazar-ahmet-unal","12":"first","13":"instock","14":"sale","15":"shipping-taxable","16":"purchasable","17":"product-type-simple"},"_links":{"self":[{"href":"https:\/\/roveyayinevi.com.tr\/index.php\/wp-json\/wp\/v2\/product\/741659","targetHints":{"allow":["GET"]}}],"collection":[{"href":"https:\/\/roveyayinevi.com.tr\/index.php\/wp-json\/wp\/v2\/product"}],"about":[{"href":"https:\/\/roveyayinevi.com.tr\/index.php\/wp-json\/wp\/v2\/types\/product"}],"wp:attachment":[{"href":"https:\/\/roveyayinevi.com.tr\/index.php\/wp-json\/wp\/v2\/media?parent=741659"}],"wp:term":[{"taxonomy":"product_brand","embeddable":true,"href":"https:\/\/roveyayinevi.com.tr\/index.php\/wp-json\/wp\/v2\/product_brand?post=741659"},{"taxonomy":"product_cat","embeddable":true,"href":"https:\/\/roveyayinevi.com.tr\/index.php\/wp-json\/wp\/v2\/product_cat?post=741659"},{"taxonomy":"product_tag","embeddable":true,"href":"https:\/\/roveyayinevi.com.tr\/index.php\/wp-json\/wp\/v2\/product_tag?post=741659"}],"curies":[{"name":"wp","href":"https:\/\/api.w.org\/{rel}","templated":true}]}}