{"id":741653,"date":"2025-08-28T00:54:11","date_gmt":"2025-08-27T21:54:11","guid":{"rendered":"https:\/\/roveyayinevi.com.tr\/index.php\/urun\/kadin-haklarinin-gerekcelendirilmesi-3\/"},"modified":"2026-04-16T02:52:48","modified_gmt":"2026-04-15T23:52:48","slug":"kadin-haklarinin-gerekcelendirilmesi-3","status":"publish","type":"product","link":"https:\/\/roveyayinevi.com.tr\/index.php\/urun\/kadin-haklarinin-gerekcelendirilmesi-3\/","title":{"rendered":"Kad\u0131n Haklar\u0131n\u0131n Gerek\u00e7elendirilmesi"},"content":{"rendered":"<p>Feminist k\u00fclliyat\u0131n bug\u00fcn h\u00e2l\u00e2 ba\u015fvurulan bu ilk ve en temel eseri, kad\u0131nlar\u0131n erkeklerle e\u015fit haklara sahip olmalar\u0131, daha kapsaml\u0131 bir e\u011fitim g\u00f6rebilmeleri, \u00e7al\u0131\u015fmalar\u0131 ve sonu\u00e7ta \u00f6zg\u00fcrle\u015fmeleri gibi, yaz\u0131ld\u0131\u011f\u0131 d\u00f6nemde bir kad\u0131n taraf\u0131ndan a\u011fza al\u0131nmas\u0131 bile imk\u00e2ns\u0131z g\u00f6r\u00fcnen konular\u0131 i\u00e7erir. Kad\u0131n haklar\u0131 savunucusu Wollstonecraft, kad\u0131n\u0131 sistematik bir \u015fekilde maruz b\u0131rak\u0131ld\u0131\u011f\u0131 a\u015fa\u011f\u0131lanmadan kurtarmak u\u011fruna, d\u00fcnyaca \u00fcnl\u00fc yazarlara, d\u00f6nemin sayg\u0131n din adamlar\u0131na, politikac\u0131lar\u0131na korkusuzca verip veri\u015ftirir.   \u00c7a\u011fda\u015flar\u0131n\u0131n aksine, okuma yazma \u00f6\u011frenmeden eline i\u011fne ipli\u011fi al\u0131p nak\u0131\u015f i\u015flemeye ba\u015flayan k\u0131z \u00e7ocuklar\u0131n\u0131 takdirle de\u011fil endi\u015feyle izleyen feminist yazar, kad\u0131nlar\u0131n e\u011fitimini yaln\u0131zca ev i\u015fleriyle s\u0131n\u0131rland\u0131ran milli e\u011fitim raporunu da g\u00f6r\u00fcnce, h\u0131rsla kad\u0131n\u0131 bu noktaya getiren t\u00fcm g\u00f6r\u00fc\u015fleri ak\u0131l y\u00fcr\u00fctmeye dayal\u0131 a\u00e7\u0131klamalarla \u00e7\u00fcr\u00fctmeye koyulur ve kad\u0131n\u0131n, erke\u011fin imk\u00e2nlar\u0131na sahip oldu\u011funda toplumun kazanabilece\u011fi de\u011ferleri savunur.   Kad\u0131nlar\u0131n e\u011fitim, evlilik, \u00e7al\u0131\u015fma gibi farkl\u0131 alanlarda yapmas\u0131 gereken devrimin detaylar\u0131yla anlat\u0131ld\u0131\u011f\u0131 eser, hem Wollstonecraft\u2019\u0131n i\u00e7ten yaz\u0131m\u0131n\u0131 deneyimlemek hem de g\u00fcn\u00fcm\u00fczde kad\u0131n haklar\u0131n\u0131n ve toplumsal cinsiyetin geldi\u011fi noktay\u0131 g\u00f6rebilmek a\u00e7\u0131s\u0131ndan \u00f6nemlidir. <\/p>\n","protected":false},"excerpt":{"rendered":"<p>Feminist k\u00fclliyat\u0131n bug\u00fcn h\u00e2l\u00e2 ba\u015fvurulan bu ilk ve en temel eseri, kad\u0131nlar\u0131n erkeklerle e\u015fit haklara sahip olmalar\u0131, daha kapsaml\u0131 bir e\u011fitim g\u00f6rebilmeleri, \u00e7al\u0131\u015fmalar\u0131 ve sonu\u00e7ta \u00f6zg\u00fcrle\u015fmeleri<span class=\"excerpt-hellip\"> [\u2026]<\/span><\/p>\n","protected":false},"featured_media":0,"template":"","meta":{"_monsterinsights_skip_tracking":false,"_monsterinsights_sitenote_active":false,"_monsterinsights_sitenote_note":"","_monsterinsights_sitenote_category":0},"product_brand":[],"product_cat":[12291,12711],"product_tag":[],"class_list":{"0":"post-741653","1":"product","2":"type-product","3":"status-publish","5":"product_cat-edebiyat","6":"product_cat-roman-oyku","7":"pa_cilt-ciltsiz","8":"pa_tur-kitap","9":"pa_yayinevi-can-yayinlari","10":"pa_yazar-mary-wollstonecraft","12":"first","13":"instock","14":"sale","15":"shipping-taxable","16":"purchasable","17":"product-type-simple"},"_links":{"self":[{"href":"https:\/\/roveyayinevi.com.tr\/index.php\/wp-json\/wp\/v2\/product\/741653","targetHints":{"allow":["GET"]}}],"collection":[{"href":"https:\/\/roveyayinevi.com.tr\/index.php\/wp-json\/wp\/v2\/product"}],"about":[{"href":"https:\/\/roveyayinevi.com.tr\/index.php\/wp-json\/wp\/v2\/types\/product"}],"wp:attachment":[{"href":"https:\/\/roveyayinevi.com.tr\/index.php\/wp-json\/wp\/v2\/media?parent=741653"}],"wp:term":[{"taxonomy":"product_brand","embeddable":true,"href":"https:\/\/roveyayinevi.com.tr\/index.php\/wp-json\/wp\/v2\/product_brand?post=741653"},{"taxonomy":"product_cat","embeddable":true,"href":"https:\/\/roveyayinevi.com.tr\/index.php\/wp-json\/wp\/v2\/product_cat?post=741653"},{"taxonomy":"product_tag","embeddable":true,"href":"https:\/\/roveyayinevi.com.tr\/index.php\/wp-json\/wp\/v2\/product_tag?post=741653"}],"curies":[{"name":"wp","href":"https:\/\/api.w.org\/{rel}","templated":true}]}}