{"id":741649,"date":"2025-08-28T00:54:05","date_gmt":"2025-08-27T21:54:05","guid":{"rendered":"https:\/\/roveyayinevi.com.tr\/index.php\/urun\/dunya-ortak-evimiz\/"},"modified":"2026-04-16T02:52:48","modified_gmt":"2026-04-15T23:52:48","slug":"dunya-ortak-evimiz","status":"publish","type":"product","link":"https:\/\/roveyayinevi.com.tr\/index.php\/urun\/dunya-ortak-evimiz\/","title":{"rendered":"D\u00fcnya Ortak Evimiz"},"content":{"rendered":"<p>\u201cHawaii Adalar\u0131\u2019nda nesli t\u00fckenen endemik bir t\u00fcr olan Kauai ku\u015funun, 1987\u2019de kaydedilen son sesini dinledi\u011fimde insano\u011flunun tabiat \u00fczerine kurdu\u011fu ac\u0131mas\u0131z bask\u0131n\u0131n \u00fcrperten melodisiyle y\u00fczle\u015ftim. Letafetiyle y\u00fcrekleri yumu\u015fatan bu ku\u015f t\u00fcr\u00fc, di\u015filerin ve erkeklerin birbirlerine s\u00f6yledikleri \u015fark\u0131larla me\u015fhurdu. Ne var ki ya\u015fad\u0131klar\u0131 b\u00f6lgeye gelen insanlar\u0131n getirdi\u011fi kentle\u015fmenin ve k\u00fcresel \u0131s\u0131nman\u0131n etkisiyle de\u011fi\u015fen dengelere yenik d\u00fc\u015ft\u00fcler. Tek tek d\u00fcnyadan ayr\u0131ld\u0131lar. Onlar art\u0131k yaln\u0131zca masallarda ya\u015fayacaklar. Sesleri bu \u00e2lemde bir daha asla i\u015fitilmeyecek. T\u00fcm bunlara ra\u011fmen umudumuz var.   Bu kitapta, do\u011fan\u0131n dostu olan, onun sesine kulak kesilip s\u00f6ylediklerini bize terc\u00fcme eden kendisini do\u011fan\u0131n bir par\u00e7as\u0131 olarak g\u00f6renlerin hik\u00e2yeleri var. Hik\u00e2yelerimiz birbirimize ilham, tabiata \u015fifa olsun! Hayat\u0131m\u0131z\u0131 faydal\u0131 olmak ilkesiyle ta\u00e7land\u0131rabilirsek att\u0131\u011f\u0131m\u0131z her ad\u0131m iyilikten yana olacakt\u0131r. Tabiat\u0131 ve t\u00fcm canl\u0131lar\u0131 tan\u0131maya ve onlar hakk\u0131nda daha fazla bilgi sahibi olmaya \u00e7al\u0131\u015fmal\u0131y\u0131z. Bu d\u00fcnya ortak evimiz. Bu evi g\u00fczel ve temiz tutmak, gelecek nesillerin de yuvas\u0131 k\u0131lmak bizlerin ortak y\u00fck\u00fcml\u00fcl\u00fc\u011f\u00fc.\u201d (Emine Erdo\u011fan) <\/p>\n","protected":false},"excerpt":{"rendered":"<p>\u201cHawaii Adalar\u0131\u2019nda nesli t\u00fckenen endemik bir t\u00fcr olan Kauai ku\u015funun, 1987\u2019de kaydedilen son sesini dinledi\u011fimde insano\u011flunun tabiat \u00fczerine kurdu\u011fu ac\u0131mas\u0131z bask\u0131n\u0131n \u00fcrperten melodisiyle y\u00fczle\u015ftim. Letafetiyle y\u00fcrekleri<span class=\"excerpt-hellip\"> [\u2026]<\/span><\/p>\n","protected":false},"featured_media":0,"template":"","meta":{"_monsterinsights_skip_tracking":false,"_monsterinsights_sitenote_active":false,"_monsterinsights_sitenote_note":"","_monsterinsights_sitenote_category":0},"product_brand":[],"product_cat":[13072,12291],"product_tag":[],"class_list":{"0":"post-741649","1":"product","2":"type-product","3":"status-publish","5":"product_cat-arastirma-inceleme-referans","6":"product_cat-edebiyat","7":"pa_cilt-ciltsiz","8":"pa_tur-kitap","9":"pa_yayinevi-turkuvaz-kitap","10":"pa_yazar-sumeyra-m-kilinc","12":"first","13":"instock","14":"sale","15":"shipping-taxable","16":"purchasable","17":"product-type-simple"},"_links":{"self":[{"href":"https:\/\/roveyayinevi.com.tr\/index.php\/wp-json\/wp\/v2\/product\/741649","targetHints":{"allow":["GET"]}}],"collection":[{"href":"https:\/\/roveyayinevi.com.tr\/index.php\/wp-json\/wp\/v2\/product"}],"about":[{"href":"https:\/\/roveyayinevi.com.tr\/index.php\/wp-json\/wp\/v2\/types\/product"}],"wp:attachment":[{"href":"https:\/\/roveyayinevi.com.tr\/index.php\/wp-json\/wp\/v2\/media?parent=741649"}],"wp:term":[{"taxonomy":"product_brand","embeddable":true,"href":"https:\/\/roveyayinevi.com.tr\/index.php\/wp-json\/wp\/v2\/product_brand?post=741649"},{"taxonomy":"product_cat","embeddable":true,"href":"https:\/\/roveyayinevi.com.tr\/index.php\/wp-json\/wp\/v2\/product_cat?post=741649"},{"taxonomy":"product_tag","embeddable":true,"href":"https:\/\/roveyayinevi.com.tr\/index.php\/wp-json\/wp\/v2\/product_tag?post=741649"}],"curies":[{"name":"wp","href":"https:\/\/api.w.org\/{rel}","templated":true}]}}