{"id":741648,"date":"2025-08-28T00:54:04","date_gmt":"2025-08-27T21:54:04","guid":{"rendered":"https:\/\/roveyayinevi.com.tr\/index.php\/urun\/dijital-kaos\/"},"modified":"2026-04-16T02:52:48","modified_gmt":"2026-04-15T23:52:48","slug":"dijital-kaos","status":"publish","type":"product","link":"https:\/\/roveyayinevi.com.tr\/index.php\/urun\/dijital-kaos\/","title":{"rendered":"Dijital Kaos"},"content":{"rendered":"<p>\u0130lk anda tedirginlik yaratsa da \u201ckaos\u201d ba\u015flang\u0131c\u0131n ta kendisidir!De\u011fil midir?   Bal\u0131k(s\u0131) haf\u0131zalar\u0131m\u0131z gittik\u00e7e daha da s\u0131\u011fla\u015f\u0131yor. Her \u015fey elimizin alt\u0131nda (cebimizin i\u00e7inde) durdu\u011fu i\u00e7in akl\u0131m\u0131zda tutmam\u0131za gerek yok, en olmad\u0131 a\u00e7ar, Google hazretlerine sorar\u0131z&#8230; Kitab\u0131 ekrandan ay\u0131ran ince ve derin \u00e7izgiyi seviyor, bu y\u00fczden derliyoruz2016-2022 aras\u0131nda dijital d\u00fcnyada olup bitenler hakk\u0131nda yaz\u0131lm\u0131\u015f bu makaleleri&#8230; O vakitler neler olmu\u015ftu da bug\u00fcnlere neden-nas\u0131l geldi d\u00fcnya, bu Dijital Kaos nas\u0131l ba\u015flad\u0131 ve devam etti, bize s\u00f6ylenmeyenler nelerdi; bilelim diye&#8230; Dijitale ge\u00e7i\u015f d\u00f6nemine \u015fahit olmam\u0131\u015f ku\u015faklar (dijital yerliler) o d\u00f6nemi ya\u015fam\u0131\u015f, konuya v\u00e2k\u0131f birinden (bir dijital g\u00f6\u00e7menden) dinlemek isterlerse diye&#8230; \u201cOradayd\u0131, \u015fimdi burada&#8230;\u201d \u0130nsan haf\u0131zas\u0131n\u0131n, dijital ya\u015fam\u0131n ve k\u00e2\u011f\u0131tla m\u00fcrekkebin birle\u015fti\u011fi yerden seslenen Tanol T\u00fcrko\u011flu\u2019nun ho\u015fsohbet anlat\u0131m\u0131yla, o hep merak etti\u011fimiz s\u0131f\u0131rl\u0131 birli d\u00fcnyan\u0131n i\u00e7inde al\u0131c\u0131 g\u00f6zle dolan\u0131p; olanlar\u0131, olacaklar\u0131 anlayal\u0131m biraz. Ka\u00e7\u0131rmamam\u0131z gereken detaylar ve tam ortas\u0131nda yer ald\u0131\u011f\u0131m\u0131z bir s\u00fcre\u00e7 var zira. Mimarl\u0131\u011f\u0131n\u0131 Z Ku\u015fa\u011f\u0131\u2019n\u0131n yapt\u0131\u011f\u0131 kaotik r\u00fczg\u00e2rlarla gelmekte olan bir s\u00fcre\u00e7&#8230; <\/p>\n","protected":false},"excerpt":{"rendered":"<p>\u0130lk anda tedirginlik yaratsa da \u201ckaos\u201d ba\u015flang\u0131c\u0131n ta kendisidir!De\u011fil midir? Bal\u0131k(s\u0131) haf\u0131zalar\u0131m\u0131z gittik\u00e7e daha da s\u0131\u011fla\u015f\u0131yor. Her \u015fey elimizin alt\u0131nda (cebimizin i\u00e7inde) durdu\u011fu i\u00e7in akl\u0131m\u0131zda tutmam\u0131za<span class=\"excerpt-hellip\"> [\u2026]<\/span><\/p>\n","protected":false},"featured_media":0,"template":"","meta":{"_monsterinsights_skip_tracking":false,"_monsterinsights_sitenote_active":false,"_monsterinsights_sitenote_note":"","_monsterinsights_sitenote_category":0},"product_brand":[],"product_cat":[13072,12291],"product_tag":[],"class_list":{"0":"post-741648","1":"product","2":"type-product","3":"status-publish","5":"product_cat-arastirma-inceleme-referans","6":"product_cat-edebiyat","7":"pa_cilt-ciltsiz","8":"pa_tur-kitap","9":"pa_yayinevi-epsilon-yayinlari","10":"pa_yazar-tanol-turkoglu","12":"first","13":"instock","14":"sale","15":"shipping-taxable","16":"purchasable","17":"product-type-simple"},"_links":{"self":[{"href":"https:\/\/roveyayinevi.com.tr\/index.php\/wp-json\/wp\/v2\/product\/741648","targetHints":{"allow":["GET"]}}],"collection":[{"href":"https:\/\/roveyayinevi.com.tr\/index.php\/wp-json\/wp\/v2\/product"}],"about":[{"href":"https:\/\/roveyayinevi.com.tr\/index.php\/wp-json\/wp\/v2\/types\/product"}],"wp:attachment":[{"href":"https:\/\/roveyayinevi.com.tr\/index.php\/wp-json\/wp\/v2\/media?parent=741648"}],"wp:term":[{"taxonomy":"product_brand","embeddable":true,"href":"https:\/\/roveyayinevi.com.tr\/index.php\/wp-json\/wp\/v2\/product_brand?post=741648"},{"taxonomy":"product_cat","embeddable":true,"href":"https:\/\/roveyayinevi.com.tr\/index.php\/wp-json\/wp\/v2\/product_cat?post=741648"},{"taxonomy":"product_tag","embeddable":true,"href":"https:\/\/roveyayinevi.com.tr\/index.php\/wp-json\/wp\/v2\/product_tag?post=741648"}],"curies":[{"name":"wp","href":"https:\/\/api.w.org\/{rel}","templated":true}]}}