{"id":741645,"date":"2025-08-28T00:54:01","date_gmt":"2025-08-27T21:54:01","guid":{"rendered":"https:\/\/roveyayinevi.com.tr\/index.php\/urun\/turk-besleri\/"},"modified":"2026-04-16T02:52:48","modified_gmt":"2026-04-15T23:52:48","slug":"turk-besleri","status":"publish","type":"product","link":"https:\/\/roveyayinevi.com.tr\/index.php\/urun\/turk-besleri\/","title":{"rendered":"T\u00fcrk Be\u015fleri"},"content":{"rendered":"<p>\u0130\u00c7ER\u0130K TANITIM (Arka Kapak) \u0130deolojik bir zeminden beslenen erken Cumhuriyet d\u00f6nemi k\u00fclt\u00fcr-sanat politikalar\u0131na \u0131\u015f\u0131k tutarak, T\u00fcrk m\u00fczi\u011fi tarihinin en \u00f6nemli k\u0131r\u0131lma noktas\u0131 olan m\u00fczik ink\u0131lab\u0131 ekseninde T\u00fcrk Be\u015fleri olarak bilinen ilk ku\u015fak bestecilerin \u00fcretimlerini ve d\u00fc\u015f\u00fcnce d\u00fcnyalar\u0131n\u0131 derinlemesine inceleyen bu kitap, \u00f6ncelikle nesnel yakla\u015f\u0131m\u0131 ve bilimsel niteli\u011fiyle \u00f6nceki \u00e7al\u0131\u015fmalardan ayr\u0131 bir yerde duruyor. Bir as\u0131rl\u0131k Cumhuriyet tarihinin yaln\u0131zca m\u00fczi\u011finin de\u011fil, hegemonik bir yakla\u015f\u0131mla tasarlanan t\u00fcm k\u00fclt\u00fcrel alanlar\u0131n\u0131n nas\u0131l in\u015fa edildi\u011fini anlamak isteyenler i\u00e7in bir rehber niteli\u011finde olan kitap, gerek konuyu geni\u015f bir perspektifte yorumlamas\u0131 gerek i\u00e7eri\u011finin derinli\u011fi bak\u0131m\u0131ndan bug\u00fcne kadarki en kapsaml\u0131 ara\u015ft\u0131rma olarak \u00f6ne \u00e7\u0131k\u0131yor. Daha \u00f6nce pop\u00fcler m\u00fczik alan\u0131nda yapt\u0131\u011f\u0131 \u00e7al\u0131\u015fmalarla tan\u0131nan U\u011fur K\u00fc\u00e7\u00fckkaplan, bu defa t\u00fcm\u00fcyle devlet akl\u0131yla kurgulan\u0131p Cumhuriyet se\u00e7kinleri taraf\u0131ndan tahayy\u00fcl edilen bir m\u00fczi\u011fin izini s\u00fcrerek, T\u00fcrk m\u00fczi\u011fi tarihinin 20. y\u00fczy\u0131l\u0131na damga vuran bir \u00fctopyay\u0131 hem siyasi hem de m\u00fczikal cepheleriyle g\u00f6zler \u00f6n\u00fcne seriyor.   U\u011eUR K\u00dc\u00c7\u00dcKKAPLAN: Be\u015f ya\u015f\u0131nda m\u00fczikle tan\u0131\u015farak piyano derslerine ba\u015flayan U\u011fur K\u00fc\u00e7\u00fckkaplan, lise y\u0131llar\u0131nda Pera G\u00fczel Sanatlar\u2019da piyano ve solfej e\u011fitimi ald\u0131. Daha sonra Mimar Sinan G\u00fczel Sanatlar \u00dcniversitesi Devlet Konservatuvar\u0131\u2019na girdi ve Genel M\u00fczikoloji ile Etnom\u00fczikoloji ve Folklor anabilim dallar\u0131nda \u00e7ift anadal yaparak mezun oldu. Ayn\u0131 kurumda y\u00fcksek lisans\u0131n\u0131 tamamlad\u0131. \u00d6\u011frencilik y\u0131llar\u0131ndan itibaren \u00e7e\u015fitli gruplarla ve sanat\u00e7\u0131larla \u00e7al\u0131\u015ft\u0131, konserler verdi. 2005\u2019ten itibaren be\u015f sene boyunca K\u00fclt\u00fcr \u00dcniversitesi \u0130leti\u015fim Tasar\u0131m\u0131 B\u00f6l\u00fcm\u00fc\u2019nde y\u00fcr\u00fct\u00fclen \u00e7e\u015fitli projelerin m\u00fczik direkt\u00f6rl\u00fc\u011f\u00fcn\u00fc yapt\u0131. Turkish Cultural Foundation\u2019un deste\u011fiyle haz\u0131rlanarak sanal ortamda hizmete sunulan T\u00fcrk M\u00fczi\u011fi S\u00f6zl\u00fc\u011f\u00fc\u2019n\u00fc haz\u0131rlayan ekipte yer ald\u0131. Bir m\u00fcddet e\u011fitimini tamamlad\u0131\u011f\u0131 konservatuvarda solfej dersi verdi. Arabesk m\u00fczi\u011fin yap\u0131sal \u00f6zelliklerini m\u00fczikal analizler ekseninde inceledi\u011fi Arabesk: Toplumsal ve M\u00fczikal Bir Analiz adl\u0131 ilk kitab\u0131, Ayr\u0131nt\u0131 Yay\u0131nlar\u0131 etiketiyle 2013 y\u0131l\u0131nda piyasaya \u00e7\u0131kt\u0131. Pop\u00fcler T\u00fcrk m\u00fczi\u011fi \u00fczerine yap\u0131lm\u0131\u015f en kapsaml\u0131 ara\u015ft\u0131rma olan ikinci kitab\u0131 T\u00fcrkiye\u2019nin Pop M\u00fczi\u011fi de 2016\u2019da ayn\u0131 yay\u0131nevinden yay\u0131mland\u0131. \u00c7e\u015fitli dergilerde yazd\u0131. Bir d\u00f6nem Andante\u2019de yazar ve yay\u0131n kurulu \u00fcyesi olarak yer ald\u0131. 2003\u2019ten itibaren \u00f6zel olarak piyano, solfej, armoni, kontrpuan, teori ve m\u00fczikal analiz dersleri veren K\u00fc\u00e7\u00fckkaplan, zaman zaman m\u00fczikle al\u00e2kal\u0131 belgesellere dan\u0131\u015fmanl\u0131k yapmakta ve m\u00fczikoloji alan\u0131ndaki \u00e7al\u0131\u015fmalar\u0131n\u0131 s\u00fcrd\u00fcrmektedir.   <\/p>\n","protected":false},"excerpt":{"rendered":"<p>\u0130\u00c7ER\u0130K TANITIM (Arka Kapak) \u0130deolojik bir zeminden beslenen erken Cumhuriyet d\u00f6nemi k\u00fclt\u00fcr-sanat politikalar\u0131na \u0131\u015f\u0131k tutarak, T\u00fcrk m\u00fczi\u011fi tarihinin en \u00f6nemli k\u0131r\u0131lma noktas\u0131 olan m\u00fczik ink\u0131lab\u0131 ekseninde<span class=\"excerpt-hellip\"> [\u2026]<\/span><\/p>\n","protected":false},"featured_media":0,"template":"","meta":{"_monsterinsights_skip_tracking":false,"_monsterinsights_sitenote_active":false,"_monsterinsights_sitenote_note":"","_monsterinsights_sitenote_category":0},"product_brand":[],"product_cat":[12408],"product_tag":[],"class_list":{"0":"post-741645","1":"product","2":"type-product","3":"status-publish","5":"product_cat-sanat","6":"pa_cilt-ciltsiz","7":"pa_tur-kitap","8":"pa_yayinevi-ayrinti-yayinlari","9":"pa_yazar-ugur-kucukkaplan","11":"first","12":"instock","13":"sale","14":"shipping-taxable","15":"purchasable","16":"product-type-simple"},"_links":{"self":[{"href":"https:\/\/roveyayinevi.com.tr\/index.php\/wp-json\/wp\/v2\/product\/741645","targetHints":{"allow":["GET"]}}],"collection":[{"href":"https:\/\/roveyayinevi.com.tr\/index.php\/wp-json\/wp\/v2\/product"}],"about":[{"href":"https:\/\/roveyayinevi.com.tr\/index.php\/wp-json\/wp\/v2\/types\/product"}],"wp:attachment":[{"href":"https:\/\/roveyayinevi.com.tr\/index.php\/wp-json\/wp\/v2\/media?parent=741645"}],"wp:term":[{"taxonomy":"product_brand","embeddable":true,"href":"https:\/\/roveyayinevi.com.tr\/index.php\/wp-json\/wp\/v2\/product_brand?post=741645"},{"taxonomy":"product_cat","embeddable":true,"href":"https:\/\/roveyayinevi.com.tr\/index.php\/wp-json\/wp\/v2\/product_cat?post=741645"},{"taxonomy":"product_tag","embeddable":true,"href":"https:\/\/roveyayinevi.com.tr\/index.php\/wp-json\/wp\/v2\/product_tag?post=741645"}],"curies":[{"name":"wp","href":"https:\/\/api.w.org\/{rel}","templated":true}]}}