{"id":741644,"date":"2025-08-28T00:53:59","date_gmt":"2025-08-27T21:53:59","guid":{"rendered":"https:\/\/roveyayinevi.com.tr\/index.php\/urun\/anne-bak\/"},"modified":"2026-04-16T02:52:48","modified_gmt":"2026-04-15T23:52:48","slug":"anne-bak","status":"publish","type":"product","link":"https:\/\/roveyayinevi.com.tr\/index.php\/urun\/anne-bak\/","title":{"rendered":"Anne Bak!"},"content":{"rendered":"<p>Bir annenin hakl\u0131 ama bir o kadar da komik isyan\u0131&#8230;Hayat\u0131m\u0131z\u0131n milad\u0131 art\u0131k \u201c\u00e7ocuk\u201d.\u0130\u00e7imdeki Buhranlar adl\u0131 kitab\u0131nda i\u00e7imizdeki buhranlar\u0131n g\u00f6n\u00fcll\u00fc s\u00f6zc\u00fcl\u00fc\u011f\u00fcn\u00fc \u00fcstlenen G\u00f6k\u00e7e Yava\u015f \u00d6nal, Anne Bak! ile bu kez hamilelik ile \u00e7ocuk sahibi olma s\u00fcrecinde bir kad\u0131n olarak neler ya\u015fay\u0131p hissetti\u011fini mizahi bir dille \u00e7izgilerine ta\u015f\u0131yor. Annelik kimli\u011fiyle birlikte \u201ch\u0131zla\u201d de\u011fi\u015fen hayat\u0131ndan renkli kesitler payla\u015fan sanat\u00e7\u0131, toplumun kad\u0131na y\u00fckledi\u011fi rollerin yan\u0131 s\u0131ra hurafe, dedikodu ve \u00f6nyarg\u0131lar\u0131n, \u00fczerinde yaratt\u0131\u011f\u0131 bask\u0131y\u0131 ve dayat\u0131lan m\u00fckemmellik alg\u0131s\u0131n\u0131 da komik bir perspektiften ele alarak anlat\u0131yor.Eveet&#8230; Geri kalan hayat\u0131m\u0131za ho\u015f geldik!Anne Bak!, zaten yeterince \u201ckirlenen\u201d d\u00fcnyaya masum bir bebek getirme ikileminden hem fiziksel hem de duygusal anlamda anneli\u011fe haz\u0131r olup olmama sorunsal\u0131na; hamileli\u011fin yorucu ama bir o kadar da tatl\u0131 s\u00fcrecinden bebe\u011fin ilk kez kuca\u011fa al\u0131nd\u0131\u011f\u0131 o unutulmaz anlara; lohusa sendromundan babal\u0131k m\u00fcessesesi ve di\u011fer aile b\u00fcy\u00fckleri ile ili\u015fkilerdeki gelgitlere; bebe\u011fin, d\u00fcnya i\u00e7in k\u00fc\u00e7\u00fck ama ebeveyn i\u00e7in b\u00fcy\u00fck(!) \u00f6nem ta\u015f\u0131yan \u201cilk\u201dlerinden bebe\u011fin g\u00f6z a\u00e7\u0131p kapay\u0131ncaya kadar \u00e7ocuklu\u011fa terfi etmesine kadar pek \u00e7ok \u015feyi; k\u0131saca anneli\u011fin binbir h\u00e2lini sayfalar\u0131na ta\u015f\u0131yor.Ba\u015f\u0131na ne gelece\u011finden o kadar habersiz ki&#8230;Anne adaylar\u0131n\u0131n ve elbette m\u00fcstakbel babalar\u0131n zihinlerini me\u015fgul eden pek \u00e7ok sorunun yan\u0131t\u0131n\u0131 kahkahalar e\u015fli\u011finde veren bu matrak kitap, y\u0131llar \u00f6nce benzer deneyimleri ya\u015fayan k\u0131demli anne-babalara da an\u0131lar\u0131n\u0131 ne\u015feyle y\u00e2d etme f\u0131rsat\u0131 sunuyor.    Anneli\u011fi, kimilerinin \u0131srarla savundu\u011fu gibi kutsal bir g\u00f6rev gibi g\u00f6rmeyip, tamamen i\u00e7g\u00fcd\u00fcleriyle hareket etmeyi tercih etti\u011fini s\u00f6yleyen G\u00f6k\u00e7e Yava\u015f \u00d6nal; anneli\u011fin biraz da yolda \u00f6\u011frenilen bir \u015fey oldu\u011funu ve anne-\u00e7ocuk ili\u015fkisinde ya\u015fanan her \u015feyin asl\u0131nda kendili\u011finden geli\u015fti\u011fini ifade ediyor. Annelik \u00e7ok g\u00fczel, gelsenize!<\/p>\n","protected":false},"excerpt":{"rendered":"<p>Bir annenin hakl\u0131 ama bir o kadar da komik isyan\u0131&#8230;Hayat\u0131m\u0131z\u0131n milad\u0131 art\u0131k \u201c\u00e7ocuk\u201d.\u0130\u00e7imdeki Buhranlar adl\u0131 kitab\u0131nda i\u00e7imizdeki buhranlar\u0131n g\u00f6n\u00fcll\u00fc s\u00f6zc\u00fcl\u00fc\u011f\u00fcn\u00fc \u00fcstlenen G\u00f6k\u00e7e Yava\u015f \u00d6nal, Anne Bak!<span class=\"excerpt-hellip\"> [\u2026]<\/span><\/p>\n","protected":false},"featured_media":0,"template":"","meta":{"_monsterinsights_skip_tracking":false,"_monsterinsights_sitenote_active":false,"_monsterinsights_sitenote_note":"","_monsterinsights_sitenote_category":0},"product_brand":[],"product_cat":[12274,15842],"product_tag":[],"class_list":{"0":"post-741644","1":"product","2":"type-product","3":"status-publish","5":"product_cat-cocuk-ve-genclik-kitaplari","6":"product_cat-egitici-kitaplar","7":"pa_cilt-ciltsiz","8":"pa_tur-kitap","9":"pa_yayinevi-desen-yayinlari","10":"pa_yazar-gokce-yavas-onal","12":"first","13":"instock","14":"sale","15":"shipping-taxable","16":"purchasable","17":"product-type-simple"},"_links":{"self":[{"href":"https:\/\/roveyayinevi.com.tr\/index.php\/wp-json\/wp\/v2\/product\/741644","targetHints":{"allow":["GET"]}}],"collection":[{"href":"https:\/\/roveyayinevi.com.tr\/index.php\/wp-json\/wp\/v2\/product"}],"about":[{"href":"https:\/\/roveyayinevi.com.tr\/index.php\/wp-json\/wp\/v2\/types\/product"}],"wp:attachment":[{"href":"https:\/\/roveyayinevi.com.tr\/index.php\/wp-json\/wp\/v2\/media?parent=741644"}],"wp:term":[{"taxonomy":"product_brand","embeddable":true,"href":"https:\/\/roveyayinevi.com.tr\/index.php\/wp-json\/wp\/v2\/product_brand?post=741644"},{"taxonomy":"product_cat","embeddable":true,"href":"https:\/\/roveyayinevi.com.tr\/index.php\/wp-json\/wp\/v2\/product_cat?post=741644"},{"taxonomy":"product_tag","embeddable":true,"href":"https:\/\/roveyayinevi.com.tr\/index.php\/wp-json\/wp\/v2\/product_tag?post=741644"}],"curies":[{"name":"wp","href":"https:\/\/api.w.org\/{rel}","templated":true}]}}