{"id":741641,"date":"2025-08-28T00:53:55","date_gmt":"2025-08-27T21:53:55","guid":{"rendered":"https:\/\/roveyayinevi.com.tr\/index.php\/urun\/atinali-timon-3\/"},"modified":"2026-04-16T02:52:48","modified_gmt":"2026-04-15T23:52:48","slug":"atinali-timon-3","status":"publish","type":"product","link":"https:\/\/roveyayinevi.com.tr\/index.php\/urun\/atinali-timon-3\/","title":{"rendered":"Atinal\u0131 Timon"},"content":{"rendered":"<p>Atinal\u0131 Timon, trajediyle komedi aras\u0131ndaki \u00e7izgide yer alan bir oyun. Bu \u00f6zelli\u011fiyle baz\u0131 ara\u015ft\u0131rmac\u0131lar taraf\u0131ndan Shakespeare\u2019in az say\u0131da baz\u0131 ba\u015fka oyunlar\u0131yla birlikte ayr\u0131 bir kategoride de\u011ferlendirilir. Atinal\u0131 zengin bir soylu olan Timon, b\u00fct\u00fcn servetini etraf\u0131nda dostu gibi g\u00f6r\u00fcnen asalaklara yedirir, bu s\u00fcre\u00e7te onu kollamaya \u00e7al\u0131\u015fanlara ise kulak asmaz. Serveti bu \u015fekilde eriyip bitti\u011findeyse dost zannettiklerinden hi\u00e7birini yan\u0131nda bulamayacakt\u0131r. Bunun \u00fczerine insanlardan nefret eden ve Atina\u2019ya k\u00fcsen Timon ormanda m\u00fcnzevi bir hayat ya\u015famaya ba\u015flar. Ama alt\u0131n d\u00fc\u015fk\u00fcn\u00fc \u00e7\u0131karc\u0131lar onu gelip ormanda da bulacakt\u0131r. Alova\u2019n\u0131n ustal\u0131kl\u0131 \u00e7evirisiyle\u2026 \u201cSizi y\u0131l\u0131\u015f\u0131k, yap\u0131\u015fkan a\u015fa\u011f\u0131l\u0131klar sizi! Kibar k\u0131y\u0131c\u0131lar, centilmen kurtlar, uysal ay\u0131lar Sizi servet soytar\u0131lar\u0131, otlak\u00e7\u0131lar, iyi g\u00fcn sinekleri! \u00c7anak yalay\u0131c\u0131lar, hava c\u0131valar, yanard\u00f6ner herifler sizi!\u201d <\/p>\n","protected":false},"excerpt":{"rendered":"<p>Atinal\u0131 Timon, trajediyle komedi aras\u0131ndaki \u00e7izgide yer alan bir oyun. Bu \u00f6zelli\u011fiyle baz\u0131 ara\u015ft\u0131rmac\u0131lar taraf\u0131ndan Shakespeare\u2019in az say\u0131da baz\u0131 ba\u015fka oyunlar\u0131yla birlikte ayr\u0131 bir kategoride de\u011ferlendirilir.<span class=\"excerpt-hellip\"> [\u2026]<\/span><\/p>\n","protected":false},"featured_media":0,"template":"","meta":{"_monsterinsights_skip_tracking":false,"_monsterinsights_sitenote_active":false,"_monsterinsights_sitenote_note":"","_monsterinsights_sitenote_category":0},"product_brand":[],"product_cat":[12291,14272],"product_tag":[],"class_list":{"0":"post-741641","1":"product","2":"type-product","3":"status-publish","5":"product_cat-edebiyat","6":"product_cat-tiyatro","7":"pa_cilt-ciltsiz","8":"pa_tur-kitap","9":"pa_yayinevi-kirmizi-kedi-yayinevi","10":"pa_yazar-william-shakespeare","12":"first","13":"instock","14":"sale","15":"shipping-taxable","16":"purchasable","17":"product-type-simple"},"_links":{"self":[{"href":"https:\/\/roveyayinevi.com.tr\/index.php\/wp-json\/wp\/v2\/product\/741641","targetHints":{"allow":["GET"]}}],"collection":[{"href":"https:\/\/roveyayinevi.com.tr\/index.php\/wp-json\/wp\/v2\/product"}],"about":[{"href":"https:\/\/roveyayinevi.com.tr\/index.php\/wp-json\/wp\/v2\/types\/product"}],"wp:attachment":[{"href":"https:\/\/roveyayinevi.com.tr\/index.php\/wp-json\/wp\/v2\/media?parent=741641"}],"wp:term":[{"taxonomy":"product_brand","embeddable":true,"href":"https:\/\/roveyayinevi.com.tr\/index.php\/wp-json\/wp\/v2\/product_brand?post=741641"},{"taxonomy":"product_cat","embeddable":true,"href":"https:\/\/roveyayinevi.com.tr\/index.php\/wp-json\/wp\/v2\/product_cat?post=741641"},{"taxonomy":"product_tag","embeddable":true,"href":"https:\/\/roveyayinevi.com.tr\/index.php\/wp-json\/wp\/v2\/product_tag?post=741641"}],"curies":[{"name":"wp","href":"https:\/\/api.w.org\/{rel}","templated":true}]}}