{"id":741636,"date":"2025-08-28T00:53:48","date_gmt":"2025-08-27T21:53:48","guid":{"rendered":"https:\/\/roveyayinevi.com.tr\/index.php\/urun\/insan-birikimdir\/"},"modified":"2026-04-16T02:52:48","modified_gmt":"2026-04-15T23:52:48","slug":"insan-birikimdir","status":"publish","type":"product","link":"https:\/\/roveyayinevi.com.tr\/index.php\/urun\/insan-birikimdir\/","title":{"rendered":"\u0130nsan Birikimdir"},"content":{"rendered":"<p>\u201cDENEY\u0130M BA\u015eIMIZA GELENLER DE\u011e\u0130L, ONLARLA NE YAPTI\u011eIMIZDIR. BU DA B\u0130Z\u0130M TEK VE BENZER\u0130 OLMAYAN B\u0130LGEL\u0130\u011e\u0130M\u0130ZD\u0130R.\u201d &#8211; ALDOUS HUXLEY   \u2022 Okumak m\u0131 entelekt\u00fcel bir faaliyettir yoksa yazmak m\u0131? \u2022 Yazma eyleminin ne kadar\u0131 sanatt\u0131r, ne kadar\u0131 zanaatk\u00e2rl\u0131k? \u2022 Klasik eserler neden okunmal\u0131 ve asl\u0131nda neden okunmamal\u0131? \u2022 \u0130yi ve nitelikli okur olmak \u00f6\u011frenilebilir mi? \u2022 Okumak ve yazmak bir usta-\u00e7\u0131rak ili\u015fkisi i\u00e7inde nas\u0131l geli\u015fir? \u2022 Sanat ve edebiyat, t\u00fcketime dayal\u0131 ticari metalar m\u0131d\u0131r? \u2022 Yarat\u0131c\u0131 yazarl\u0131k at\u00f6lyeleri ve yazma sanat\u0131 \u00fczerine kaleme al\u0131nm\u0131\u015f kitaplar ger\u00e7ekten i\u015fe yarar m\u0131?   Hayat\u0131n\u0131n b\u00fcy\u00fck bir k\u0131sm\u0131n\u0131 kitap d\u00fcnyas\u0131n\u0131n i\u00e7inde ge\u00e7iren Ert\u00fcrk Ak\u015fun, yazma ve okuma \u00fczerine pratik bilgiler verdi\u011fi bu kitapta kendi okuma deneyimlerini, s\u00fcre\u00e7 i\u00e7inde yapt\u0131\u011f\u0131 hatalar\u0131 da itiraf ederek kaleme al\u0131yor.   \u0130yi ve nitelikli okur olmak \u00fczerine tart\u0131\u015fmak, ara\u015ft\u0131rmak ve d\u00fc\u015f\u00fcnmek isteyen herkes i\u00e7in e\u015fsiz bir yol g\u00f6sterici say\u0131labilecek olan bu kitapla, okuyuculukta nitelik edinmek ad\u0131na yap\u0131lmas\u0131 gerekenler konusundaki yerle\u015fik alg\u0131y\u0131 k\u0131rmak i\u00e7in de bir tart\u0131\u015fma ba\u015flat\u0131yor cesaretle.   Kendi okuma deneyimlerinden yola \u00e7\u0131karak aktard\u0131\u011f\u0131 g\u00f6r\u00fc\u015flerinde \u00fczerinde fikir birli\u011fine var\u0131lamam\u0131\u015f bir\u00e7ok konuya ba\u015fka bir yerden bakmam\u0131za olanak sa\u011fl\u0131yor. Okur, yazar ve yay\u0131n y\u00f6netmeni olarak edindi\u011fi birikimle do\u011fru bilinen yanl\u0131\u015flar\u0131 daha net g\u00f6rebilmemiz i\u00e7in farkl\u0131 bir pencere a\u00e7\u0131yor.   <\/p>\n","protected":false},"excerpt":{"rendered":"<p>\u201cDENEY\u0130M BA\u015eIMIZA GELENLER DE\u011e\u0130L, ONLARLA NE YAPTI\u011eIMIZDIR. BU DA B\u0130Z\u0130M TEK VE BENZER\u0130 OLMAYAN B\u0130LGEL\u0130\u011e\u0130M\u0130ZD\u0130R.\u201d &#8211; ALDOUS HUXLEY \u2022 Okumak m\u0131 entelekt\u00fcel bir faaliyettir yoksa yazmak<span class=\"excerpt-hellip\"> [\u2026]<\/span><\/p>\n","protected":false},"featured_media":0,"template":"","meta":{"_monsterinsights_skip_tracking":false,"_monsterinsights_sitenote_active":false,"_monsterinsights_sitenote_note":"","_monsterinsights_sitenote_category":0},"product_brand":[],"product_cat":[13072,12291],"product_tag":[],"class_list":{"0":"post-741636","1":"product","2":"type-product","3":"status-publish","5":"product_cat-arastirma-inceleme-referans","6":"product_cat-edebiyat","7":"pa_cilt-ciltsiz","8":"pa_tur-kitap","9":"pa_yayinevi-kara-karga-yayinlari","10":"pa_yazar-erturk-aksun","12":"first","13":"instock","14":"sale","15":"shipping-taxable","16":"purchasable","17":"product-type-simple"},"_links":{"self":[{"href":"https:\/\/roveyayinevi.com.tr\/index.php\/wp-json\/wp\/v2\/product\/741636","targetHints":{"allow":["GET"]}}],"collection":[{"href":"https:\/\/roveyayinevi.com.tr\/index.php\/wp-json\/wp\/v2\/product"}],"about":[{"href":"https:\/\/roveyayinevi.com.tr\/index.php\/wp-json\/wp\/v2\/types\/product"}],"wp:attachment":[{"href":"https:\/\/roveyayinevi.com.tr\/index.php\/wp-json\/wp\/v2\/media?parent=741636"}],"wp:term":[{"taxonomy":"product_brand","embeddable":true,"href":"https:\/\/roveyayinevi.com.tr\/index.php\/wp-json\/wp\/v2\/product_brand?post=741636"},{"taxonomy":"product_cat","embeddable":true,"href":"https:\/\/roveyayinevi.com.tr\/index.php\/wp-json\/wp\/v2\/product_cat?post=741636"},{"taxonomy":"product_tag","embeddable":true,"href":"https:\/\/roveyayinevi.com.tr\/index.php\/wp-json\/wp\/v2\/product_tag?post=741636"}],"curies":[{"name":"wp","href":"https:\/\/api.w.org\/{rel}","templated":true}]}}