{"id":741635,"date":"2025-08-28T00:53:47","date_gmt":"2025-08-27T21:53:47","guid":{"rendered":"https:\/\/roveyayinevi.com.tr\/index.php\/urun\/intikalul-mana-bil-meczil-murseli-kiraatun-delaliyyetun-fi-kitabi-umdetil-huffaz-lis-semin-el-halebi\/"},"modified":"2026-04-16T02:52:48","modified_gmt":"2026-04-15T23:52:48","slug":"intikalul-mana-bil-meczil-murseli-kiraatun-delaliyyetun-fi-kitabi-umdetil-huffaz-lis-semin-el-halebi","status":"publish","type":"product","link":"https:\/\/roveyayinevi.com.tr\/index.php\/urun\/intikalul-mana-bil-meczil-murseli-kiraatun-delaliyyetun-fi-kitabi-umdetil-huffaz-lis-semin-el-halebi\/","title":{"rendered":"\u0130ntikal\u00fc\u2019l-Ma\u2018Na Bi\u2019l-Meczi\u2019l-M\u00fcrseli K\u0131raat\u00fcn Delaliyyet\u00fcn Fi Kitabi \u2018Umdeti\u2019l- Huffaz Li\u2019s-Semin El-Halebi"},"content":{"rendered":"<p>\u0130ntikal\u00fc\u2019l-Ma\u2018Na Bi\u2019l-Meczi\u2019l-M\u00fcrseli K\u0131raat\u00fcn Delaliyyet\u00fcn Fi Kitabi \u2018Umdeti\u2019l- Huffaz Li\u2019s-Semin El-Halebi<\/p>\n","protected":false},"excerpt":{"rendered":"<p>\u0130ntikal\u00fc\u2019l-Ma\u2018Na Bi\u2019l-Meczi\u2019l-M\u00fcrseli K\u0131raat\u00fcn Delaliyyet\u00fcn Fi Kitabi \u2018Umdeti\u2019l- Huffaz Li\u2019s-Semin El-Halebi<\/p>\n","protected":false},"featured_media":0,"template":"","meta":{"_monsterinsights_skip_tracking":false,"_monsterinsights_sitenote_active":false,"_monsterinsights_sitenote_note":"","_monsterinsights_sitenote_category":0},"product_brand":[],"product_cat":[12573,12566],"product_tag":[],"class_list":{"0":"post-741635","1":"product","2":"type-product","3":"status-publish","5":"product_cat-akademik-kitaplar","6":"product_cat-egitim","7":"pa_cilt-ciltsiz","8":"pa_tur-kitap","9":"pa_yayinevi-soncag-akademik-kitaplar","10":"pa_yazar-ihab-said-ibrahim-alnagmy","12":"first","13":"instock","14":"sale","15":"shipping-taxable","16":"purchasable","17":"product-type-simple"},"_links":{"self":[{"href":"https:\/\/roveyayinevi.com.tr\/index.php\/wp-json\/wp\/v2\/product\/741635","targetHints":{"allow":["GET"]}}],"collection":[{"href":"https:\/\/roveyayinevi.com.tr\/index.php\/wp-json\/wp\/v2\/product"}],"about":[{"href":"https:\/\/roveyayinevi.com.tr\/index.php\/wp-json\/wp\/v2\/types\/product"}],"wp:attachment":[{"href":"https:\/\/roveyayinevi.com.tr\/index.php\/wp-json\/wp\/v2\/media?parent=741635"}],"wp:term":[{"taxonomy":"product_brand","embeddable":true,"href":"https:\/\/roveyayinevi.com.tr\/index.php\/wp-json\/wp\/v2\/product_brand?post=741635"},{"taxonomy":"product_cat","embeddable":true,"href":"https:\/\/roveyayinevi.com.tr\/index.php\/wp-json\/wp\/v2\/product_cat?post=741635"},{"taxonomy":"product_tag","embeddable":true,"href":"https:\/\/roveyayinevi.com.tr\/index.php\/wp-json\/wp\/v2\/product_tag?post=741635"}],"curies":[{"name":"wp","href":"https:\/\/api.w.org\/{rel}","templated":true}]}}