{"id":741633,"date":"2025-08-28T00:53:45","date_gmt":"2025-08-27T21:53:45","guid":{"rendered":"https:\/\/roveyayinevi.com.tr\/index.php\/urun\/buyuk-turkce-ispanyolca-sozluk-ciltli\/"},"modified":"2026-04-16T02:52:47","modified_gmt":"2026-04-15T23:52:47","slug":"buyuk-turkce-ispanyolca-sozluk-ciltli","status":"publish","type":"product","link":"https:\/\/roveyayinevi.com.tr\/index.php\/urun\/buyuk-turkce-ispanyolca-sozluk-ciltli\/","title":{"rendered":"B\u00fcy\u00fck T\u00fcrk\u00e7e -\u0130spanyolca S\u00f6zl\u00fck (Ciltli)"},"content":{"rendered":"<p>* Gerek modern ve ar\u0131, gerek y\u00f6resel, gerekse arkaik anlam ve kullan\u0131mlar\u0131yla 40.000 madde alt\u0131nda toplanm\u0131\u015f binlerce T\u00fcrk\u00e7e s\u00f6zc\u00fck, deyim ve atas\u00f6z\u00fc * Bilim, t\u0131p, matematik, hukuk, ekonomi, askerlik, denizcilik, felsefe, edebiyat, biyoloji, anatomi, botanik, zooloji, ileti\u015fim gibi \u00e7ok \u00e7e\u015fitli konularda zengin bir s\u00f6zc\u00fck da\u011farc\u0131\u011f\u0131 * Her s\u00f6zc\u00fc\u011f\u00fcn morfolojik a\u00e7\u0131klamas\u0131yla \u00f6nem s\u0131ras\u0131na g\u00f6re de\u011fi\u015fik anlamlar\u0131, mecazi, teklifsiz ya da argo kullan\u0131m bi\u00e7imleri * T\u00fcrk\u00e7e fiillerle edatlar\u0131n gerektirdi\u011fi t\u00fcmle\u00e7lerde ismin halleri ve \u0130spanyolca kar\u015f\u0131l\u0131klar\u0131n\u0131n almalar\u0131 gereken edatlar * Yabanc\u0131 k\u00f6kenli s\u00f6zc\u00fcklerde, uzun ve k\u0131sa hecelerle vurgunun yeri a\u00e7\u0131s\u0131ndan do\u011fru telaffuz g\u00f6stergeleri * S\u00f6zc\u00fcklerin \u00f6zellik g\u00f6steren anlamlar\u0131na \u00f6rnek t\u00fcmceler * Arap\u00e7a ve Fars\u00e7a k\u00f6kenli eskimi\u015f s\u00f6zc\u00fcklerin ve Bat\u0131 dillerinden ge\u00e7mi\u015f olanlar\u0131n yeni T\u00fcrk\u00e7e kar\u015f\u0131l\u0131klar\u0131 * Yabanc\u0131 kullan\u0131c\u0131lar i\u00e7in T\u00fcrk\u00e7e telaffuz kurallar\u0131 ve dilbilgisinin ana hatlar\u0131 * Say\u0131lar, saat ve tarih * Co\u011frafya adlar\u0131 * T\u00fcrk\u00e7ede en \u00e7ok kullan\u0131lan k\u0131saltmalar * Unas 40.000 entradas que contienen gran cantidad de acepciones, locuciones, expresiones y proverbios de la lengua turca hablada en Turqua, con sus signif\u0131cados modernos, arcaicos o regionales, en materias muy variadas como las Ciencias, la Medicina, las Matem\u00e1ticas, la Biologa, la Anatoma, la Bot\u00e1nica, la Zoologa, el Derecho, la Economa, la Literatura, la Gram\u00e1tica, la Filosofa, el Arte, la Inform\u00e1tica y muchas otras * Definiciones morfol\u00f3gicas de todas las palabras * Usos familiares o de argot de muchas palabras y locuciones * Diferentes acepciones de las palabras y sus signif\u0131cados figurados, seg\u00fan la frecuencia de uso * Declinaciones exigidas por verbos y posposiciones en turco, as\u00ed como preposiciones exigidas por verbos espa\u00f1oles* Indicaci\u00f3n de la posici\u00f3n del acento y de las s\u00edlabas largas y breves en palabras de origen no turco * Ejemplos para facilitar el uso de algunas palabras con alg\u00fan signif\u0131cado especial * Equivalentes modernos para las palabras de origen \u00e1rabe o persa, as\u00ed como para los barbarismos procedentes de lenguas occidentales * Reglas de pronunciaci\u00f3n y principios b\u00e1sicos de gr\u00e1matica de la lengua turca para hispanohablantes * N\u00fameros, expresi\u00f3n del tiempo y de la fecha *Lista de algunos top\u00f3nimos *Lista de las abreviaturas m\u00e1s usadas en Turqu\u00eda<\/p>\n","protected":false},"excerpt":{"rendered":"<p>* Gerek modern ve ar\u0131, gerek y\u00f6resel, gerekse arkaik anlam ve kullan\u0131mlar\u0131yla 40.000 madde alt\u0131nda toplanm\u0131\u015f binlerce T\u00fcrk\u00e7e s\u00f6zc\u00fck, deyim ve atas\u00f6z\u00fc * Bilim, t\u0131p, matematik,<span class=\"excerpt-hellip\"> [\u2026]<\/span><\/p>\n","protected":false},"featured_media":0,"template":"","meta":{"_monsterinsights_skip_tracking":false,"_monsterinsights_sitenote_active":false,"_monsterinsights_sitenote_note":"","_monsterinsights_sitenote_category":0},"product_brand":[],"product_cat":[12566,13611],"product_tag":[],"class_list":{"0":"post-741633","1":"product","2":"type-product","3":"status-publish","5":"product_cat-egitim","6":"product_cat-sozlukler-ve-konusma-kilavuzlari","7":"pa_cilt-ciltli","8":"pa_tur-kitap","9":"pa_yayinevi-inkilap-kitabevi","10":"pa_yazar-inci-kut-gungor-kut","12":"first","13":"instock","14":"sale","15":"shipping-taxable","16":"purchasable","17":"product-type-simple"},"_links":{"self":[{"href":"https:\/\/roveyayinevi.com.tr\/index.php\/wp-json\/wp\/v2\/product\/741633","targetHints":{"allow":["GET"]}}],"collection":[{"href":"https:\/\/roveyayinevi.com.tr\/index.php\/wp-json\/wp\/v2\/product"}],"about":[{"href":"https:\/\/roveyayinevi.com.tr\/index.php\/wp-json\/wp\/v2\/types\/product"}],"wp:attachment":[{"href":"https:\/\/roveyayinevi.com.tr\/index.php\/wp-json\/wp\/v2\/media?parent=741633"}],"wp:term":[{"taxonomy":"product_brand","embeddable":true,"href":"https:\/\/roveyayinevi.com.tr\/index.php\/wp-json\/wp\/v2\/product_brand?post=741633"},{"taxonomy":"product_cat","embeddable":true,"href":"https:\/\/roveyayinevi.com.tr\/index.php\/wp-json\/wp\/v2\/product_cat?post=741633"},{"taxonomy":"product_tag","embeddable":true,"href":"https:\/\/roveyayinevi.com.tr\/index.php\/wp-json\/wp\/v2\/product_tag?post=741633"}],"curies":[{"name":"wp","href":"https:\/\/api.w.org\/{rel}","templated":true}]}}