{"id":741632,"date":"2025-08-28T00:53:44","date_gmt":"2025-08-27T21:53:44","guid":{"rendered":"https:\/\/roveyayinevi.com.tr\/index.php\/urun\/cin-ekonomisini-anlamak\/"},"modified":"2026-04-16T02:52:47","modified_gmt":"2026-04-15T23:52:47","slug":"cin-ekonomisini-anlamak","status":"publish","type":"product","link":"https:\/\/roveyayinevi.com.tr\/index.php\/urun\/cin-ekonomisini-anlamak\/","title":{"rendered":"\u00c7in Ekonomisini Anlamak"},"content":{"rendered":"<p>Son k\u0131rk y\u0131lda reform ve d\u0131\u015fa a\u00e7\u0131lma ile birlikte \u00c7in d\u00fcnya tarihinde daha \u00f6nce e\u015fine rastlanmayan bir ekonomik b\u00fcy\u00fcme sa\u011flam\u0131\u015ft\u0131r. Y\u00fczy\u0131llar boyunca d\u00fcnyan\u0131n en b\u00fcy\u00fck ekonomisi olan \u00c7in bug\u00fcn de d\u00fcnyan\u0131n en b\u00fcy\u00fck ikinci ekonomisi durumundad\u0131r. \u00c7in\u2019in \u00fcnl\u00fc iktisat\u00e7\u0131lar\u0131ndan Cai Fang bu eserde \u00c7in ekonomisini hem tarihsel perspektiften incelemekte hem de gelece\u011fi ile ilgili \u00f6ng\u00f6r\u00fclerde bulunup \u0130mk\u00e2ns\u0131z \u00dc\u00e7gen, Malthus Yoksulluk Tuza\u011f\u0131, \u0130kili Ekonomi, Demografik F\u0131rsat, Reform F\u0131rsat\u0131, Orta Gelir Tuza\u011f\u0131 ve K\u00fcreselle\u015fme gibi kavramlar \u00fczerinden okurlar\u0131n \u00c7in ekonomisini anlamas\u0131na yard\u0131mc\u0131 olmaktad\u0131r.<\/p>\n","protected":false},"excerpt":{"rendered":"<p>Son k\u0131rk y\u0131lda reform ve d\u0131\u015fa a\u00e7\u0131lma ile birlikte \u00c7in d\u00fcnya tarihinde daha \u00f6nce e\u015fine rastlanmayan bir ekonomik b\u00fcy\u00fcme sa\u011flam\u0131\u015ft\u0131r. Y\u00fczy\u0131llar boyunca d\u00fcnyan\u0131n en b\u00fcy\u00fck ekonomisi<span class=\"excerpt-hellip\"> [\u2026]<\/span><\/p>\n","protected":false},"featured_media":0,"template":"","meta":{"_monsterinsights_skip_tracking":false,"_monsterinsights_sitenote_active":false,"_monsterinsights_sitenote_note":"","_monsterinsights_sitenote_category":0},"product_brand":[],"product_cat":[14841,13043],"product_tag":[],"class_list":{"0":"post-741632","1":"product","2":"type-product","3":"status-publish","5":"product_cat-arastirma-inceleme-kuram","6":"product_cat-ekonomi","7":"pa_cilt-ciltsiz","8":"pa_tur-kitap","9":"pa_yayinevi-kopernik-kitap","10":"pa_yazar-cai-fang","12":"first","13":"instock","14":"sale","15":"shipping-taxable","16":"purchasable","17":"product-type-simple"},"_links":{"self":[{"href":"https:\/\/roveyayinevi.com.tr\/index.php\/wp-json\/wp\/v2\/product\/741632","targetHints":{"allow":["GET"]}}],"collection":[{"href":"https:\/\/roveyayinevi.com.tr\/index.php\/wp-json\/wp\/v2\/product"}],"about":[{"href":"https:\/\/roveyayinevi.com.tr\/index.php\/wp-json\/wp\/v2\/types\/product"}],"wp:attachment":[{"href":"https:\/\/roveyayinevi.com.tr\/index.php\/wp-json\/wp\/v2\/media?parent=741632"}],"wp:term":[{"taxonomy":"product_brand","embeddable":true,"href":"https:\/\/roveyayinevi.com.tr\/index.php\/wp-json\/wp\/v2\/product_brand?post=741632"},{"taxonomy":"product_cat","embeddable":true,"href":"https:\/\/roveyayinevi.com.tr\/index.php\/wp-json\/wp\/v2\/product_cat?post=741632"},{"taxonomy":"product_tag","embeddable":true,"href":"https:\/\/roveyayinevi.com.tr\/index.php\/wp-json\/wp\/v2\/product_tag?post=741632"}],"curies":[{"name":"wp","href":"https:\/\/api.w.org\/{rel}","templated":true}]}}