{"id":741630,"date":"2025-08-28T00:53:42","date_gmt":"2025-08-27T21:53:42","guid":{"rendered":"https:\/\/roveyayinevi.com.tr\/index.php\/urun\/cumhuriyet-ve-cagdas-egitim\/"},"modified":"2026-04-16T02:52:47","modified_gmt":"2026-04-15T23:52:47","slug":"cumhuriyet-ve-cagdas-egitim","status":"publish","type":"product","link":"https:\/\/roveyayinevi.com.tr\/index.php\/urun\/cumhuriyet-ve-cagdas-egitim\/","title":{"rendered":"Cumhuriyet ve \u00c7a\u011fda\u015f E\u011fitim"},"content":{"rendered":"<p>T\u00fcrk Devrimi\u2019nin en \u00f6nemli at\u0131l\u0131m\u0131, hi\u00e7 ku\u015fkusuz, t\u00fcm yurtta\u015flar\u0131na sa\u011flad\u0131\u011f\u0131 \u00e7a\u011fda\u015f, laik, nitelikli, bilimsel ve \u00fccretsiz e\u011fitimdir. Hen\u00fcz Kurtulu\u015f Sava\u015f\u0131 s\u00fcrerken toplanan E\u011fitim Kongresi, t\u00fcm d\u00fcnyaya T\u00fcrkiye Cumhuriyeti\u2019nin temelinin bilim ve e\u011fitim olaca\u011f\u0131n\u0131 ilan etmi\u015ftir. Ne yaz\u0131k ki bu anlay\u0131\u015f, kar\u015f\u0131devrim s\u00fcreciyle birlikte a\u015f\u0131nd\u0131r\u0131lm\u0131\u015f, kazan\u0131mlar birer birer yok edilmi\u015ftir. Elinizdeki kitap, Cumhuriyet Kitaplar\u0131\u2019n\u0131n \u00c7a\u011fda\u015f Ya\u015fam\u0131 Destekleme Derne\u011fi ile birlikte ger\u00e7ekle\u015ftirdi\u011fi bir imecenin sonucudur. Prof. Dr. T\u00fcrkan Saylan\u2019\u0131n yol g\u00f6stericili\u011finde, otuz y\u0131l\u0131 a\u015fk\u0131n bir s\u00fcredir yurtta\u015flar\u0131m\u0131z\u0131n ayd\u0131nlanma kavgas\u0131na omuz veren \u00c7YDD\u2019nin e\u011fitim konusunda birikimini okurlar\u0131m\u0131za aktarmaktan k\u0131van\u00e7 duyuyoruz.<\/p>\n","protected":false},"excerpt":{"rendered":"<p>T\u00fcrk Devrimi\u2019nin en \u00f6nemli at\u0131l\u0131m\u0131, hi\u00e7 ku\u015fkusuz, t\u00fcm yurtta\u015flar\u0131na sa\u011flad\u0131\u011f\u0131 \u00e7a\u011fda\u015f, laik, nitelikli, bilimsel ve \u00fccretsiz e\u011fitimdir. Hen\u00fcz Kurtulu\u015f Sava\u015f\u0131 s\u00fcrerken toplanan E\u011fitim Kongresi, t\u00fcm d\u00fcnyaya<span class=\"excerpt-hellip\"> [\u2026]<\/span><\/p>\n","protected":false},"featured_media":0,"template":"","meta":{"_monsterinsights_skip_tracking":false,"_monsterinsights_sitenote_active":false,"_monsterinsights_sitenote_note":"","_monsterinsights_sitenote_category":0},"product_brand":[],"product_cat":[12370,12304],"product_tag":[],"class_list":{"0":"post-741630","1":"product","2":"type-product","3":"status-publish","5":"product_cat-arastirma-inceleme","6":"product_cat-tarih","7":"pa_cilt-ciltsiz","8":"pa_tur-kitap","9":"pa_yayinevi-cumhuriyet-kitaplari","10":"pa_yazar-ahmet-yildiz","12":"first","13":"instock","14":"sale","15":"shipping-taxable","16":"purchasable","17":"product-type-simple"},"_links":{"self":[{"href":"https:\/\/roveyayinevi.com.tr\/index.php\/wp-json\/wp\/v2\/product\/741630","targetHints":{"allow":["GET"]}}],"collection":[{"href":"https:\/\/roveyayinevi.com.tr\/index.php\/wp-json\/wp\/v2\/product"}],"about":[{"href":"https:\/\/roveyayinevi.com.tr\/index.php\/wp-json\/wp\/v2\/types\/product"}],"wp:attachment":[{"href":"https:\/\/roveyayinevi.com.tr\/index.php\/wp-json\/wp\/v2\/media?parent=741630"}],"wp:term":[{"taxonomy":"product_brand","embeddable":true,"href":"https:\/\/roveyayinevi.com.tr\/index.php\/wp-json\/wp\/v2\/product_brand?post=741630"},{"taxonomy":"product_cat","embeddable":true,"href":"https:\/\/roveyayinevi.com.tr\/index.php\/wp-json\/wp\/v2\/product_cat?post=741630"},{"taxonomy":"product_tag","embeddable":true,"href":"https:\/\/roveyayinevi.com.tr\/index.php\/wp-json\/wp\/v2\/product_tag?post=741630"}],"curies":[{"name":"wp","href":"https:\/\/api.w.org\/{rel}","templated":true}]}}