{"id":741629,"date":"2025-08-28T00:53:32","date_gmt":"2025-08-27T21:53:32","guid":{"rendered":"https:\/\/roveyayinevi.com.tr\/index.php\/urun\/kendini-rahat-birakma\/"},"modified":"2026-04-12T02:57:08","modified_gmt":"2026-04-11T23:57:08","slug":"kendini-rahat-birakma","status":"publish","type":"product","link":"https:\/\/roveyayinevi.com.tr\/index.php\/urun\/kendini-rahat-birakma\/","title":{"rendered":"Kendini Rahat B\u0131rakma"},"content":{"rendered":"<p>Bug\u00fcn\u00fc anlamaya \u00e7al\u0131\u015f\u0131yoruz. Gelece\u011fi. D\u00fcn\u00fc. Teknolojiyi. Devletleri. Siyaseti. Ekonomiyi. \u0130nsan\u0131. Aslen kendimizi\u2026 \u0130\u015fimiz s\u00fcrekli anlamaya \u00e7al\u0131\u015fmakla ge\u00e7iyor. Hep \u015f\u00f6yle derim: Mesele insanlar\u0131n s\u0131n\u0131rlar\u0131n\u0131 a\u015fmas\u0131d\u0131r. M\u00fccadele budur. En b\u00fcy\u00fck devrim, insan\u0131n kendiyle m\u00fccadelesinde ba\u015flar. M\u00fccadele de insan\u0131n kendi tan\u0131mlar\u0131, zanlar\u0131, \u00f6n yarg\u0131lar\u0131, ideolojileri, zorbal\u0131klar\u0131 ile yapt\u0131\u011f\u0131 m\u00fccadeledir. Bu d\u00fc\u015f\u00fcncelerdeyken bir solukta okudu\u011fum modern insanlara kadim tavsiyeler s\u00f6ylemiyle etiketlenen Sevgili Kerim\u2019in \u201cKendini Rahat B\u0131rakma\u201d kitab\u0131, ruhsal bir rehber gibi geldi adeta. Bilenleriniz olur, Vincent van Gogh\u2019un tarihe ge\u00e7en \u00e7ok \u00e7arp\u0131c\u0131 bir s\u00f6z\u00fc vard\u0131r: \u201cE\u011fer i\u00e7inizde \u2018Sen resim \u00e7izemezsin.\u2019 diyen bir ses duyarsan\u0131z o zaman ne olursa olsun resim \u00e7izin, o ses susacakt\u0131r.\u201d Kitap bu s\u00f6z\u00fc anlat\u0131yor gibi ve san\u0131r\u0131m \u015f\u00f6ylesi bir s\u0131n\u0131flamaya zorluyor bizi. \u0130nsanlar ikiye ayr\u0131l\u0131r: Zoru sevenler ve zor kar\u015f\u0131s\u0131nda serenler! Okuyun, okutun tavsiyemle\u2026   U\u011fur Bat\u0131, Akademisyen-Yazar   Kelimeler ve kavramlar, zihnimizin yak\u0131tlar\u0131d\u0131r. D\u00fcnyam\u0131z\u0131n enginli\u011fi, kavramlar\u0131m\u0131za ne derece n\u00fcfuz edebildi\u011fimizle belirlenir. Bildi\u011fimiz yahut bildi\u011fimizi sand\u0131\u011f\u0131m\u0131z kavramlar \u00fczerine ne kadar fazla d\u00fc\u015f\u00fcn\u00fcrsek zihnimiz o derece \u00f6zg\u00fcrle\u015fir, dima\u011f\u0131m\u0131z o kadar keskinlik kazan\u0131r. Sevgili Kerim G\u00fc\u00e7, \u201cKendini Rahat B\u0131rakma\u201d derken, sadece ba\u015fl\u0131\u011f\u0131 bile biraz d\u00fc\u015f\u00fcn\u00fcld\u00fc\u011f\u00fcnde zihne netlik getiren bir eser kaleme ald\u0131. Bir defa de\u011fil defaatle okunacak, d\u00fc\u015f\u00fcnce ve tefekk\u00fcr\u00fcm\u00fcz\u00fcn verimini belirgin oranda etkileyecek kavramlar\u0131yla bu kitap, hemen okuman\u0131z gereken elzem bir metin. Kitab\u0131 okudu\u011fumda Kerim&#8217;e kendim, \u00e7ocuklar\u0131m ve T\u00fcrk\u00e7e konu\u015fan t\u00fcm insanlar ad\u0131na te\u015fekk\u00fcr etmek istedim. Bu minik not, o te\u015fekk\u00fcr\u00fcn na\u00e7izane bir ifadesidir.   Sinan Canan, Akademisyen-Yazar   Nefes Yay\u0131nevi, Tuti Kitap ve Gen\u00e7 Tuti b\u00fcnyesinde \u201c\u0130yilik Yay\u0131nc\u0131l\u0131\u011f\u0131\u201d ad\u0131 alt\u0131nda bir sosyal sorumluluk kampanyas\u0131 ba\u015flat\u0131lm\u0131\u015ft\u0131r. Bu kampanya \u00e7er\u00e7evesinde \u201c\u0130yilik Yay\u0131n\u201d logosu ta\u015f\u0131yan kitaplardan elde edilen gelirin bir k\u0131sm\u0131yla \u00e7e\u015fitli iyilik hareketlerine katk\u0131 sa\u011flanmaktad\u0131r. &#8220;Kendini Rahat B\u0131rakma&#8221; kitab\u0131n\u0131n gelirlerinin bir k\u0131sm\u0131 da  T\u00fcrk Kad\u0131nlar\u0131 K\u00fclt\u00fcr Derne\u011fi (T\u00dcRKKAD) vas\u0131tas\u0131yla e\u011fitim bursuna ayr\u0131lm\u0131\u015ft\u0131r. Hasan Kerim G\u00fc\u00e7 Biyografi:   Kendini \u201cher \u015feyin ehli, hi\u00e7bir \u015feyin ustas\u0131\u201d olarak tan\u0131mlayan Kerim, 1992\u2019de \u0130stanbul Erkek Lisesi\u2019nden sa\u011f salim \u00e7\u0131kmay\u0131 ba\u015far\u0131r, 1996\u2019da elektronik m\u00fchendisi olur. 1997-2004 y\u0131llar\u0131 aras\u0131nda ABD Baltimore\u2019da Enformatik Sistemler ve \u0130\u015fletme y\u00fcksek lisanslar\u0131n\u0131 tamamlar. Derken, fizikten metafizi\u011fe \u00e7ark edip bu kez \u00dcsk\u00fcdar \u00dcniversitesi Tasavvuf Ara\u015ft\u0131rmalar\u0131 Enstit\u00fcs\u00fc\u2019nde y\u00fcksek lisans e\u011fitimi alarak yine ayn\u0131 enstit\u00fcde doktora yoluna girer.   1996-2010 y\u0131llar\u0131 aras\u0131nda, ABD\u2019deki gurbetinde halveti g\u00f6ren Kerim, bu d\u00f6nemden \u201cHamd\u0131m; k\u0131s\u0131k ate\u015fe verdiler, az-orta pi\u015ftim.\u201d diye bahseder. Oradan ka\u00e7arken adeta \u201cdoluya tutulur\u201d ve 2010\u2019da \u201cO en g\u00fczel dolu\u2026 A\u015fk dolu, mutluluk dolu ve hayat dolu\u2026\u201d dedi\u011fi yol arkada\u015f\u0131yla, Gamze\u2019siyle evlenir.   On d\u00f6rt y\u0131l boyunca on bin kilometre uzakta arad\u0131\u011f\u0131 hazinenin kendi evinin alt\u0131nda oldu\u011funu fark eden akl\u0131evvel yazar\u0131n\u0131z, 2014 y\u0131l\u0131 itibariyle sondajlar\u0131nda nihayet ula\u015ft\u0131\u011f\u0131 hazinesi olan Nefes Yay\u0131nevi\u2019nde genel mu\u0308du\u0308rlu\u0308k go\u0308revini \u00fcstlenir. H\u00e2len Nefes Yay\u0131nevi, Tuti Kitap ve Gen\u00e7 Tuti markalar\u0131n\u0131n y\u00f6neticisidir. Haddi olmadan 2020 y\u0131l\u0131nda Ken\u2019\u00e2n Rif\u00e2\u00ee\u2019nin Dervi\u015flik Anlay\u0131\u015f\u0131 adl\u0131 kitab\u0131n\u0131 yay\u0131mlayan Kerim, utanmam\u0131\u015f olaca\u011f\u0131ndan bir de Yeni Ba\u015flayanlar i\u00e7in Platon adl\u0131 eseri terc\u00fcme ederek yay\u0131mlar. 2021\u2019de ise Yolda Bir Ku\u015fa Rastlad\u0131m adl\u0131 kitab\u0131n\u0131 okurlar\u0131yla bulu\u015fturur.   \u201cEn \u00e7ok sevdi\u011fin \u015fey nedir?\u201d diye soranlara, \u201cNe yaz\u0131k ki egom\u2026\u201d diye cevap verir ve \u015f\u00f6yle devam eder: \u201cAma aram\u0131zda seviyeli bir ili\u015fki var. Ben g\u00fcnl\u00fck hayatta ona az kar\u0131\u015f\u0131yorum, o da benim hizmetime kar\u0131\u015fm\u0131yor. Anne mesle\u011fi ne de olsa\u2026\u201d Bu ama\u00e7la ABD\u2019de North Carolina \u00dcniversitesi, \u00c7in\u2019de Pekin \u00dcniversitesi ve Japonya\u2019da Kyoto \u00dcniversitesi b\u00fcnyelerinde Kenan Rifai \u0130sl\u00e2m Ara\u015ft\u0131rmalar\u0131 K\u00fcrs\u00fcleri\u2019nin kurulmas\u0131nda aktif g\u00f6rev al\u0131r. Kendisi ayn\u0131 zamanda Kerim Vakf\u0131\u2019n\u0131n, Florence Nightingale Hem\u015fire Mektepleri ve Hastaneleri Vakf\u0131\u2019n\u0131n ve Br\u00fcksel\u2019deki Mindhub Derne\u011fi\u2019nin kurucu \u00fcyesidir.   Kendini \u00f6z olarak \u015f\u00f6yle ifade eder: Geldi\u011fim bu noktada me\u011fer bir \u201chi\u00e7\u201d i\u00e7in \u00e7al\u0131\u015fm\u0131\u015f\u0131m Ne mutlu bana Gelecekte belki \u201chi\u00e7\u201d olmay\u0131 beceremeyece\u011fim Hi\u00e7 olmazsa insanl\u0131k binas\u0131n\u0131n \u201ckerpi\u00e7i\u201d olay\u0131m Vessel\u00e2m\u2026<\/p>\n","protected":false},"excerpt":{"rendered":"<p>Bug\u00fcn\u00fc anlamaya \u00e7al\u0131\u015f\u0131yoruz. Gelece\u011fi. D\u00fcn\u00fc. Teknolojiyi. Devletleri. Siyaseti. Ekonomiyi. \u0130nsan\u0131. Aslen kendimizi\u2026 \u0130\u015fimiz s\u00fcrekli anlamaya \u00e7al\u0131\u015fmakla ge\u00e7iyor. Hep \u015f\u00f6yle derim: Mesele insanlar\u0131n s\u0131n\u0131rlar\u0131n\u0131 a\u015fmas\u0131d\u0131r. M\u00fccadele budur.<span class=\"excerpt-hellip\"> [\u2026]<\/span><\/p>\n","protected":false},"featured_media":0,"template":"","meta":{"_monsterinsights_skip_tracking":false,"_monsterinsights_sitenote_active":false,"_monsterinsights_sitenote_note":"","_monsterinsights_sitenote_category":0},"product_brand":[],"product_cat":[12364,12376],"product_tag":[],"class_list":{"0":"post-741629","1":"product","2":"type-product","3":"status-publish","5":"product_cat-genel-konular","6":"product_cat-kisisel-gelisim","7":"pa_cilt-ciltsiz","8":"pa_tur-kitap","9":"pa_yayinevi-tuti-kitap","10":"pa_yazar-hasan-kerim-guc","12":"first","13":"instock","14":"sale","15":"shipping-taxable","16":"purchasable","17":"product-type-simple"},"_links":{"self":[{"href":"https:\/\/roveyayinevi.com.tr\/index.php\/wp-json\/wp\/v2\/product\/741629","targetHints":{"allow":["GET"]}}],"collection":[{"href":"https:\/\/roveyayinevi.com.tr\/index.php\/wp-json\/wp\/v2\/product"}],"about":[{"href":"https:\/\/roveyayinevi.com.tr\/index.php\/wp-json\/wp\/v2\/types\/product"}],"wp:attachment":[{"href":"https:\/\/roveyayinevi.com.tr\/index.php\/wp-json\/wp\/v2\/media?parent=741629"}],"wp:term":[{"taxonomy":"product_brand","embeddable":true,"href":"https:\/\/roveyayinevi.com.tr\/index.php\/wp-json\/wp\/v2\/product_brand?post=741629"},{"taxonomy":"product_cat","embeddable":true,"href":"https:\/\/roveyayinevi.com.tr\/index.php\/wp-json\/wp\/v2\/product_cat?post=741629"},{"taxonomy":"product_tag","embeddable":true,"href":"https:\/\/roveyayinevi.com.tr\/index.php\/wp-json\/wp\/v2\/product_tag?post=741629"}],"curies":[{"name":"wp","href":"https:\/\/api.w.org\/{rel}","templated":true}]}}