{"id":741628,"date":"2025-08-28T00:53:31","date_gmt":"2025-08-27T21:53:31","guid":{"rendered":"https:\/\/roveyayinevi.com.tr\/index.php\/urun\/dus-avcisi\/"},"modified":"2026-04-16T02:52:47","modified_gmt":"2026-04-15T23:52:47","slug":"dus-avcisi","status":"publish","type":"product","link":"https:\/\/roveyayinevi.com.tr\/index.php\/urun\/dus-avcisi\/","title":{"rendered":"D\u00fc\u015f Avc\u0131s\u0131"},"content":{"rendered":"<p>B\u00fct\u00fcn d\u00fc\u015flerin ger\u00e7e\u011fe d\u00f6n\u00fc\u015ft\u00fc\u011f\u00fc, a\u00e7\u0131k denizlerin derinliklerinde bir yerdir D\u00fc\u015f Denizi. Ya\u015fl\u0131 bal\u0131k\u00e7\u0131 Piyeto\u2019dan D\u00fc\u015f Denizi\u2019nin s\u0131rlar\u0131n\u0131 \u00f6\u011frenen Elmo, g\u00fcn\u00fcn birinde ondan ayr\u0131 d\u00fc\u015fer. Ama d\u00fc\u015f avc\u0131l\u0131\u011f\u0131 ve D\u00fc\u015f Denizi sayesinde ona kavu\u015fma \u00fcmidini asla yitirmez\u2026  Kardelen Adas\u0131\u2019ndan cam bir \u015fi\u015fenin i\u00e7inde Piyeto\u2019ya g\u00f6nderdi\u011fi mektuplar, deniz at\u0131 Bu\u011fu ile korsanlara kar\u015f\u0131 verdikleri m\u00fccadele, usta bir d\u00fc\u015f avc\u0131s\u0131 olma \u00e7abalar\u0131, adadaki hayvanlarla kurduklar\u0131 dostluklar ve daha nicesi bu kitab\u0131n konusunu olu\u015fturuyor. Sen de bu maceralardan haberdar olmak ve d\u00fc\u015flerini D\u00fc\u015f Denizi\u2019ne ula\u015ft\u0131rmak istiyorsan bu kitap tam sana g\u00f6re! Umar\u0131m g\u00fcn\u00fcn birinde senin de b\u00fct\u00fcn d\u00fc\u015flerin ger\u00e7ek olur\u2026 <\/p>\n","protected":false},"excerpt":{"rendered":"<p>B\u00fct\u00fcn d\u00fc\u015flerin ger\u00e7e\u011fe d\u00f6n\u00fc\u015ft\u00fc\u011f\u00fc, a\u00e7\u0131k denizlerin derinliklerinde bir yerdir D\u00fc\u015f Denizi. Ya\u015fl\u0131 bal\u0131k\u00e7\u0131 Piyeto\u2019dan D\u00fc\u015f Denizi\u2019nin s\u0131rlar\u0131n\u0131 \u00f6\u011frenen Elmo, g\u00fcn\u00fcn birinde ondan ayr\u0131 d\u00fc\u015fer. Ama d\u00fc\u015f<span class=\"excerpt-hellip\"> [\u2026]<\/span><\/p>\n","protected":false},"featured_media":0,"template":"","meta":{"_monsterinsights_skip_tracking":false,"_monsterinsights_sitenote_active":false,"_monsterinsights_sitenote_note":"","_monsterinsights_sitenote_category":0},"product_brand":[],"product_cat":[12274,12284],"product_tag":[],"class_list":{"0":"post-741628","1":"product","2":"type-product","3":"status-publish","5":"product_cat-cocuk-ve-genclik-kitaplari","6":"product_cat-hikayeler","7":"pa_cilt-ciltsiz","8":"pa_tur-kitap","9":"pa_yayinevi-luna-yayinlari","10":"pa_yazar-ayda-cayir","12":"first","13":"instock","14":"sale","15":"shipping-taxable","16":"purchasable","17":"product-type-simple"},"_links":{"self":[{"href":"https:\/\/roveyayinevi.com.tr\/index.php\/wp-json\/wp\/v2\/product\/741628","targetHints":{"allow":["GET"]}}],"collection":[{"href":"https:\/\/roveyayinevi.com.tr\/index.php\/wp-json\/wp\/v2\/product"}],"about":[{"href":"https:\/\/roveyayinevi.com.tr\/index.php\/wp-json\/wp\/v2\/types\/product"}],"wp:attachment":[{"href":"https:\/\/roveyayinevi.com.tr\/index.php\/wp-json\/wp\/v2\/media?parent=741628"}],"wp:term":[{"taxonomy":"product_brand","embeddable":true,"href":"https:\/\/roveyayinevi.com.tr\/index.php\/wp-json\/wp\/v2\/product_brand?post=741628"},{"taxonomy":"product_cat","embeddable":true,"href":"https:\/\/roveyayinevi.com.tr\/index.php\/wp-json\/wp\/v2\/product_cat?post=741628"},{"taxonomy":"product_tag","embeddable":true,"href":"https:\/\/roveyayinevi.com.tr\/index.php\/wp-json\/wp\/v2\/product_tag?post=741628"}],"curies":[{"name":"wp","href":"https:\/\/api.w.org\/{rel}","templated":true}]}}