{"id":741627,"date":"2025-08-28T00:53:29","date_gmt":"2025-08-27T21:53:29","guid":{"rendered":"https:\/\/roveyayinevi.com.tr\/index.php\/urun\/gulistan-5\/"},"modified":"2026-04-16T02:52:47","modified_gmt":"2026-04-15T23:52:47","slug":"gulistan-5","status":"publish","type":"product","link":"https:\/\/roveyayinevi.com.tr\/index.php\/urun\/gulistan-5\/","title":{"rendered":"G\u00fclistan"},"content":{"rendered":"<p>Maddi imk\u00e2ns\u0131zl\u0131klar\u0131n kad\u0131nlar ve \u00e7ocuklar \u00fczerindeki etkisini \u00e7ok y\u00f6nl\u00fc ele alan yazar, yoksulluk g\u00fczellemelerinin aksine yoksullu\u011fun gerek co\u011frafi gerek de k\u00fclt\u00fcrel zorluklar\u0131n\u0131 ak\u0131c\u0131 bir dille okuyucuya aktar\u0131yor. Alkolik bir baban\u0131n kendi hevesleri u\u011fruna ailesini s\u00fcr\u00fckledi\u011fi girdab\u0131, G\u00fclistan ve annesinin istemsizce \u00e7\u0131kt\u0131\u011f\u0131 me\u00e7hul yolculu\u011fun sonunda art arda ya\u015fanan felaket silsilesini okudu\u011funuzda kendinizden bir \u015feyler bulacaks\u0131n\u0131z&#8230; Ya\u011fmurdan ka\u00e7arken doluya tutulanlara ithafen kaleme al\u0131nan bu eserde, ya\u015fam ile \u00f6l\u00fcm aras\u0131ndaki k\u0131sa zaman dilimini karakterin kendi a\u011fz\u0131ndan dinlemek olduk\u00e7a etkileyici olacak&#8230; <\/p>\n","protected":false},"excerpt":{"rendered":"<p>Maddi imk\u00e2ns\u0131zl\u0131klar\u0131n kad\u0131nlar ve \u00e7ocuklar \u00fczerindeki etkisini \u00e7ok y\u00f6nl\u00fc ele alan yazar, yoksulluk g\u00fczellemelerinin aksine yoksullu\u011fun gerek co\u011frafi gerek de k\u00fclt\u00fcrel zorluklar\u0131n\u0131 ak\u0131c\u0131 bir dille okuyucuya<span class=\"excerpt-hellip\"> [\u2026]<\/span><\/p>\n","protected":false},"featured_media":0,"template":"","meta":{"_monsterinsights_skip_tracking":false,"_monsterinsights_sitenote_active":false,"_monsterinsights_sitenote_note":"","_monsterinsights_sitenote_category":0},"product_brand":[],"product_cat":[12291,12711],"product_tag":[],"class_list":{"0":"post-741627","1":"product","2":"type-product","3":"status-publish","5":"product_cat-edebiyat","6":"product_cat-roman-oyku","7":"pa_cilt-ciltsiz","8":"pa_tur-kitap","9":"pa_yayinevi-luna-yayinlari","10":"pa_yazar-hayal-yazar","12":"first","13":"instock","14":"sale","15":"shipping-taxable","16":"purchasable","17":"product-type-simple"},"_links":{"self":[{"href":"https:\/\/roveyayinevi.com.tr\/index.php\/wp-json\/wp\/v2\/product\/741627","targetHints":{"allow":["GET"]}}],"collection":[{"href":"https:\/\/roveyayinevi.com.tr\/index.php\/wp-json\/wp\/v2\/product"}],"about":[{"href":"https:\/\/roveyayinevi.com.tr\/index.php\/wp-json\/wp\/v2\/types\/product"}],"wp:attachment":[{"href":"https:\/\/roveyayinevi.com.tr\/index.php\/wp-json\/wp\/v2\/media?parent=741627"}],"wp:term":[{"taxonomy":"product_brand","embeddable":true,"href":"https:\/\/roveyayinevi.com.tr\/index.php\/wp-json\/wp\/v2\/product_brand?post=741627"},{"taxonomy":"product_cat","embeddable":true,"href":"https:\/\/roveyayinevi.com.tr\/index.php\/wp-json\/wp\/v2\/product_cat?post=741627"},{"taxonomy":"product_tag","embeddable":true,"href":"https:\/\/roveyayinevi.com.tr\/index.php\/wp-json\/wp\/v2\/product_tag?post=741627"}],"curies":[{"name":"wp","href":"https:\/\/api.w.org\/{rel}","templated":true}]}}