{"id":741626,"date":"2025-08-28T00:53:27","date_gmt":"2025-08-27T21:53:27","guid":{"rendered":"https:\/\/roveyayinevi.com.tr\/index.php\/urun\/gelecegin-fisiltisi\/"},"modified":"2026-04-16T02:52:47","modified_gmt":"2026-04-15T23:52:47","slug":"gelecegin-fisiltisi","status":"publish","type":"product","link":"https:\/\/roveyayinevi.com.tr\/index.php\/urun\/gelecegin-fisiltisi\/","title":{"rendered":"Gelece\u011fin F\u0131s\u0131lt\u0131s\u0131"},"content":{"rendered":"<p>Homage \u015fehrindeki kendini iyili\u011fe adam\u0131\u015f derne\u011fin \u00fcyelerinden biri olan William Barnes, ertesi g\u00fcnlerde olacak k\u00f6t\u00fc olaylar\u0131 raporlayan bir yaz\u0131c\u0131 icat eder. Bu raporlar yard\u0131m\u0131yla olaylar\u0131 ya\u015fayacak ki\u015filere bildirim niteli\u011finde g\u00f6nderdikleri haber man\u015feti g\u00f6r\u00fcn\u00fcml\u00fc bildirimleri ve derne\u011fin kurdu\u011fu bu sistemi fark eden ilk ki\u015fi Marry Cooke olur. Bunu di\u011fer \u00fc\u00e7 arkada\u015f\u0131na da anlat\u0131r fakat d\u00f6rtl\u00fc, ba\u015flar\u0131na geleceklerden habersizdir&#8230; <\/p>\n","protected":false},"excerpt":{"rendered":"<p>Homage \u015fehrindeki kendini iyili\u011fe adam\u0131\u015f derne\u011fin \u00fcyelerinden biri olan William Barnes, ertesi g\u00fcnlerde olacak k\u00f6t\u00fc olaylar\u0131 raporlayan bir yaz\u0131c\u0131 icat eder. Bu raporlar yard\u0131m\u0131yla olaylar\u0131 ya\u015fayacak<span class=\"excerpt-hellip\"> [\u2026]<\/span><\/p>\n","protected":false},"featured_media":0,"template":"","meta":{"_monsterinsights_skip_tracking":false,"_monsterinsights_sitenote_active":false,"_monsterinsights_sitenote_note":"","_monsterinsights_sitenote_category":0},"product_brand":[],"product_cat":[12291,12711],"product_tag":[],"class_list":{"0":"post-741626","1":"product","2":"type-product","3":"status-publish","5":"product_cat-edebiyat","6":"product_cat-roman-oyku","7":"pa_cilt-ciltsiz","8":"pa_tur-kitap","9":"pa_yayinevi-luna-yayinlari","10":"pa_yazar-cemre-cingisiz","12":"first","13":"instock","14":"sale","15":"shipping-taxable","16":"purchasable","17":"product-type-simple"},"_links":{"self":[{"href":"https:\/\/roveyayinevi.com.tr\/index.php\/wp-json\/wp\/v2\/product\/741626","targetHints":{"allow":["GET"]}}],"collection":[{"href":"https:\/\/roveyayinevi.com.tr\/index.php\/wp-json\/wp\/v2\/product"}],"about":[{"href":"https:\/\/roveyayinevi.com.tr\/index.php\/wp-json\/wp\/v2\/types\/product"}],"wp:attachment":[{"href":"https:\/\/roveyayinevi.com.tr\/index.php\/wp-json\/wp\/v2\/media?parent=741626"}],"wp:term":[{"taxonomy":"product_brand","embeddable":true,"href":"https:\/\/roveyayinevi.com.tr\/index.php\/wp-json\/wp\/v2\/product_brand?post=741626"},{"taxonomy":"product_cat","embeddable":true,"href":"https:\/\/roveyayinevi.com.tr\/index.php\/wp-json\/wp\/v2\/product_cat?post=741626"},{"taxonomy":"product_tag","embeddable":true,"href":"https:\/\/roveyayinevi.com.tr\/index.php\/wp-json\/wp\/v2\/product_tag?post=741626"}],"curies":[{"name":"wp","href":"https:\/\/api.w.org\/{rel}","templated":true}]}}