{"id":741625,"date":"2025-08-28T00:53:26","date_gmt":"2025-08-27T21:53:26","guid":{"rendered":"https:\/\/roveyayinevi.com.tr\/index.php\/urun\/turk-dunyasi-seti-5-kitap-takim-kutulu\/"},"modified":"2026-04-16T02:52:47","modified_gmt":"2026-04-15T23:52:47","slug":"turk-dunyasi-seti-5-kitap-takim-kutulu","status":"publish","type":"product","link":"https:\/\/roveyayinevi.com.tr\/index.php\/urun\/turk-dunyasi-seti-5-kitap-takim-kutulu\/","title":{"rendered":"T\u00fcrk D\u00fcnyas\u0131 Seti &#8211; 5 Kitap Tak\u0131m &#8211; Kutulu"},"content":{"rendered":"<p>Be\u015f kitaptan olu\u015fan &#8220;T\u00fcrk D\u00fcnyas\u0131&#8221; d\u00fcnya T\u00fcrkl\u00fc\u011f\u00fcn\u00fcn b\u00fct\u00fcnl\u00fc\u011f\u00fc ger\u00e7e\u011fini, ayn\u0131 zamanda d\u00fcnya T\u00fcrkl\u00fc\u011f\u00fcn\u00fcn ayr\u0131\u015fma ve b\u00fct\u00fcnle\u015fme \u00f6zelliklerini somut verilere dayanarak, dolgun ve zengin bilgi yelpazesi yard\u0131m\u0131yla yans\u0131tmaktad\u0131r. 1. kitapta: T\u00fcrk uygarl\u0131\u011f\u0131n\u0131n tarihi geli\u015fimi ve temel de\u011ferleri, T\u00fcrk dilleri ailesi, ortak T\u00fcrk tarihi ve k\u00fclt\u00fcr\u00fc, siyaseti ve diplomasisi, T\u00fcrklerin spesifik ya\u015fam tarz\u0131, gelenek ve g\u00f6renekleri, evrensel ve \u00e7ok k\u00fclt\u00fcrl\u00fc d\u00fcnya g\u00f6r\u00fc\u015fleriyle \u00e7a\u011fda\u015f d\u00fcnyadaki konumlar\u0131; 2. kitapta: T\u00fcrk etnoco\u011frafyas\u0131, eski T\u00fcrk uluslar\u0131 ve boylar\u0131, \u00e7a\u011fda\u015f T\u00fcrk halklar\u0131 ve topluluklar\u0131, T\u00fcrk diasporas\u0131 ve diasporan\u0131n \u00f6rg\u00fctlenme sorunlar\u0131, ortak T\u00fcrk kurumlar\u0131 ve bunlar\u0131n b\u00fct\u00fcnle\u015fme s\u00fcrecindeki rolleri; 3. kitapta: T\u00fcrklerin devlet gelene\u011fi ve soya\u011fac\u0131, eski T\u00fcrk devlet ve imparatorluklar\u0131, bug\u00fcnk\u00fc ba\u011f\u0131ms\u0131z T\u00fcrk Cumhuriyetleri ve bunlar aras\u0131ndaki ili\u015fkiler, ba\u015fka devletlere ba\u011fl\u0131 \u00f6zerk T\u00fcrk Cumhuriyetleri ve \u00f6zerk T\u00fcrk b\u00f6lgeleri; 4.kitapta: T\u00fcrkoloji biliminin g\u00fcncel meseleleri, T\u00fcrk\u00e7\u00fcl\u00fck ideolojisi ve bu ideolojinin temsilcileri, T\u00fcrk\u00e7\u00fcl\u00fc\u011f\u00fc tahrif edici yakla\u015f\u0131m ve teorilerin ele\u015ftirel analizi, T\u00fcrk kimli\u011fi kar\u015f\u0131s\u0131ndaki tutum, \u00e7a\u011fda\u015f T\u00fcrk d\u00fcnyas\u0131n\u0131n geli\u015fim potansiyeli ve olanaklar\u0131na dair somut bilgiler; 5. kitapta: T\u00fcrk d\u00fcnyas\u0131n\u0131n b\u00fcy\u00fck isimleri ve bu isimlerin devlet, siyaset, bilim, k\u00fclt\u00fcr, edebiyat hayat\u0131ndaki hizmetleri sistemli bir \u015fekilde ortaya konmu\u015ftur.<\/p>\n","protected":false},"excerpt":{"rendered":"<p>Be\u015f kitaptan olu\u015fan &#8220;T\u00fcrk D\u00fcnyas\u0131&#8221; d\u00fcnya T\u00fcrkl\u00fc\u011f\u00fcn\u00fcn b\u00fct\u00fcnl\u00fc\u011f\u00fc ger\u00e7e\u011fini, ayn\u0131 zamanda d\u00fcnya T\u00fcrkl\u00fc\u011f\u00fcn\u00fcn ayr\u0131\u015fma ve b\u00fct\u00fcnle\u015fme \u00f6zelliklerini somut verilere dayanarak, dolgun ve zengin bilgi yelpazesi yard\u0131m\u0131yla<span class=\"excerpt-hellip\"> [\u2026]<\/span><\/p>\n","protected":false},"featured_media":0,"template":"","meta":{"_monsterinsights_skip_tracking":false,"_monsterinsights_sitenote_active":false,"_monsterinsights_sitenote_note":"","_monsterinsights_sitenote_category":0},"product_brand":[],"product_cat":[12312,12304],"product_tag":[],"class_list":{"0":"post-741625","1":"product","2":"type-product","3":"status-publish","5":"product_cat-diger","6":"product_cat-tarih","7":"pa_cilt-ciltli","8":"pa_tur-kitap","9":"pa_yayinevi-yeditepe-yayinevi","10":"pa_yazar-cavansir-fevziyev","12":"first","13":"instock","14":"sale","15":"shipping-taxable","16":"purchasable","17":"product-type-simple"},"_links":{"self":[{"href":"https:\/\/roveyayinevi.com.tr\/index.php\/wp-json\/wp\/v2\/product\/741625","targetHints":{"allow":["GET"]}}],"collection":[{"href":"https:\/\/roveyayinevi.com.tr\/index.php\/wp-json\/wp\/v2\/product"}],"about":[{"href":"https:\/\/roveyayinevi.com.tr\/index.php\/wp-json\/wp\/v2\/types\/product"}],"wp:attachment":[{"href":"https:\/\/roveyayinevi.com.tr\/index.php\/wp-json\/wp\/v2\/media?parent=741625"}],"wp:term":[{"taxonomy":"product_brand","embeddable":true,"href":"https:\/\/roveyayinevi.com.tr\/index.php\/wp-json\/wp\/v2\/product_brand?post=741625"},{"taxonomy":"product_cat","embeddable":true,"href":"https:\/\/roveyayinevi.com.tr\/index.php\/wp-json\/wp\/v2\/product_cat?post=741625"},{"taxonomy":"product_tag","embeddable":true,"href":"https:\/\/roveyayinevi.com.tr\/index.php\/wp-json\/wp\/v2\/product_tag?post=741625"}],"curies":[{"name":"wp","href":"https:\/\/api.w.org\/{rel}","templated":true}]}}