{"id":741624,"date":"2025-08-28T00:53:26","date_gmt":"2025-08-27T21:53:26","guid":{"rendered":"https:\/\/roveyayinevi.com.tr\/index.php\/urun\/fusun-onur-evvel-zaman-icinde\/"},"modified":"2026-04-16T02:52:47","modified_gmt":"2026-04-15T23:52:47","slug":"fusun-onur-evvel-zaman-icinde","status":"publish","type":"product","link":"https:\/\/roveyayinevi.com.tr\/index.php\/urun\/fusun-onur-evvel-zaman-icinde\/","title":{"rendered":"F\u00fcsun Onur: Evvel Zaman \u0130\u00e7inde"},"content":{"rendered":"<p>F\u00fcsun Onur\u2019un bu y\u0131l Venedik Bienali T\u00fcrkiye Pavyonu\u2019ndaki sergisine e\u015flik eden, ayn\u0131 zamanda sanat\u00e7\u0131n\u0131n en kapsaml\u0131 monografisi olan F\u00fcsun Onur: Evvel Zaman \u0130\u00e7inde kitab\u0131n\u0131n T\u00fcrk\u00e7e bas\u0131m\u0131 \u0130KSV ve Yap\u0131 Kredi Yay\u0131nlar\u0131 ortakl\u0131\u011f\u0131nda yay\u0131mland\u0131.&#8221;F\u00fcsun Onur sanat prati\u011fine 1960&#8217;larda, resmin ve heykelin i\u00e7ine s\u0131k\u0131\u015ft\u0131r\u0131ld\u0131\u011f\u0131 kal\u0131plar\u0131n d\u0131\u015f\u0131nda yap\u0131tlar \u00fcreterek ba\u015flad\u0131. Bunu izleyen ony\u0131llarda gerek g\u00fcndelik, ge\u00e7ici malzemeleri i\u015flerine dahil ederek gerekse kavramsal ve minimalist yakla\u015f\u0131m\u0131yla T\u00fcrkiye g\u00fcncel sanat ortam\u0131nda bir \u00f6nc\u00fc oldu. Onur&#8217;un Venedik Bienali 59. Uluslararas\u0131 Sanat Sergisi T\u00fcrkiye Pavyonu i\u00e7in Bige \u00d6rer&#8217;in k\u00fcrat\u00f6rl\u00fc\u011f\u00fcnde tasarlad\u0131\u011f\u0131 yeni yerle\u015ftirmesi Evvel zaman i\u00e7inde&#8230;, yaln\u0131zca sanat\u00e7\u0131n\u0131n yak\u0131n d\u00f6nemdeki \u00fcretimini de\u011fil, yar\u0131m y\u00fczy\u0131l\u0131 a\u015fan sanat ya\u015fam\u0131n\u0131 da belirleyen anlat\u0131sal ve otobiyografik unsurlara i\u015faret ediyor. Sanat\u00e7\u0131n\u0131n T\u00fcrkiye Pavyonu&#8217;ndaki sergisine e\u015flik eden bu en kapsaml\u0131 monografisi, Onur&#8217;un ula\u015f\u0131labilen t\u00fcm eserlerini belgeliyor, uluslararas\u0131 sanat d\u00fcnyas\u0131n\u0131n \u00f6nemli isimlerinin kaleme ald\u0131\u011f\u0131 yirmi alt\u0131 yeni yaz\u0131n\u0131n yan\u0131 s\u0131ra s\u00f6yle\u015filere ve ar\u015fiv metinlerinden par\u00e7alara yer veriyor.&#8221;<\/p>\n","protected":false},"excerpt":{"rendered":"<p>F\u00fcsun Onur\u2019un bu y\u0131l Venedik Bienali T\u00fcrkiye Pavyonu\u2019ndaki sergisine e\u015flik eden, ayn\u0131 zamanda sanat\u00e7\u0131n\u0131n en kapsaml\u0131 monografisi olan F\u00fcsun Onur: Evvel Zaman \u0130\u00e7inde kitab\u0131n\u0131n T\u00fcrk\u00e7e bas\u0131m\u0131<span class=\"excerpt-hellip\"> [\u2026]<\/span><\/p>\n","protected":false},"featured_media":0,"template":"","meta":{"_monsterinsights_skip_tracking":false,"_monsterinsights_sitenote_active":false,"_monsterinsights_sitenote_note":"","_monsterinsights_sitenote_category":0},"product_brand":[],"product_cat":[44608,12408],"product_tag":[],"class_list":{"0":"post-741624","1":"product","2":"type-product","3":"status-publish","5":"product_cat-diger-sanat","6":"product_cat-sanat","7":"pa_cilt-ciltsiz","8":"pa_tur-kitap","9":"pa_yayinevi-yapi-kredi-yayinlari-sanat","10":"pa_yazar-kolektif","12":"first","13":"instock","14":"sale","15":"shipping-taxable","16":"purchasable","17":"product-type-simple"},"_links":{"self":[{"href":"https:\/\/roveyayinevi.com.tr\/index.php\/wp-json\/wp\/v2\/product\/741624","targetHints":{"allow":["GET"]}}],"collection":[{"href":"https:\/\/roveyayinevi.com.tr\/index.php\/wp-json\/wp\/v2\/product"}],"about":[{"href":"https:\/\/roveyayinevi.com.tr\/index.php\/wp-json\/wp\/v2\/types\/product"}],"wp:attachment":[{"href":"https:\/\/roveyayinevi.com.tr\/index.php\/wp-json\/wp\/v2\/media?parent=741624"}],"wp:term":[{"taxonomy":"product_brand","embeddable":true,"href":"https:\/\/roveyayinevi.com.tr\/index.php\/wp-json\/wp\/v2\/product_brand?post=741624"},{"taxonomy":"product_cat","embeddable":true,"href":"https:\/\/roveyayinevi.com.tr\/index.php\/wp-json\/wp\/v2\/product_cat?post=741624"},{"taxonomy":"product_tag","embeddable":true,"href":"https:\/\/roveyayinevi.com.tr\/index.php\/wp-json\/wp\/v2\/product_tag?post=741624"}],"curies":[{"name":"wp","href":"https:\/\/api.w.org\/{rel}","templated":true}]}}