{"id":741623,"date":"2025-08-28T00:53:25","date_gmt":"2025-08-27T21:53:25","guid":{"rendered":"https:\/\/roveyayinevi.com.tr\/index.php\/urun\/mikrobun-kesfi\/"},"modified":"2026-04-16T02:52:47","modified_gmt":"2026-04-15T23:52:47","slug":"mikrobun-kesfi","status":"publish","type":"product","link":"https:\/\/roveyayinevi.com.tr\/index.php\/urun\/mikrobun-kesfi\/","title":{"rendered":"Mikrobun Ke\u015ffi"},"content":{"rendered":"<p>Ger\u00e7ek devrimler d\u00fcnyam\u0131z\u0131n \u00e7ehresini ve ona bak\u0131\u015f\u0131m\u0131z\u0131 de\u011fi\u015ftirir.   1880-1900 y\u0131llar\u0131 aras\u0131nda ger\u00e7ekle\u015fen ola\u011fan\u00fcst\u00fc bilimsel devrim, sadece yirmi y\u0131l i\u00e7inde bizim d\u00fcnyaya bak\u0131\u015f\u0131m\u0131z\u0131 sonsuza dek de\u011fi\u015ftirdi. Bat\u0131l\u0131 hekimler, mikroplar\u0131n varl\u0131\u011f\u0131n\u0131 kan\u0131tlay\u0131p hastal\u0131klar\u0131n nedenleri ve do\u011fas\u0131 hakk\u0131nda binlerce y\u0131ld\u0131r s\u00fcregelen yanl\u0131\u015f fikirleri ve eski tedavi y\u00f6ntemlerini birer birer terk etti. Bu kitap, t\u0131p tarihindeki en b\u00fcy\u00fck ilerlemelerden biri olan mikrobun ke\u015ffinin soluk kesici hik\u00e2yesini anlat\u0131yor. Bilimsel gayret, d\u00fc\u015f\u00fcnsel cesaret, say\u0131s\u0131z ki\u015fisel ve siyasi \u00e7eki\u015fme, fedak\u00e2rl\u0131klar ve al\u0131nan b\u00fcy\u00fck risklerin nas\u0131l meyve verdi\u011fini g\u00f6steriyor. Bu b\u00fcy\u00fck devrimin g\u00fcvenli ameliyatlara, geni\u015f \u00e7apl\u0131 a\u015f\u0131 seferberliklerine, hijyen ve sanitasyon alan\u0131nda \u00e7arp\u0131c\u0131 iyile\u015ftirmelere ve bug\u00fcn \u00e7o\u011fumuzun hayat\u0131n\u0131 bor\u00e7lu oldu\u011fu antibiyotik ila\u00e7lar\u0131n ortaya \u00e7\u0131k\u0131\u015f\u0131na nas\u0131l zemin haz\u0131rlad\u0131\u011f\u0131n\u0131 \u00e7arp\u0131c\u0131 bir dille g\u00f6zler \u00f6n\u00fcne seriyor.<\/p>\n","protected":false},"excerpt":{"rendered":"<p>Ger\u00e7ek devrimler d\u00fcnyam\u0131z\u0131n \u00e7ehresini ve ona bak\u0131\u015f\u0131m\u0131z\u0131 de\u011fi\u015ftirir. 1880-1900 y\u0131llar\u0131 aras\u0131nda ger\u00e7ekle\u015fen ola\u011fan\u00fcst\u00fc bilimsel devrim, sadece yirmi y\u0131l i\u00e7inde bizim d\u00fcnyaya bak\u0131\u015f\u0131m\u0131z\u0131 sonsuza dek de\u011fi\u015ftirdi. Bat\u0131l\u0131<span class=\"excerpt-hellip\"> [\u2026]<\/span><\/p>\n","protected":false},"featured_media":0,"template":"","meta":{"_monsterinsights_skip_tracking":false,"_monsterinsights_sitenote_active":false,"_monsterinsights_sitenote_note":"","_monsterinsights_sitenote_category":0},"product_brand":[],"product_cat":[13005,37328],"product_tag":[],"class_list":{"0":"post-741623","1":"product","2":"type-product","3":"status-publish","5":"product_cat-bilim-muhendislik","6":"product_cat-diger-bilim-muhendislik","7":"pa_cilt-ciltsiz","8":"pa_tur-kitap","9":"pa_yayinevi-fol-kitap","10":"pa_yazar-john-waller","12":"first","13":"instock","14":"sale","15":"shipping-taxable","16":"purchasable","17":"product-type-simple"},"_links":{"self":[{"href":"https:\/\/roveyayinevi.com.tr\/index.php\/wp-json\/wp\/v2\/product\/741623","targetHints":{"allow":["GET"]}}],"collection":[{"href":"https:\/\/roveyayinevi.com.tr\/index.php\/wp-json\/wp\/v2\/product"}],"about":[{"href":"https:\/\/roveyayinevi.com.tr\/index.php\/wp-json\/wp\/v2\/types\/product"}],"wp:attachment":[{"href":"https:\/\/roveyayinevi.com.tr\/index.php\/wp-json\/wp\/v2\/media?parent=741623"}],"wp:term":[{"taxonomy":"product_brand","embeddable":true,"href":"https:\/\/roveyayinevi.com.tr\/index.php\/wp-json\/wp\/v2\/product_brand?post=741623"},{"taxonomy":"product_cat","embeddable":true,"href":"https:\/\/roveyayinevi.com.tr\/index.php\/wp-json\/wp\/v2\/product_cat?post=741623"},{"taxonomy":"product_tag","embeddable":true,"href":"https:\/\/roveyayinevi.com.tr\/index.php\/wp-json\/wp\/v2\/product_tag?post=741623"}],"curies":[{"name":"wp","href":"https:\/\/api.w.org\/{rel}","templated":true}]}}