{"id":741620,"date":"2025-08-28T00:53:22","date_gmt":"2025-08-27T21:53:22","guid":{"rendered":"https:\/\/roveyayinevi.com.tr\/index.php\/urun\/sultan-ve-kralice\/"},"modified":"2026-04-16T02:52:47","modified_gmt":"2026-04-15T23:52:47","slug":"sultan-ve-kralice","status":"publish","type":"product","link":"https:\/\/roveyayinevi.com.tr\/index.php\/urun\/sultan-ve-kralice\/","title":{"rendered":"Sultan ve Krali\u00e7e"},"content":{"rendered":"<p>Katolik g\u00fc\u00e7lerin I. Elizabeth\u2019e kar\u015f\u0131 d\u00fczenledi\u011fi komplolar\u0131 ve suikastlar\u0131, 1570 y\u0131l\u0131nda Papa\u2019n\u0131n onu aforoz etmesi izledi. Hem \u00fclke i\u00e7inde hem de \u00fclke d\u0131\u015f\u0131nda Katolik g\u00fc\u00e7lerin ku\u015fatmas\u0131 alt\u0131nda kalan Elizabeth \u201cd\u00fc\u015fman\u0131m\u0131n d\u00fc\u015fman\u0131 dostumdur\u201d d\u00fcsturuyla hareket ederek, \u0130spanya\u2019n\u0131n ba\u015f\u0131n\u0131 \u00e7ekti\u011fi Katolik devletlerle \u00e7at\u0131\u015fma halinde olan M\u00fcsl\u00fcman devletlerle modern \u00e7a\u011flara kadar e\u015fi benzeri g\u00f6r\u00fclmeyecek siyasi, ekonomik, askeri ve ticari ili\u015fkiler ve ittifaklar kurdu. Bu tarihler ayn\u0131 zamanda \u0130ngiltere\u2019nin \u0130slam d\u00fcnyas\u0131yla k\u00fclt\u00fcrel etkile\u015fimler i\u00e7ine de girmeye ba\u015flad\u0131\u011f\u0131 tarihlerdi.    \u0130ngiltere bu s\u00fcre\u00e7te Bab\u0131\u00e2li\u2019yle anla\u015fmalar imzalad\u0131. Krali\u00e7e, Sultan\u2019\u0131n kendisine e\u015fitiymi\u015f gibi muamele etmemesine ald\u0131rmadan Sultan\u2019la, stat\u00fc fark\u0131na bakmadan Sultan\u2019\u0131n e\u015fi Haseki Safiye Sultan\u2019la mektupla\u015ft\u0131. Sultan\u2019a zaman\u0131 i\u00e7in teknoloji harikas\u0131 bir kurmal\u0131 saat-org hediye etti. Fas krallar\u0131ndan el\u00e7iler kabul etti. Hatta Katolik H\u0131ristiyanlara kar\u015f\u0131 kullanmalar\u0131 i\u00e7in M\u00fcsl\u00fcman devletlere m\u00fchimmat deste\u011fi sa\u011flad\u0131.    Bu yeni ili\u015fkiler ve ittifaklar \u0130ngiliz toplumunda M\u00fcsl\u00fcmanlara dair fark\u0131ndal\u0131\u011f\u0131 art\u0131rd\u0131 ve bu fark\u0131ndal\u0131k, olduk\u00e7a kar\u0131\u015f\u0131k ve kafa kar\u0131\u015ft\u0131r\u0131c\u0131 bir \u015fekilde olsa da, ba\u015fta Shakespeare\u2019in Othello ve Venedik Taciri eserleri olmak \u00fczere, o d\u00f6nem \u00fcretilen \u00e7ok say\u0131da k\u00fclt\u00fcrel \u00fcr\u00fcne yans\u0131d\u0131.    Jerry Brotton\u2019\u0131n Sultan ve Krali\u00e7e adl\u0131 \u00e7al\u0131\u015fmas\u0131, \u0130ngiltere\u2019nin bu d\u00f6nemde T\u00fcrk, Arap ve M\u00fcsl\u00fcman d\u00fcnyas\u0131yla kurdu\u011fu ili\u015fkilerin san\u0131landan daha dostane ve \u00e7ok daha kapsaml\u0131 oldu\u011funu, Elizabeth \u0130ngiltere\u2019sinin siyasetini, ekonomisini, ticaretini ve \u00e7ehresini ciddi \u00f6l\u00e7\u00fcde etkiledi\u011fini ortaya koyuyor.   Jerry Brotton, Londra\u2019da bulunan Queen Mary \u00dcniversitesi R\u00f6nesans \u00c7al\u0131\u015fmalar\u0131 B\u00f6l\u00fcm\u00fc\u2019nde \u00f6\u011fretim \u00fcyesi. <\/p>\n","protected":false},"excerpt":{"rendered":"<p>Katolik g\u00fc\u00e7lerin I. Elizabeth\u2019e kar\u015f\u0131 d\u00fczenledi\u011fi komplolar\u0131 ve suikastlar\u0131, 1570 y\u0131l\u0131nda Papa\u2019n\u0131n onu aforoz etmesi izledi. Hem \u00fclke i\u00e7inde hem de \u00fclke d\u0131\u015f\u0131nda Katolik g\u00fc\u00e7lerin ku\u015fatmas\u0131<span class=\"excerpt-hellip\"> [\u2026]<\/span><\/p>\n","protected":false},"featured_media":0,"template":"","meta":{"_monsterinsights_skip_tracking":false,"_monsterinsights_sitenote_active":false,"_monsterinsights_sitenote_note":"","_monsterinsights_sitenote_category":0},"product_brand":[],"product_cat":[12312,12304],"product_tag":[],"class_list":{"0":"post-741620","1":"product","2":"type-product","3":"status-publish","5":"product_cat-diger","6":"product_cat-tarih","7":"pa_cilt-ciltsiz","8":"pa_tur-kitap","9":"pa_yayinevi-koc-universitesi-yayinlari","10":"pa_yazar-jerry-brotton","12":"first","13":"instock","14":"sale","15":"shipping-taxable","16":"purchasable","17":"product-type-simple"},"_links":{"self":[{"href":"https:\/\/roveyayinevi.com.tr\/index.php\/wp-json\/wp\/v2\/product\/741620","targetHints":{"allow":["GET"]}}],"collection":[{"href":"https:\/\/roveyayinevi.com.tr\/index.php\/wp-json\/wp\/v2\/product"}],"about":[{"href":"https:\/\/roveyayinevi.com.tr\/index.php\/wp-json\/wp\/v2\/types\/product"}],"wp:attachment":[{"href":"https:\/\/roveyayinevi.com.tr\/index.php\/wp-json\/wp\/v2\/media?parent=741620"}],"wp:term":[{"taxonomy":"product_brand","embeddable":true,"href":"https:\/\/roveyayinevi.com.tr\/index.php\/wp-json\/wp\/v2\/product_brand?post=741620"},{"taxonomy":"product_cat","embeddable":true,"href":"https:\/\/roveyayinevi.com.tr\/index.php\/wp-json\/wp\/v2\/product_cat?post=741620"},{"taxonomy":"product_tag","embeddable":true,"href":"https:\/\/roveyayinevi.com.tr\/index.php\/wp-json\/wp\/v2\/product_tag?post=741620"}],"curies":[{"name":"wp","href":"https:\/\/api.w.org\/{rel}","templated":true}]}}