{"id":741618,"date":"2025-08-28T00:53:20","date_gmt":"2025-08-27T21:53:20","guid":{"rendered":"https:\/\/roveyayinevi.com.tr\/index.php\/urun\/corto-maltese-5-etiyopyalilar\/"},"modified":"2026-04-16T02:52:47","modified_gmt":"2026-04-15T23:52:47","slug":"corto-maltese-5-etiyopyalilar","status":"publish","type":"product","link":"https:\/\/roveyayinevi.com.tr\/index.php\/urun\/corto-maltese-5-etiyopyalilar\/","title":{"rendered":"Corto Maltese 5 \u2013 Etiyopyal\u0131lar"},"content":{"rendered":"<p>\u00d6zg\u00fcrl\u00fck d\u00fc\u015fk\u00fcn\u00fc ve serseri ruhlu maceraperest Corto Maltese kay\u0131p hazinelerin, yard\u0131ma muhta\u00e7 arkada\u015flar\u0131n, tuhaf hik\u00e2yelerin pe\u015finde d\u00fcnyay\u0131 dola\u015f\u0131yor.   1 Tuzlu Denizin \u015eark\u0131s\u0131 2 O\u011flak Burcu Alt\u0131nda 3 Git Gidebildi\u011fin Kadar 4 Keltler 5 Etiyopyal\u0131lar <\/p>\n","protected":false},"excerpt":{"rendered":"<p>\u00d6zg\u00fcrl\u00fck d\u00fc\u015fk\u00fcn\u00fc ve serseri ruhlu maceraperest Corto Maltese kay\u0131p hazinelerin, yard\u0131ma muhta\u00e7 arkada\u015flar\u0131n, tuhaf hik\u00e2yelerin pe\u015finde d\u00fcnyay\u0131 dola\u015f\u0131yor. 1 Tuzlu Denizin \u015eark\u0131s\u0131 2 O\u011flak Burcu Alt\u0131nda<span class=\"excerpt-hellip\"> [\u2026]<\/span><\/p>\n","protected":false},"featured_media":0,"template":"","meta":{"_monsterinsights_skip_tracking":false,"_monsterinsights_sitenote_active":false,"_monsterinsights_sitenote_note":"","_monsterinsights_sitenote_category":0},"product_brand":[],"product_cat":[12416,12291],"product_tag":[],"class_list":{"0":"post-741618","1":"product","2":"type-product","3":"status-publish","5":"product_cat-cizgi-roman","6":"product_cat-edebiyat","7":"pa_cilt-ciltsiz","8":"pa_tur-kitap","9":"pa_yayinevi-yapi-kredi-yayinlari","10":"pa_yazar-hugo-pratt","12":"first","13":"instock","14":"sale","15":"shipping-taxable","16":"purchasable","17":"product-type-simple"},"_links":{"self":[{"href":"https:\/\/roveyayinevi.com.tr\/index.php\/wp-json\/wp\/v2\/product\/741618","targetHints":{"allow":["GET"]}}],"collection":[{"href":"https:\/\/roveyayinevi.com.tr\/index.php\/wp-json\/wp\/v2\/product"}],"about":[{"href":"https:\/\/roveyayinevi.com.tr\/index.php\/wp-json\/wp\/v2\/types\/product"}],"wp:attachment":[{"href":"https:\/\/roveyayinevi.com.tr\/index.php\/wp-json\/wp\/v2\/media?parent=741618"}],"wp:term":[{"taxonomy":"product_brand","embeddable":true,"href":"https:\/\/roveyayinevi.com.tr\/index.php\/wp-json\/wp\/v2\/product_brand?post=741618"},{"taxonomy":"product_cat","embeddable":true,"href":"https:\/\/roveyayinevi.com.tr\/index.php\/wp-json\/wp\/v2\/product_cat?post=741618"},{"taxonomy":"product_tag","embeddable":true,"href":"https:\/\/roveyayinevi.com.tr\/index.php\/wp-json\/wp\/v2\/product_tag?post=741618"}],"curies":[{"name":"wp","href":"https:\/\/api.w.org\/{rel}","templated":true}]}}