{"id":741617,"date":"2025-08-28T00:53:19","date_gmt":"2025-08-27T21:53:19","guid":{"rendered":"https:\/\/roveyayinevi.com.tr\/index.php\/urun\/turklere-karsi-hacli-seferleri\/"},"modified":"2026-04-16T02:52:47","modified_gmt":"2026-04-15T23:52:47","slug":"turklere-karsi-hacli-seferleri","status":"publish","type":"product","link":"https:\/\/roveyayinevi.com.tr\/index.php\/urun\/turklere-karsi-hacli-seferleri\/","title":{"rendered":"T\u00fcrklere Kar\u015f\u0131 Ha\u00e7l\u0131 Seferleri"},"content":{"rendered":"<p>T\u00fcrklere Kar\u015f\u0131 Ha\u00e7l\u0131 Seferleri Can Yay\u0131nlar\u0131 Osmanl\u0131 devletinin son d\u00f6neminde evkaf, ia\u015fe, maliye ve maarif naz\u0131r\u0131 olan, daha sonra Galatasaray Lisesi\u2019nde tarih hocal\u0131\u011f\u0131 yapan R\u00e2\u015fid Erer\u2019in eseri T\u00fcrklere Kar\u015f\u0131 Ha\u00e7l\u0131 Seferleri, T\u00fcrkiye\u2019de bir d\u00f6neme damgas\u0131n\u0131 vurmu\u015f pop\u00fcler tarihyaz\u0131m\u0131n\u0131n en ilgin\u00e7 \u00f6rneklerinden biri.<\/p>\n","protected":false},"excerpt":{"rendered":"<p>T\u00fcrklere Kar\u015f\u0131 Ha\u00e7l\u0131 Seferleri Can Yay\u0131nlar\u0131 Osmanl\u0131 devletinin son d\u00f6neminde evkaf, ia\u015fe, maliye ve maarif naz\u0131r\u0131 olan, daha sonra Galatasaray Lisesi\u2019nde tarih hocal\u0131\u011f\u0131 yapan R\u00e2\u015fid Erer\u2019in<span class=\"excerpt-hellip\"> [\u2026]<\/span><\/p>\n","protected":false},"featured_media":0,"template":"","meta":{"_monsterinsights_skip_tracking":false,"_monsterinsights_sitenote_active":false,"_monsterinsights_sitenote_note":"","_monsterinsights_sitenote_category":0},"product_brand":[],"product_cat":[12304,13650],"product_tag":[],"class_list":{"0":"post-741617","1":"product","2":"type-product","3":"status-publish","5":"product_cat-tarih","6":"product_cat-turk-tarihi-arastirmalari","7":"pa_cilt-ciltsiz","8":"pa_tur-kitap","9":"pa_yayinevi-can-yayinlari","10":"pa_yazar-rasid-erer","12":"first","13":"instock","14":"sale","15":"shipping-taxable","16":"purchasable","17":"product-type-simple"},"_links":{"self":[{"href":"https:\/\/roveyayinevi.com.tr\/index.php\/wp-json\/wp\/v2\/product\/741617","targetHints":{"allow":["GET"]}}],"collection":[{"href":"https:\/\/roveyayinevi.com.tr\/index.php\/wp-json\/wp\/v2\/product"}],"about":[{"href":"https:\/\/roveyayinevi.com.tr\/index.php\/wp-json\/wp\/v2\/types\/product"}],"wp:attachment":[{"href":"https:\/\/roveyayinevi.com.tr\/index.php\/wp-json\/wp\/v2\/media?parent=741617"}],"wp:term":[{"taxonomy":"product_brand","embeddable":true,"href":"https:\/\/roveyayinevi.com.tr\/index.php\/wp-json\/wp\/v2\/product_brand?post=741617"},{"taxonomy":"product_cat","embeddable":true,"href":"https:\/\/roveyayinevi.com.tr\/index.php\/wp-json\/wp\/v2\/product_cat?post=741617"},{"taxonomy":"product_tag","embeddable":true,"href":"https:\/\/roveyayinevi.com.tr\/index.php\/wp-json\/wp\/v2\/product_tag?post=741617"}],"curies":[{"name":"wp","href":"https:\/\/api.w.org\/{rel}","templated":true}]}}