{"id":741616,"date":"2025-08-28T00:53:18","date_gmt":"2025-08-27T21:53:18","guid":{"rendered":"https:\/\/roveyayinevi.com.tr\/index.php\/urun\/pesimde\/"},"modified":"2026-04-16T02:52:47","modified_gmt":"2026-04-15T23:52:47","slug":"pesimde","status":"publish","type":"product","link":"https:\/\/roveyayinevi.com.tr\/index.php\/urun\/pesimde\/","title":{"rendered":"Pe\u015fimde"},"content":{"rendered":"<p>Yavru Fil g\u00f6le e\u011filmi\u015f su i\u00e7erken birden o sesi duymu\u015ftu! Hemen ka\u00e7maya ba\u015flad\u0131. Tren kadar h\u0131zl\u0131yd\u0131, yoo u\u00e7ak kadar h\u0131zl\u0131, yoo jet kadar h\u0131zl\u0131yd\u0131. Ama o ses hep arkas\u0131ndayd\u0131. Fil\u2019i g\u00f6ren arkada\u015flar\u0131 onun yan\u0131na gittiler. Fil ba\u015f\u0131ndan ge\u00e7enleri anlatt\u0131\u011f\u0131nda herkes o kadar \u015fa\u015f\u0131rd\u0131 ki&#8230;   Pe\u015fimde, Hazel Bilgen\u2019in yazd\u0131\u011f\u0131, Ece Zeber\u2019in resimledi\u011fi merak uyand\u0131ran, sevimli ve e\u011flenceli bir arkada\u015fl\u0131k hik\u00e2yesi. <\/p>\n","protected":false},"excerpt":{"rendered":"<p>Yavru Fil g\u00f6le e\u011filmi\u015f su i\u00e7erken birden o sesi duymu\u015ftu! Hemen ka\u00e7maya ba\u015flad\u0131. Tren kadar h\u0131zl\u0131yd\u0131, yoo u\u00e7ak kadar h\u0131zl\u0131, yoo jet kadar h\u0131zl\u0131yd\u0131. Ama o<span class=\"excerpt-hellip\"> [\u2026]<\/span><\/p>\n","protected":false},"featured_media":0,"template":"","meta":{"_monsterinsights_skip_tracking":false,"_monsterinsights_sitenote_active":false,"_monsterinsights_sitenote_note":"","_monsterinsights_sitenote_category":0},"product_brand":[],"product_cat":[12913,12274],"product_tag":[],"class_list":{"0":"post-741616","1":"product","2":"type-product","3":"status-publish","5":"product_cat-3-6-yas-kitaplari","6":"product_cat-cocuk-ve-genclik-kitaplari","7":"pa_cilt-ciltsiz","8":"pa_tur-kitap","9":"pa_yayinevi-yapi-kredi-yayinlari","10":"pa_yazar-hazel-bilgen","12":"first","13":"instock","14":"sale","15":"shipping-taxable","16":"purchasable","17":"product-type-simple"},"_links":{"self":[{"href":"https:\/\/roveyayinevi.com.tr\/index.php\/wp-json\/wp\/v2\/product\/741616","targetHints":{"allow":["GET"]}}],"collection":[{"href":"https:\/\/roveyayinevi.com.tr\/index.php\/wp-json\/wp\/v2\/product"}],"about":[{"href":"https:\/\/roveyayinevi.com.tr\/index.php\/wp-json\/wp\/v2\/types\/product"}],"wp:attachment":[{"href":"https:\/\/roveyayinevi.com.tr\/index.php\/wp-json\/wp\/v2\/media?parent=741616"}],"wp:term":[{"taxonomy":"product_brand","embeddable":true,"href":"https:\/\/roveyayinevi.com.tr\/index.php\/wp-json\/wp\/v2\/product_brand?post=741616"},{"taxonomy":"product_cat","embeddable":true,"href":"https:\/\/roveyayinevi.com.tr\/index.php\/wp-json\/wp\/v2\/product_cat?post=741616"},{"taxonomy":"product_tag","embeddable":true,"href":"https:\/\/roveyayinevi.com.tr\/index.php\/wp-json\/wp\/v2\/product_tag?post=741616"}],"curies":[{"name":"wp","href":"https:\/\/api.w.org\/{rel}","templated":true}]}}