{"id":741615,"date":"2025-08-28T00:53:16","date_gmt":"2025-08-27T21:53:16","guid":{"rendered":"https:\/\/roveyayinevi.com.tr\/index.php\/urun\/dusumde-ve-disimda\/"},"modified":"2026-04-13T02:59:49","modified_gmt":"2026-04-12T23:59:49","slug":"dusumde-ve-disimda","status":"publish","type":"product","link":"https:\/\/roveyayinevi.com.tr\/index.php\/urun\/dusumde-ve-disimda\/","title":{"rendered":"D\u00fc\u015f\u00fcmde ve D\u0131\u015f\u0131mda"},"content":{"rendered":"<p>D\u00fc\u015f\u00fcmde ve D\u0131\u015f\u0131mda, klasik \u00f6yk\u00fcn\u00fcn kal\u0131plar\u0131n\u0131 bozarak yeni bir anlat\u0131 dili geli\u015ftiren 1950 Ku\u015fa\u011f\u0131\u2019n\u0131n ele avuca s\u0131\u011fmaz yazar\u0131 Orhan Duru\u2019nun dokuzuncu kitab\u0131.   T\u0131pk\u0131 kentin karma\u015fas\u0131 gibi, birbirinin i\u00e7ine ge\u00e7mi\u015f olaylarla, olgularla, durumlardan ve s\u00f6zc\u00fcklerden \u00fcreyen yeni \u00e7a\u011fr\u0131\u015f\u0131m ve s\u0131\u00e7ray\u0131\u015flarla \u00f6r\u00fcl\u00fc Duru\u2019nun \u00f6yk\u00fcleri. Se\u00e7imlerden kokorece, k\u00fcreselle\u015fmeden d\u00fcr\u00fcme, ileti\u015fimden \u00f6zelle\u015ftirmelere, iklimden arkeolojiye, sokaklardan evlere, k\u0131sacas\u0131 g\u00fcnl\u00fck ya\u015fam\u0131n i\u00e7inde olup da de\u011finmedi\u011fi konu yok neredeyse.   Orhan Duru\u2019nun ya\u015fad\u0131\u011f\u0131m\u0131z \u00e7a\u011fa ili\u015fkin bu d\u00fc\u015f g\u00fcc\u00fc, ironi ve hiciv dolu metinlerini keyifle okuyacaks\u0131n\u0131z. \u201c\u0130stanbul olimpiyatlar\u0131n\u0131 d\u00fc\u015f\u00fcn\u00fcyorum g\u00f6zlerim kapal\u0131. Bir yerde start veriliyor. G\u00f6stericiler ile polis aras\u0131nda yar\u0131\u015fma ve \u00e7at\u0131\u015fma ba\u015fl\u0131yor. Molotofkokteylleri at\u0131l\u0131rken Samaranch gelip sporcular\u0131m\u0131z\u0131 yanaklar\u0131ndan \u00f6p\u00fcyor. Ko\u015fularda yar\u0131\u015fmac\u0131lar pistteki \u00e7ukurlara d\u00fc\u015f\u00fcyor. \u00dc\u00e7 ad\u0131m atlamada mehter tak\u0131m\u0131 araya giriyor alk\u0131\u015flar aras\u0131nda. Ard\u0131ndan \u0130bo sahneye \u00e7\u0131karak t\u00fcm d\u00fcnyaya bar\u0131\u015f ve lahmacun mesaj\u0131 veriyor ve t\u00fcm bunlar\u0131 CNN canl\u0131 olarak yay\u0131nl\u0131yor. Habitat\u2019ta deneyimimizi art\u0131rd\u0131\u011f\u0131m\u0131z i\u00e7in atletlerimizin enerji a\u00e7\u0131\u011f\u0131n\u0131 kapatmaya u\u011fra\u015f\u0131yoruz. Bu arada sular kesiliyor ve yar\u0131\u015f\u0131 ter i\u00e7inde bitirmi\u015f atletler du\u015f yapamad\u0131klar\u0131ndan Ca\u011falo\u011flu Hamam\u0131\u2019n\u0131 a\u00e7\u0131yoruz onlara, kese, sabun ve birer pe\u015ftamal.\u201d <\/p>\n","protected":false},"excerpt":{"rendered":"<p>D\u00fc\u015f\u00fcmde ve D\u0131\u015f\u0131mda, klasik \u00f6yk\u00fcn\u00fcn kal\u0131plar\u0131n\u0131 bozarak yeni bir anlat\u0131 dili geli\u015ftiren 1950 Ku\u015fa\u011f\u0131\u2019n\u0131n ele avuca s\u0131\u011fmaz yazar\u0131 Orhan Duru\u2019nun dokuzuncu kitab\u0131. T\u0131pk\u0131 kentin karma\u015fas\u0131 gibi,<span class=\"excerpt-hellip\"> [\u2026]<\/span><\/p>\n","protected":false},"featured_media":0,"template":"","meta":{"_monsterinsights_skip_tracking":false,"_monsterinsights_sitenote_active":false,"_monsterinsights_sitenote_note":"","_monsterinsights_sitenote_category":0},"product_brand":[],"product_cat":[12291,12711],"product_tag":[],"class_list":{"0":"post-741615","1":"product","2":"type-product","3":"status-publish","5":"product_cat-edebiyat","6":"product_cat-roman-oyku","7":"pa_cilt-ciltsiz","8":"pa_tur-kitap","9":"pa_yayinevi-yapi-kredi-yayinlari","10":"pa_yazar-orhan-duru","12":"first","13":"instock","14":"sale","15":"shipping-taxable","16":"purchasable","17":"product-type-simple"},"_links":{"self":[{"href":"https:\/\/roveyayinevi.com.tr\/index.php\/wp-json\/wp\/v2\/product\/741615","targetHints":{"allow":["GET"]}}],"collection":[{"href":"https:\/\/roveyayinevi.com.tr\/index.php\/wp-json\/wp\/v2\/product"}],"about":[{"href":"https:\/\/roveyayinevi.com.tr\/index.php\/wp-json\/wp\/v2\/types\/product"}],"wp:attachment":[{"href":"https:\/\/roveyayinevi.com.tr\/index.php\/wp-json\/wp\/v2\/media?parent=741615"}],"wp:term":[{"taxonomy":"product_brand","embeddable":true,"href":"https:\/\/roveyayinevi.com.tr\/index.php\/wp-json\/wp\/v2\/product_brand?post=741615"},{"taxonomy":"product_cat","embeddable":true,"href":"https:\/\/roveyayinevi.com.tr\/index.php\/wp-json\/wp\/v2\/product_cat?post=741615"},{"taxonomy":"product_tag","embeddable":true,"href":"https:\/\/roveyayinevi.com.tr\/index.php\/wp-json\/wp\/v2\/product_tag?post=741615"}],"curies":[{"name":"wp","href":"https:\/\/api.w.org\/{rel}","templated":true}]}}