{"id":741614,"date":"2025-08-28T00:53:15","date_gmt":"2025-08-27T21:53:15","guid":{"rendered":"https:\/\/roveyayinevi.com.tr\/index.php\/urun\/nar-kitabi-2\/"},"modified":"2026-04-16T02:52:47","modified_gmt":"2026-04-15T23:52:47","slug":"nar-kitabi-2","status":"publish","type":"product","link":"https:\/\/roveyayinevi.com.tr\/index.php\/urun\/nar-kitabi-2\/","title":{"rendered":"Nar Kitab\u0131"},"content":{"rendered":"<p>Faruk Duman, 2001 y\u0131l\u0131nda \u00e7\u0131kan Nar Kitab\u0131\u2019nda, anlam\u0131n\u0131 s\u00f6zc\u00fcklerin \u00e7a\u011fr\u0131\u015f\u0131mlar\u0131yla \u00e7o\u011faltan, yo\u011funla\u015ft\u0131r\u0131lm\u0131\u015f bir dilin imgelerle y\u00fckl\u00fc d\u00fcnyas\u0131na g\u00f6t\u00fcr\u00fcyor okurunu. Cenkler anlat\u0131yor, d\u00fc\u011f\u00fcnler, dernekler, masals\u0131 a\u015fklar, hatta masallar anlat\u0131yor; konaklarla, atlarla, k\u0131l\u0131\u00e7larla, sevdalarla dolu topraklarda dola\u015ft\u0131r\u0131yor.   Benzersiz bir ustal\u0131kla yarat\u0131lm\u0131\u015f \u00f6l\u00e7\u00fcl\u00fc, \u015fiirsel diliyle \u00f6ne \u00e7\u0131k\u0131yor Nar Kitab\u0131.   \u201cGece vaktiydi. Geceye meydan okumayd\u0131. S\u00f6ylenenlere g\u00f6re \u2013ki bu hi\u00e7bir zaman tam olarak bilinemeyecek\u2013 babam, annemin ba\u015f\u0131na k\u00f6t\u00fc i\u015fler a\u00e7an bir yana\u015fmay\u0131 \u00f6ld\u00fcr\u00fcp bir yerlere g\u00f6mm\u00fc\u015f. Herkesin bildi\u011fi bu ger\u00e7ek, ortak bir s\u0131rra d\u00f6n\u00fc\u015fm\u00fc\u015f, k\u0131sa bir s\u00fcre i\u00e7inde. Ger\u00e7i kimsenin kimseden bir sakl\u0131s\u0131n\u0131n olmas\u0131na gerek yokmu\u015f, ama b\u00f6yle olmu\u015f yine de. Ne tuhaf. Bir yalan\u0131 \u2013a\u015fik\u00e2r bir yalan\u0131\u2013 iki ki\u015finin, \u00fc\u00e7 ki\u015finin, dahas\u0131, bir k\u00f6y\u00fcn konu\u015fmas\u0131. Dahas\u0131, yalan\u0131n dallan\u0131p budaklanmas\u0131. \u00d6yle ya, yalana bir c\u00fcmle eklemekten daha zevkli ne olabilir. K\u00f6t\u00fc m\u00fc, kendi b\u00fcy\u00fckl\u00fc\u011f\u00fcnde bir yalan\u0131m i\u015fte, Kelime\u2019yim ben.\u201d <\/p>\n","protected":false},"excerpt":{"rendered":"<p>Faruk Duman, 2001 y\u0131l\u0131nda \u00e7\u0131kan Nar Kitab\u0131\u2019nda, anlam\u0131n\u0131 s\u00f6zc\u00fcklerin \u00e7a\u011fr\u0131\u015f\u0131mlar\u0131yla \u00e7o\u011faltan, yo\u011funla\u015ft\u0131r\u0131lm\u0131\u015f bir dilin imgelerle y\u00fckl\u00fc d\u00fcnyas\u0131na g\u00f6t\u00fcr\u00fcyor okurunu. Cenkler anlat\u0131yor, d\u00fc\u011f\u00fcnler, dernekler, masals\u0131 a\u015fklar, hatta<span class=\"excerpt-hellip\"> [\u2026]<\/span><\/p>\n","protected":false},"featured_media":0,"template":"","meta":{"_monsterinsights_skip_tracking":false,"_monsterinsights_sitenote_active":false,"_monsterinsights_sitenote_note":"","_monsterinsights_sitenote_category":0},"product_brand":[],"product_cat":[12291,12711],"product_tag":[],"class_list":{"0":"post-741614","1":"product","2":"type-product","3":"status-publish","5":"product_cat-edebiyat","6":"product_cat-roman-oyku","7":"pa_cilt-ciltsiz","8":"pa_tur-kitap","9":"pa_yayinevi-yapi-kredi-yayinlari","10":"pa_yazar-faruk-duman","12":"first","13":"instock","14":"sale","15":"shipping-taxable","16":"purchasable","17":"product-type-simple"},"_links":{"self":[{"href":"https:\/\/roveyayinevi.com.tr\/index.php\/wp-json\/wp\/v2\/product\/741614","targetHints":{"allow":["GET"]}}],"collection":[{"href":"https:\/\/roveyayinevi.com.tr\/index.php\/wp-json\/wp\/v2\/product"}],"about":[{"href":"https:\/\/roveyayinevi.com.tr\/index.php\/wp-json\/wp\/v2\/types\/product"}],"wp:attachment":[{"href":"https:\/\/roveyayinevi.com.tr\/index.php\/wp-json\/wp\/v2\/media?parent=741614"}],"wp:term":[{"taxonomy":"product_brand","embeddable":true,"href":"https:\/\/roveyayinevi.com.tr\/index.php\/wp-json\/wp\/v2\/product_brand?post=741614"},{"taxonomy":"product_cat","embeddable":true,"href":"https:\/\/roveyayinevi.com.tr\/index.php\/wp-json\/wp\/v2\/product_cat?post=741614"},{"taxonomy":"product_tag","embeddable":true,"href":"https:\/\/roveyayinevi.com.tr\/index.php\/wp-json\/wp\/v2\/product_tag?post=741614"}],"curies":[{"name":"wp","href":"https:\/\/api.w.org\/{rel}","templated":true}]}}