{"id":741613,"date":"2025-08-28T00:53:13","date_gmt":"2025-08-27T21:53:13","guid":{"rendered":"https:\/\/roveyayinevi.com.tr\/index.php\/urun\/nedime\/"},"modified":"2026-04-16T02:52:47","modified_gmt":"2026-04-15T23:52:47","slug":"nedime","status":"publish","type":"product","link":"https:\/\/roveyayinevi.com.tr\/index.php\/urun\/nedime\/","title":{"rendered":"Nedime"},"content":{"rendered":"<p>Ola\u011fan\u00fcst\u00fc bir kad\u0131n Anne Glenconner. Babas\u0131, \u0130ngiltere\u2019nin en b\u00fcy\u00fck arazilerinden birinin sahibi 5. Leicester Kontu olmas\u0131na ra\u011fmen, cinsiyeti nedeniyle mirastan pay alamayaca\u011f\u0131 i\u00e7in nitelikli bir e\u015f bulmas\u0131 \u00f6\u011f\u00fctlenerek b\u00fcy\u00fct\u00fclm\u00fc\u015f. G\u00f6nl\u00fcn\u00fc kapt\u0131rd\u0131\u011f\u0131 Colin Tennant\u2019la evlenip y\u0131llarca kocas\u0131n\u0131n \u00f6fke n\u00f6betleriyle m\u00fccadele etti\u011fi evlili\u011fini e\u015finin \u00f6l\u00fcm\u00fcne kadar, elli d\u00f6rt y\u0131l boyunca s\u00fcrd\u00fcrm\u00fc\u015f.   Hep u\u00e7larda ya\u015fam\u0131\u015f biri Anne Glenconner. Bir an para\u015f\u00fct kuma\u015f\u0131ndan dikilen elbiseyle sosyeteye takdim edilirken, bir an sonra ayn\u0131 merdivenlerde \u0130ngiltere\u2019nin g\u00f6zde tasar\u0131mc\u0131lar\u0131ndan birinin dikti\u011fi gelinlikle boy g\u00f6stermi\u015f. \u015ea\u015faal\u0131 d\u00fc\u011f\u00fcn\u00fcn\u00fcn ard\u0131ndan Paris\u2019in en k\u00f6hne sokaklar\u0131na s\u00fcr\u00fcklemi\u015f onu kocas\u0131. Amerika\u2019da, seramik satarken Krali\u00e7e Elizabeth\u2019in ta\u00e7 giyme t\u00f6reninde nedime olmak \u00fczere davet edilmi\u015f. Bir an Krali\u00e7e\u2019ye en yak\u0131nken birka\u00e7 saat sonra halk\u0131n aras\u0131ndan ona el sallamaya \u00e7al\u0131\u015fm\u0131\u015f. Hayat\u0131 boyunca b\u00f6yle olmu\u015f: Bir an ihti\u015famla sar\u0131l\u0131p sarmalan\u0131rken bir an r\u00fcyas\u0131nda g\u00f6rd\u00fc\u011f\u00fcn\u00fc zannettirecek kadar ihti\u015famdan uzak kalm\u0131\u015f.   Hayat ne getirirse kabullenip ya\u015famaya devam etmi\u015f biri Anne Glenconner. Bir yanda Prenses Margaret\u2019in nedimesi olarak kat\u0131ld\u0131\u011f\u0131 kraliyet etkinlikleri, diplomatik seyahatler, Colin\u2019in sat\u0131n ald\u0131\u011f\u0131 adada verilen partiler, g\u00fcnlerce s\u00fcren, y\u0131ld\u0131zlar ge\u00e7idine d\u00f6nen l\u00fcks do\u011fum g\u00fcn\u00fc kutlamalar\u0131&#8230; \u00d6b\u00fcr yanda sorunlu evlili\u011fi, iki \u00e7ocu\u011funun \u00f6l\u00fcm\u00fc, birinin \u00f6l\u00fcmden d\u00f6nmesi, hayat\u0131 boyunca birlikte en \u00e7ok g\u00fcld\u00fc\u011f\u00fc ki\u015fi olan Prenses Margaret\u2019in kayb\u0131\u2026 Zor bir hayat\u0131 olmu\u015f Glenconner\u2019\u0131n ama o her \u015feye ra\u011fmen hayat\u0131n hakk\u0131n\u0131 vermi\u015f, h\u00e2l\u00e2 da veriyor.   Nedime\u2019de s\u0131ra d\u0131\u015f\u0131 hayat\u0131n\u0131 g\u00f6zler \u00f6n\u00fcne seriyor Glenconner. \u00dcstelik bunu \u00f6yle zarif ve ustal\u0131kl\u0131 bir dille anlat\u0131yor ki kitab\u0131 bitirdi\u011finizde adeta b\u00fct\u00fcn o y\u0131llara Glenconner\u2019\u0131n yan\u0131 ba\u015f\u0131ndan tan\u0131kl\u0131k etmi\u015f gibi hissediyorsunuz. <\/p>\n","protected":false},"excerpt":{"rendered":"<p>Ola\u011fan\u00fcst\u00fc bir kad\u0131n Anne Glenconner. Babas\u0131, \u0130ngiltere\u2019nin en b\u00fcy\u00fck arazilerinden birinin sahibi 5. Leicester Kontu olmas\u0131na ra\u011fmen, cinsiyeti nedeniyle mirastan pay alamayaca\u011f\u0131 i\u00e7in nitelikli bir e\u015f<span class=\"excerpt-hellip\"> [\u2026]<\/span><\/p>\n","protected":false},"featured_media":0,"template":"","meta":{"_monsterinsights_skip_tracking":false,"_monsterinsights_sitenote_active":false,"_monsterinsights_sitenote_note":"","_monsterinsights_sitenote_category":0},"product_brand":[],"product_cat":[14009,12291],"product_tag":[],"class_list":{"0":"post-741613","1":"product","2":"type-product","3":"status-publish","5":"product_cat-biyografi-otobiyografi-edebiyat","6":"product_cat-edebiyat","7":"pa_cilt-ciltsiz","8":"pa_tur-kitap","9":"pa_yayinevi-yapi-kredi-yayinlari","10":"pa_yazar-anne-glenconner","12":"first","13":"instock","14":"sale","15":"shipping-taxable","16":"purchasable","17":"product-type-simple"},"_links":{"self":[{"href":"https:\/\/roveyayinevi.com.tr\/index.php\/wp-json\/wp\/v2\/product\/741613","targetHints":{"allow":["GET"]}}],"collection":[{"href":"https:\/\/roveyayinevi.com.tr\/index.php\/wp-json\/wp\/v2\/product"}],"about":[{"href":"https:\/\/roveyayinevi.com.tr\/index.php\/wp-json\/wp\/v2\/types\/product"}],"wp:attachment":[{"href":"https:\/\/roveyayinevi.com.tr\/index.php\/wp-json\/wp\/v2\/media?parent=741613"}],"wp:term":[{"taxonomy":"product_brand","embeddable":true,"href":"https:\/\/roveyayinevi.com.tr\/index.php\/wp-json\/wp\/v2\/product_brand?post=741613"},{"taxonomy":"product_cat","embeddable":true,"href":"https:\/\/roveyayinevi.com.tr\/index.php\/wp-json\/wp\/v2\/product_cat?post=741613"},{"taxonomy":"product_tag","embeddable":true,"href":"https:\/\/roveyayinevi.com.tr\/index.php\/wp-json\/wp\/v2\/product_tag?post=741613"}],"curies":[{"name":"wp","href":"https:\/\/api.w.org\/{rel}","templated":true}]}}