{"id":741612,"date":"2025-08-28T00:53:12","date_gmt":"2025-08-27T21:53:12","guid":{"rendered":"https:\/\/roveyayinevi.com.tr\/index.php\/urun\/kadim-ile-cedid-arasinda\/"},"modified":"2026-04-16T02:52:47","modified_gmt":"2026-04-15T23:52:47","slug":"kadim-ile-cedid-arasinda","status":"publish","type":"product","link":"https:\/\/roveyayinevi.com.tr\/index.php\/urun\/kadim-ile-cedid-arasinda\/","title":{"rendered":"Kadim ile Cedid Aras\u0131nda"},"content":{"rendered":"<p>\u201cBu ilmin [mus\u0131ki ilminin] k\u0131yl\u00fck\u00e2li [laf\u0131, dedikodusu] \u00e7oktur.\u201d H\u0131z\u0131r A\u011fa   \u201c\u0130stanbul\u2019un Yenikap\u0131 Mevlev\u00eehanesi \u015feyhlerinden Abd\u00fclb\u00e2ki N\u00e2s\u0131r Dede (1765-1821; \u015feyhli\u011fi 1804-1821) 1794 ile 1796 y\u0131llar\u0131 aras\u0131nda geleneksel Osmanl\u0131\/T\u00fcrk mus\u0131kisiyle ilgili \u00e7ok \u00f6nemli iki eser kaleme alm\u0131\u015ft\u0131r. Bunlar\u0131n ilki bu mus\u0131kinin kulland\u0131\u011f\u0131 perdeleri listeleyen, bunlar\u0131n nas\u0131l duyurulaca\u011f\u0131n\u0131 g\u00f6steren, us\u00fblleri, makam ve terkipleri s\u0131ralay\u0131p a\u00e7\u0131klayan ve mus\u0131ki icras\u0131 hakk\u0131nda baz\u0131 faydal\u0131 bilgiler de i\u00e7eren bir t\u00fcr mus\u0131ki teorisi kitab\u0131 olan Tedkik ve Tahkik\u2019le birlikte onun k\u0131sa bir il\u00e2vesidir (yani Zeyl). \u0130kincisi ise kendi geli\u015ftirdi\u011fi bir notalama sistemini a\u00e7\u0131klad\u0131ktan sonra buna \u00f6rnek olmak \u00fczere yeni bestelenmi\u015f birka\u00e7 mus\u0131ki eserini notaya ald\u0131\u011f\u0131 risaledir ve Tahririyet\u00fc\u2019l Mus\u0131ki [Mus\u0131kinin Yaz\u0131yla \u0130fadesi] ba\u015fl\u0131\u011f\u0131n\u0131 ta\u015f\u0131r. Bu eser genellikle Tahririye olarak bilinir. Yani Abd\u00fclb\u00e2ki N\u00e2s\u0131r Dede bir yandan m\u00fczi\u011fin teorisiyle u\u011fra\u015f\u0131rken, di\u011fer yandan da eser besteleyip mus\u0131ki icra etmi\u015f (kendisi neyzendi, Yenikap\u0131 Mevlev\u00eehanesi\u2019nde neyzenba\u015f\u0131l\u0131k yapm\u0131\u015ft\u0131) ve bu icran\u0131n k\u00e2\u011f\u0131da d\u00f6k\u00fclmesini sa\u011flayacak bir notalama sistemi geli\u015ftirmi\u015ftir.\u201d   Cem Behar, Abd\u00fclb\u00e2ki N\u00e2s\u0131r Dede\u2019nin yap\u0131tlar\u0131 \u00fczerinden d\u00f6nemin mus\u0131ki anlay\u0131\u015f\u0131n\u0131, icra y\u00f6ntemlerini, arka planda ya\u015fanan toplumsal-siyas\u00ee geli\u015fmelerin ve geleneksel kad\u00eem ilimlere sirayet eden yeniliklerin mus\u0131kiye etkisini inceliyor.   Kad\u00eem ile Ced\u00eed Aras\u0131nda\u2019yla Cem Behar Osmanl\u0131\/T\u00fcrk mus\u0131kisi tarihine ili\u015fkin, d\u00fcz tarih\u00e7ili\u011fin s\u0131n\u0131rlar\u0131n\u0131 a\u015fan \u00e7al\u0131\u015fmalar\u0131na bir yenisini ekliyor. <\/p>\n","protected":false},"excerpt":{"rendered":"<p>\u201cBu ilmin [mus\u0131ki ilminin] k\u0131yl\u00fck\u00e2li [laf\u0131, dedikodusu] \u00e7oktur.\u201d H\u0131z\u0131r A\u011fa \u201c\u0130stanbul\u2019un Yenikap\u0131 Mevlev\u00eehanesi \u015feyhlerinden Abd\u00fclb\u00e2ki N\u00e2s\u0131r Dede (1765-1821; \u015feyhli\u011fi 1804-1821) 1794 ile 1796 y\u0131llar\u0131 aras\u0131nda geleneksel<span class=\"excerpt-hellip\"> [\u2026]<\/span><\/p>\n","protected":false},"featured_media":0,"template":"","meta":{"_monsterinsights_skip_tracking":false,"_monsterinsights_sitenote_active":false,"_monsterinsights_sitenote_note":"","_monsterinsights_sitenote_category":0},"product_brand":[],"product_cat":[12370,12304],"product_tag":[],"class_list":{"0":"post-741612","1":"product","2":"type-product","3":"status-publish","5":"product_cat-arastirma-inceleme","6":"product_cat-tarih","7":"pa_cilt-ciltsiz","8":"pa_tur-kitap","9":"pa_yayinevi-yapi-kredi-yayinlari","10":"pa_yazar-cem-behar","12":"first","13":"instock","14":"sale","15":"shipping-taxable","16":"purchasable","17":"product-type-simple"},"_links":{"self":[{"href":"https:\/\/roveyayinevi.com.tr\/index.php\/wp-json\/wp\/v2\/product\/741612","targetHints":{"allow":["GET"]}}],"collection":[{"href":"https:\/\/roveyayinevi.com.tr\/index.php\/wp-json\/wp\/v2\/product"}],"about":[{"href":"https:\/\/roveyayinevi.com.tr\/index.php\/wp-json\/wp\/v2\/types\/product"}],"wp:attachment":[{"href":"https:\/\/roveyayinevi.com.tr\/index.php\/wp-json\/wp\/v2\/media?parent=741612"}],"wp:term":[{"taxonomy":"product_brand","embeddable":true,"href":"https:\/\/roveyayinevi.com.tr\/index.php\/wp-json\/wp\/v2\/product_brand?post=741612"},{"taxonomy":"product_cat","embeddable":true,"href":"https:\/\/roveyayinevi.com.tr\/index.php\/wp-json\/wp\/v2\/product_cat?post=741612"},{"taxonomy":"product_tag","embeddable":true,"href":"https:\/\/roveyayinevi.com.tr\/index.php\/wp-json\/wp\/v2\/product_tag?post=741612"}],"curies":[{"name":"wp","href":"https:\/\/api.w.org\/{rel}","templated":true}]}}