{"id":741610,"date":"2025-08-28T00:53:10","date_gmt":"2025-08-27T21:53:10","guid":{"rendered":"https:\/\/roveyayinevi.com.tr\/index.php\/urun\/zaman-kaybolmaz-ciltli\/"},"modified":"2026-03-17T02:59:10","modified_gmt":"2026-03-16T23:59:10","slug":"zaman-kaybolmaz-ciltli","status":"publish","type":"product","link":"https:\/\/roveyayinevi.com.tr\/index.php\/urun\/zaman-kaybolmaz-ciltli\/","title":{"rendered":"Zaman Kaybolmaz (Ciltli)"},"content":{"rendered":"<p>&#8220;Zaman\u0131n kaybolmu\u015fu yoktur. Ya\u015fanan her \u015fey, m\u00fcspet, menfi, bizi in\u015fa eder. Yaln\u0131z bizi de\u011fil, bizden sonraki ku\u015faklar\u0131 da\u2026 Ya\u015fad\u0131klar\u0131m\u0131z\u0131 an\u0131nda belki en iyi \u015fekilde in\u015fa edemeyiz. Ama, onlar\u0131 de\u011ferlendirdi\u011fimiz vakit; gelecek daha emin olur. Hayat \u201cgemi\u201dmi bilmiyorum; \u201cgemicilik\u201d oldu\u011fu ger\u00e7ektir. Ya\u015fand\u0131k\u00e7a ve ak\u0131lda tutulduk\u00e7a daha iyi seyr\u00fcsefer ederiz. Herkes kendi talihinin mimar\u0131d\u0131r. Ya\u015fad\u0131klar\u0131, an be an insan\u0131 olu\u015fturur ve arkas\u0131nda b\u0131rakt\u0131klar\u0131, fark\u0131na varmadan \u00f6n\u00fcne ge\u00e7er. Kader, gaipten yaz\u0131lmaz. \u0130nsan, kaderini kendi yazar.&#8221; \u0130lber Ortayl\u0131   Ya\u015fam tecr\u00fcbesini payla\u015fmay\u0131 seven, zaman\u0131 koklayan ve her ya\u015f\u0131nda kendisine ayr\u0131 \u00f6devler \u00e7\u0131karan, \u0130stanbul \u00e2\u015f\u0131\u011f\u0131 nadide bir entelekt\u00fcel \u0130lber Ortayl\u0131. O, T\u00fcrk tarih\u00e7ili\u011finin d\u00fcnyadaki en \u00f6nemli isimlerinden biri olarak sadece tarihseverler i\u00e7in de\u011fil, \u00f6mr\u00fcn\u00fc g\u00fczel bi\u00e7imde ya\u015famak isteyenlere de bir rehber oldu daima. \u0130lber Ortayl\u0131\u2019n\u0131n ya\u015fam\u00f6yk\u00fcs\u00fcn\u00fc okurlara sunan Zaman Kaybolmaz, nehir s\u00f6yle\u015fi lezzetini her ya\u015ftan okura tatt\u0131r\u0131rken bir tarih\u00e7inin \u00e7ocuklu\u011funu, e\u011fitim hayat\u0131n\u0131, yeti\u015fti\u011fi iklimi, \u00e7evresindeki miza\u00e7lar\u0131, tutkuya d\u00f6n\u00fc\u015fm\u00fc\u015f me\u015fgalelerini, de\u011fi\u015fen \u015fehirlere ve \u00fclkelere dair g\u00f6zlemlerini, k\u0131sacas\u0131 hayat\u0131n b\u00fct\u00fcn\u00fcne olan yakla\u015f\u0131m\u0131n\u0131 da ortaya seriyor. Bu anlamda bir tecr\u00fcbeler kitab\u0131 olarak da okunabilir. Zaman Kaybolmaz\u2019\u0131n sayfalar\u0131n\u0131 \u00e7eviren t\u00fcm okurlar; \u0130lber Ortayl\u0131\u2019n\u0131n engin an\u0131lar yuma\u011f\u0131n\u0131 \u00e7\u00f6zerken kendi hayatlar\u0131na e\u015fsiz pratikler kazand\u0131racak, ya\u015fama daha farkl\u0131 bir pencereden bakma imk\u00e2n\u0131 bulacak, b\u00f6ylece daha anlaml\u0131 bir hayat\u0131n pe\u015finden gidecekler hi\u00e7 \u015f\u00fcphesiz\u2026 <\/p>\n","protected":false},"excerpt":{"rendered":"<p>&#8220;Zaman\u0131n kaybolmu\u015fu yoktur. Ya\u015fanan her \u015fey, m\u00fcspet, menfi, bizi in\u015fa eder. Yaln\u0131z bizi de\u011fil, bizden sonraki ku\u015faklar\u0131 da\u2026 Ya\u015fad\u0131klar\u0131m\u0131z\u0131 an\u0131nda belki en iyi \u015fekilde in\u015fa edemeyiz.<span class=\"excerpt-hellip\"> [\u2026]<\/span><\/p>\n","protected":false},"featured_media":0,"template":"","meta":{"_monsterinsights_skip_tracking":false,"_monsterinsights_sitenote_active":false,"_monsterinsights_sitenote_note":"","_monsterinsights_sitenote_category":0},"product_brand":[],"product_cat":[12291,30969],"product_tag":[],"class_list":{"0":"post-741610","1":"product","2":"type-product","3":"status-publish","5":"product_cat-edebiyat","6":"product_cat-soylesi-edebiyat","7":"pa_cilt-ciltli","8":"pa_tur-kitap","9":"pa_yayinevi-kronik-kitap","10":"pa_yazar-ilber-ortayli","12":"first","13":"instock","14":"sale","15":"shipping-taxable","16":"purchasable","17":"product-type-simple"},"_links":{"self":[{"href":"https:\/\/roveyayinevi.com.tr\/index.php\/wp-json\/wp\/v2\/product\/741610","targetHints":{"allow":["GET"]}}],"collection":[{"href":"https:\/\/roveyayinevi.com.tr\/index.php\/wp-json\/wp\/v2\/product"}],"about":[{"href":"https:\/\/roveyayinevi.com.tr\/index.php\/wp-json\/wp\/v2\/types\/product"}],"wp:attachment":[{"href":"https:\/\/roveyayinevi.com.tr\/index.php\/wp-json\/wp\/v2\/media?parent=741610"}],"wp:term":[{"taxonomy":"product_brand","embeddable":true,"href":"https:\/\/roveyayinevi.com.tr\/index.php\/wp-json\/wp\/v2\/product_brand?post=741610"},{"taxonomy":"product_cat","embeddable":true,"href":"https:\/\/roveyayinevi.com.tr\/index.php\/wp-json\/wp\/v2\/product_cat?post=741610"},{"taxonomy":"product_tag","embeddable":true,"href":"https:\/\/roveyayinevi.com.tr\/index.php\/wp-json\/wp\/v2\/product_tag?post=741610"}],"curies":[{"name":"wp","href":"https:\/\/api.w.org\/{rel}","templated":true}]}}